{"id":3745,"date":"2018-06-02T19:02:12","date_gmt":"2018-06-02T19:02:12","guid":{"rendered":"https:\/\/azen.connectionthemes.com\/atividades\/paintball\/"},"modified":"2025-04-09T06:40:07","modified_gmt":"2025-04-09T06:40:07","slug":"paintball","status":"publish","type":"page","link":"https:\/\/azen.pt\/pt-pt\/atividades\/paintball\/","title":{"rendered":"PaintBall"},"content":{"rendered":"<p>[vc_row][vc_column width=&#8221;1\/2&#8243;][\/vc_column][\/vc_row][vc_row][vc_column width=&#8221;7\/12&#8243;]\t\t\t<div\r\n\t\t\t\tclass=\"main_title  text-left  \">\r\n\t\t\t\t<h2 class=\"title\">Paintball<\/h2>\r\n\t\t\t\t\t\t\t<\/div>\r\n\t\t[vc_column_text]Venha jogar Paintball no Azen Park, um dos parques pioneiros da modalidade em Portugal, localizado a 15 minutos do centro de Sintra, perto da praia das Azenhas do Mar. Com mais de 20 anos de experi\u00eancia aliados \u00e1 envolv\u00eancia natural do nosso espa\u00e7o, os nossos jogos de Paintball proporcionam momentos inesquec\u00edveis, plenos de adrenalina e divers\u00e3o.<\/p>\n<p>2 op\u00e7\u00f5es de Paintball dispon\u00edveis:<\/p>\n<p>Marcadores Calibre 50 &#8211; medidor de paintball mais leve e menor, recomendado para 10-14 anos<br \/>\nMarcadores Calibre 68 &#8211; Adultos<br \/>\nAl\u00e9m disso, temos uma equipe experiente de \u00e1rbitros prontos para dar todo o suporte e acompanhar seu grupo pelos nossos cen\u00e1rios de Paintball.[\/vc_column_text]\r\n        \r\n        <style>\r\n\t\t\t\t#btn-container-l1f1c {\r\n\t\t\t\t\tfont-size: 15px;\r\n\t\t\t\t\tfont-weight: bold;\r\n\t\t\t\t}\r\n        #btn-l1f1c {\r\n        \tbackground: #294426;\r\n\t\t\t\t\tborder-style: solid;\r\n        \tborder-color: #294426;\r\n\t\t\t\t\tborder-width: 2px;\r\n        \tcolor: #ffffff;\r\n\t\t\t\t\tpadding: 10px 20px;\r\n\t\t\t\t\tborder-radius: 2px;\r\n\t\t\t\t\tfont-size: 15px;\r\n\t\t\t\t\tline-height: 15px;\r\n\t\t\t\t\t\t\t\t\t\t\t\t\t\t\tfont-weight: bold;\r\n        }\r\n\r\n\t\t\t\t#btn-l1f1c:hover {\r\n\t\t\t\t\tbackground: #325e43;\r\n\t\t\t\t\tborder-color: #294426;\r\n\t\t\t\t\tcolor: #ffffff;\r\n\t\t\t\t\t\t\t\t\t\t\t\t\t\t\t\r\n\t\t\t\t}\r\n\r\n\t\t    #btn-l1f1c i {\r\n\t\t\t\t\tright: 14px;\r\n\t\t\t\t\tmargin-top: 0;\r\n\t\t\t\t\tvertical-align: middle;\r\n\t\t\t\t\tborder-radius: 50%;\r\n\t\t\t\t\tline-height: 20px;\r\n\t\t\t\t\theight: 20px;\r\n\t\t\t\t\twidth: 20px;\r\n\t\t\t\t\tbackground: #1dc1f8;\r\n\t\t\t\t\tmargin-left: 8px;\r\n\t\t\t\t\tmargin-right: 0;\r\n\t\t\t\t\tcolor: #ffffff;\r\n\t\t\t\t\tfont-size: 8px;\r\n\t\t\t\t\ttext-align: center;\r\n\t\t\t\t}\r\n\r\n\t\t\t\t #btn-l1f1c:hover i {\r\n\t\t\t\t \tbackground: #ffffff;\r\n\t\t\t\t\tcolor: #1dc1f8;\r\n\t\t\t\t }\r\n\r\n        <\/style>\r\n\r\n\t\t<!-- BUTTON -->\r\n        <div id=\"btn-container-l1f1c\" class=\"text-left\">\r\n\t\t\t\r\n\t\t\t\t\t<a href=\"#bookly-form\" id=\"btn-l1f1c\" class=\"btn \" target=\"_self\">\r\n\t\t\t\t\t\tReservar\t\t\t\t\t\t\t\t\t\t\t<\/a>\r\n\t\t\t\t\t        <\/div>\r\n\r\n        [vc_empty_space][\/vc_column][vc_column width=&#8221;5\/12&#8243;][vc_row_inner][vc_column_inner width=&#8221;1\/2&#8243;][vc_single_image image=&#8221;3431&#8243; img_size=&#8221;full&#8221;][vc_single_image image=&#8221;3440&#8243; img_size=&#8221;full&#8221;][\/vc_column_inner][vc_column_inner width=&#8221;1\/2&#8243;][vc_single_image image=&#8221;3439&#8243; img_size=&#8221;full&#8221;][vc_single_image image=&#8221;3441&#8243; img_size=&#8221;full&#8221;][\/vc_column_inner][\/vc_row_inner][\/vc_column][\/vc_row][vc_row][vc_column][vc_column_text]<\/p>\n<h2>Equipamento<\/h2>\n<p>Todo o equipamento fornecido \u00e9 adequado para a atividade e todo o material \u00e9 homologado e certificado, incluindo colete de prote\u00e7\u00e3o, luvas e prote\u00e7\u00e3o de pesco\u00e7o como oferta em todas as op\u00e7\u00f5es.<\/p>\n<p>As bolas de paintball s\u00e3o biodegrad\u00e1veis e n\u00e3o s\u00e3o prejudiciais \u00e0 sa\u00fade ou ao meio ambiente.<\/p>\n<p><span style=\"text-decoration: underline;\">Dica<\/span>: A roupa deve ser confort\u00e1vel para a pr\u00e1tica de exerc\u00edcios f\u00edsicos e deve-se usar t\u00eanis, botas ou sapatos com solado de borracha.<\/p>\n<p>&nbsp;<\/p>\n<h2>Aspectos Chave<\/h2>\n<ul>\n<li>Monitores experientes<\/li>\n<li>Cen\u00e1rio Arborizado<\/li>\n<li>Jogos seguros<\/li>\n<\/ul>\n<p>&nbsp;<\/p>\n<div class=\"kc-elm kc-css-64362 kc_text_block\">\n<h2>Informa\u00e7\u00f5es da atividade<\/h2>\n<\/div>\n<div class=\"kc-elm kc-css-830683 kc_row kc_row_inner\">\n<div class=\"kc-elm kc-css-696033 kc_col-sm-11 kc_column_inner kc_col-sm-11\">\n<div class=\"kc_wrapper kc-col-inner-container\">\n<div class=\"kc-elm kc-css-286232 kc_text_block\">\n<ul>\n<li>Dura\u00e7\u00e3o m\u00e9dia: At\u00e9 4 horas<\/li>\n<li>Idade M\u00ednima: 9 anos<\/li>\n<li>N\u00famero m\u00ednimo de participantes: 10<\/li>\n<li>Lanche\n<ul>\n<li>Se quiser trazer de casa: 50\u20ac (taxa de utiliza\u00e7\u00e3o de espa\u00e7o)<\/li>\n<li>Lanche Azen Park 1 (Sandes mista, salgado, barra, pe\u00e7a de fruta e sumo): 7.5o\u20ac por pessoa<\/li>\n<li>Lanche Azen Park 2 (3 fatias de pizza, sumo, salgado, pe\u00e7a de fruta): 10\u20ac por pessoa<\/li>\n<\/ul>\n<\/li>\n<\/ul>\n<p class=\"p1\"><strong><span class=\"s1\">Aviso<\/span>:<\/strong> Confirma\u00e7\u00e3o do n\u00famero correto de pessoas at\u00e9 24h antes do dia da atividade. A Azen Park reserva o direito de cobrar a totalidade do n\u00famero de pessoas reservado. Caso no dia compare\u00e7am menos pessoas do que o n\u00famero m\u00ednimo requerido, \u00e9 aplicado o valor de tabela.<\/p>\n<\/div>\n<\/div>\n<\/div>\n<\/div>\n<div class=\"kc-elm kc-css-535464 kc_row kc_row_inner\">\n<div class=\"kc-elm kc-css-447780 kc_col-sm-11 kc_column_inner kc_col-sm-11\">\n<div class=\"kc_wrapper kc-col-inner-container\">\n<div class=\"kc-elm kc-css-372174 kc_text_block\">\n<p class=\"p1\">\n<\/div>\n<\/div>\n<\/div>\n<\/div>\n<p>[\/vc_column_text][vc_empty_space height=&#8221;20&#8243;][\/vc_column][\/vc_row][vc_row][vc_column]\t\t\t<div\r\n\t\t\t\tclass=\"main_title  text-left  \">\r\n\t\t\t\t<h2 class=\"title\">Pre\u00e7os<\/h2>\r\n\t\t\t\t\t\t\t<\/div>\r\n\t\t[\/vc_column][\/vc_row][vc_row][vc_column width=&#8221;1\/2&#8243;]\r\n\t\t\r\n\t\t\t<!-- RESTAURANT MENU ITEM -->\r\n\t\t\t<div class=\"restaurant-menu-item\">\r\n\t\t\t\t<div class=\"row\">\r\n\t\t\t\t\t\t<div class=\"col-lg-4 col-md-6\">\r\n\t\t\t\t\t\t\t<figure>\r\n\t\t\t\t\t\t\t\t<img src=\"https:\/\/azen.pt\/wp-content\/uploads\/2022\/08\/Paintball_-equipamento_Trocatintas-e1563364652775-1024x734-1.jpeg\" class=\"img-responsive full_width\" alt=\"100 bolas\">\r\n\t\t\t\t\t\t\t<\/figure>\r\n\t\t\t\t\t\t<\/div>\r\n\t\t\t\t\t\t<div class=\"col-lg-8 col-md-6\">\r\n\t\t\t\t\t\t\t<div class=\"info\">\r\n\t\t\t\t\t\t\t\t<div class=\"title\">\r\n\t\t\t\t\t\t\t\t<span class=\"name\">100 bolas<\/span>\r\n\t\t\t\t\t\t\t\t\t<span class=\"price\">\r\n\t\t\t\t\t\t\t\t\t<span class=\"amount\">\u20ac20<\/span>\r\n\t\t\t\t\t\t\t\t\t<\/span>\r\n\t\t\t\t\t\t\t\t<\/div>\r\n\t\t\t\t\t\t\t\t<p>Pre\u00e7o inclui Marcador Semi-Autom\u00e1tico e m\u00e1scara.<\/p>\r\n\t\t\t\t\t\t\t<\/div>\r\n\t\t\t\t\t\t<\/div>\r\n\t\t\t\t<\/div>\r\n\t\t\t<\/div>\r\n\r\n\t\t\r\n\t\t\r\n\t\t\t<!-- RESTAURANT MENU ITEM -->\r\n\t\t\t<div class=\"restaurant-menu-item\">\r\n\t\t\t\t<div class=\"row\">\r\n\t\t\t\t\t\t<div class=\"col-lg-4 col-md-6\">\r\n\t\t\t\t\t\t\t<figure>\r\n\t\t\t\t\t\t\t\t<img src=\"https:\/\/azen.pt\/wp-content\/uploads\/2022\/08\/Paintball_-equipamento_Trocatintas-e1563364652775-1024x734-1.jpeg\" class=\"img-responsive full_width\" alt=\"200 bolas\">\r\n\t\t\t\t\t\t\t<\/figure>\r\n\t\t\t\t\t\t<\/div>\r\n\t\t\t\t\t\t<div class=\"col-lg-8 col-md-6\">\r\n\t\t\t\t\t\t\t<div class=\"info\">\r\n\t\t\t\t\t\t\t\t<div class=\"title\">\r\n\t\t\t\t\t\t\t\t<span class=\"name\">200 bolas<\/span>\r\n\t\t\t\t\t\t\t\t\t<span class=\"price\">\r\n\t\t\t\t\t\t\t\t\t<span class=\"amount\">\u20ac23<\/span>\r\n\t\t\t\t\t\t\t\t\t<\/span>\r\n\t\t\t\t\t\t\t\t<\/div>\r\n\t\t\t\t\t\t\t\t<p>Pre\u00e7o inclui Marcador Semi-Autom\u00e1tico e m\u00e1scara.<\/p>\r\n\t\t\t\t\t\t\t<\/div>\r\n\t\t\t\t\t\t<\/div>\r\n\t\t\t\t<\/div>\r\n\t\t\t<\/div>\r\n\r\n\t\t\r\n\t\t\r\n\t\t\t<!-- RESTAURANT MENU ITEM -->\r\n\t\t\t<div class=\"restaurant-menu-item\">\r\n\t\t\t\t<div class=\"row\">\r\n\t\t\t\t\t\t<div class=\"col-lg-4 col-md-6\">\r\n\t\t\t\t\t\t\t<figure>\r\n\t\t\t\t\t\t\t\t<img src=\"https:\/\/azen.pt\/wp-content\/uploads\/2022\/08\/Paintball_-equipamento_Trocatintas-e1563364652775-1024x734-1.jpeg\" class=\"img-responsive full_width\" alt=\"300 bolas\">\r\n\t\t\t\t\t\t\t<\/figure>\r\n\t\t\t\t\t\t<\/div>\r\n\t\t\t\t\t\t<div class=\"col-lg-8 col-md-6\">\r\n\t\t\t\t\t\t\t<div class=\"info\">\r\n\t\t\t\t\t\t\t\t<div class=\"title\">\r\n\t\t\t\t\t\t\t\t<span class=\"name\">300 bolas<\/span>\r\n\t\t\t\t\t\t\t\t\t<span class=\"price\">\r\n\t\t\t\t\t\t\t\t\t<span class=\"amount\">\u20ac26<\/span>\r\n\t\t\t\t\t\t\t\t\t<\/span>\r\n\t\t\t\t\t\t\t\t<\/div>\r\n\t\t\t\t\t\t\t\t<p>Pre\u00e7o inclui Marcador Semi-Autom\u00e1tico e m\u00e1scara.<\/p>\r\n\t\t\t\t\t\t\t<\/div>\r\n\t\t\t\t\t\t<\/div>\r\n\t\t\t\t<\/div>\r\n\t\t\t<\/div>\r\n\r\n\t\t[\/vc_column][vc_column width=&#8221;1\/2&#8243;]\r\n\t\t\r\n\t\t\t<!-- RESTAURANT MENU ITEM -->\r\n\t\t\t<div class=\"restaurant-menu-item\">\r\n\t\t\t\t<div class=\"row\">\r\n\t\t\t\t\t\t<div class=\"col-lg-4 col-md-6\">\r\n\t\t\t\t\t\t\t<figure>\r\n\t\t\t\t\t\t\t\t<img src=\"https:\/\/azen.pt\/wp-content\/uploads\/2022\/08\/Paintball_-equipamento_Trocatintas-e1563364652775-1024x734-1.jpeg\" class=\"img-responsive full_width\" alt=\"400 bolas\">\r\n\t\t\t\t\t\t\t<\/figure>\r\n\t\t\t\t\t\t<\/div>\r\n\t\t\t\t\t\t<div class=\"col-lg-8 col-md-6\">\r\n\t\t\t\t\t\t\t<div class=\"info\">\r\n\t\t\t\t\t\t\t\t<div class=\"title\">\r\n\t\t\t\t\t\t\t\t<span class=\"name\">400 bolas<\/span>\r\n\t\t\t\t\t\t\t\t\t<span class=\"price\">\r\n\t\t\t\t\t\t\t\t\t<span class=\"amount\">\u20ac29<\/span>\r\n\t\t\t\t\t\t\t\t\t<\/span>\r\n\t\t\t\t\t\t\t\t<\/div>\r\n\t\t\t\t\t\t\t\t<p>Pre\u00e7o inclui Marcador Semi-Autom\u00e1tico e m\u00e1scara.<\/p>\r\n\t\t\t\t\t\t\t<\/div>\r\n\t\t\t\t\t\t<\/div>\r\n\t\t\t\t<\/div>\r\n\t\t\t<\/div>\r\n\r\n\t\t\r\n\t\t\r\n\t\t\t<!-- RESTAURANT MENU ITEM -->\r\n\t\t\t<div class=\"restaurant-menu-item\">\r\n\t\t\t\t<div class=\"row\">\r\n\t\t\t\t\t\t<div class=\"col-lg-4 col-md-6\">\r\n\t\t\t\t\t\t\t<figure>\r\n\t\t\t\t\t\t\t\t<img src=\"https:\/\/azen.pt\/wp-content\/uploads\/2022\/08\/Paintball_-equipamento_Trocatintas-e1563364652775-1024x734-1.jpeg\" class=\"img-responsive full_width\" alt=\"500 bolas\">\r\n\t\t\t\t\t\t\t<\/figure>\r\n\t\t\t\t\t\t<\/div>\r\n\t\t\t\t\t\t<div class=\"col-lg-8 col-md-6\">\r\n\t\t\t\t\t\t\t<div class=\"info\">\r\n\t\t\t\t\t\t\t\t<div class=\"title\">\r\n\t\t\t\t\t\t\t\t<span class=\"name\">500 bolas<\/span>\r\n\t\t\t\t\t\t\t\t\t<span class=\"price\">\r\n\t\t\t\t\t\t\t\t\t<span class=\"amount\">\u20ac32<\/span>\r\n\t\t\t\t\t\t\t\t\t<\/span>\r\n\t\t\t\t\t\t\t\t<\/div>\r\n\t\t\t\t\t\t\t\t<p>Pre\u00e7o inclui Marcador Semi-Autom\u00e1tico e m\u00e1scara.<\/p>\r\n\t\t\t\t\t\t\t<\/div>\r\n\t\t\t\t\t\t<\/div>\r\n\t\t\t\t<\/div>\r\n\t\t\t<\/div>\r\n\r\n\t\t[\/vc_column][\/vc_row][vc_row][vc_column width=&#8221;1\/2&#8243;][vc_column_text]<\/p>\n<h3>Extras<\/h3>\n<p>[\/vc_column_text]\r\n\t\t\r\n\t\t\t<!-- RESTAURANT MENU ITEM -->\r\n\t\t\t<div class=\"restaurant-menu-item\">\r\n\t\t\t\t<div class=\"row\">\r\n\t\t\t\t\t\t<div class=\"col-lg-4 col-md-6\">\r\n\t\t\t\t\t\t\t<figure>\r\n\t\t\t\t\t\t\t\t<img src=\"https:\/\/azen.pt\/wp-content\/uploads\/2022\/08\/Paintball_-equipamento_Trocatintas-e1563364652775-1024x734-1.jpeg\" class=\"img-responsive full_width\" alt=\"100 bolas\">\r\n\t\t\t\t\t\t\t<\/figure>\r\n\t\t\t\t\t\t<\/div>\r\n\t\t\t\t\t\t<div class=\"col-lg-8 col-md-6\">\r\n\t\t\t\t\t\t\t<div class=\"info\">\r\n\t\t\t\t\t\t\t\t<div class=\"title\">\r\n\t\t\t\t\t\t\t\t<span class=\"name\">100 bolas<\/span>\r\n\t\t\t\t\t\t\t\t\t<span class=\"price\">\r\n\t\t\t\t\t\t\t\t\t<span class=\"amount\">\u20ac6<\/span>\r\n\t\t\t\t\t\t\t\t\t<\/span>\r\n\t\t\t\t\t\t\t\t<\/div>\r\n\t\t\t\t\t\t\t\t<p><\/p>\r\n\t\t\t\t\t\t\t<\/div>\r\n\t\t\t\t\t\t<\/div>\r\n\t\t\t\t<\/div>\r\n\t\t\t<\/div>\r\n\r\n\t\t\r\n\t\t\r\n\t\t\t<!-- RESTAURANT MENU ITEM -->\r\n\t\t\t<div class=\"restaurant-menu-item\">\r\n\t\t\t\t<div class=\"row\">\r\n\t\t\t\t\t\t<div class=\"col-lg-4 col-md-6\">\r\n\t\t\t\t\t\t\t<figure>\r\n\t\t\t\t\t\t\t\t<img src=\"https:\/\/azen.pt\/wp-content\/uploads\/2022\/08\/Paintball_-equipamento_Trocatintas-e1563364652775-1024x734-1.jpeg\" class=\"img-responsive full_width\" alt=\"SACO C\/ 500 BOLAS\">\r\n\t\t\t\t\t\t\t<\/figure>\r\n\t\t\t\t\t\t<\/div>\r\n\t\t\t\t\t\t<div class=\"col-lg-8 col-md-6\">\r\n\t\t\t\t\t\t\t<div class=\"info\">\r\n\t\t\t\t\t\t\t\t<div class=\"title\">\r\n\t\t\t\t\t\t\t\t<span class=\"name\">SACO C\/ 500 BOLAS<\/span>\r\n\t\t\t\t\t\t\t\t\t<span class=\"price\">\r\n\t\t\t\t\t\t\t\t\t<span class=\"amount\">\u20ac25<\/span>\r\n\t\t\t\t\t\t\t\t\t<\/span>\r\n\t\t\t\t\t\t\t\t<\/div>\r\n\t\t\t\t\t\t\t\t<p><\/p>\r\n\t\t\t\t\t\t\t<\/div>\r\n\t\t\t\t\t\t<\/div>\r\n\t\t\t\t<\/div>\r\n\t\t\t<\/div>\r\n\r\n\t\t[\/vc_column][vc_column width=&#8221;1\/2&#8243;][vc_column_text]<\/p>\n<h3><\/h3>\n<p>[\/vc_column_text]\r\n\t\t\r\n\t\t\t<!-- RESTAURANT MENU ITEM -->\r\n\t\t\t<div class=\"restaurant-menu-item\">\r\n\t\t\t\t<div class=\"row\">\r\n\t\t\t\t\t\t<div class=\"col-lg-4 col-md-6\">\r\n\t\t\t\t\t\t\t<figure>\r\n\t\t\t\t\t\t\t\t<img src=\"https:\/\/azen.pt\/wp-content\/uploads\/2022\/08\/Paintball_-equipamento_Trocatintas-e1563364652775-1024x734-1.jpeg\" class=\"img-responsive full_width\" alt=\"saco c\/ 2000 bolas\">\r\n\t\t\t\t\t\t\t<\/figure>\r\n\t\t\t\t\t\t<\/div>\r\n\t\t\t\t\t\t<div class=\"col-lg-8 col-md-6\">\r\n\t\t\t\t\t\t\t<div class=\"info\">\r\n\t\t\t\t\t\t\t\t<div class=\"title\">\r\n\t\t\t\t\t\t\t\t<span class=\"name\">saco c\/ 2000 bolas<\/span>\r\n\t\t\t\t\t\t\t\t\t<span class=\"price\">\r\n\t\t\t\t\t\t\t\t\t<span class=\"amount\">\u20ac80<\/span>\r\n\t\t\t\t\t\t\t\t\t<\/span>\r\n\t\t\t\t\t\t\t\t<\/div>\r\n\t\t\t\t\t\t\t\t<p><\/p>\r\n\t\t\t\t\t\t\t<\/div>\r\n\t\t\t\t\t\t<\/div>\r\n\t\t\t\t<\/div>\r\n\t\t\t<\/div>\r\n\r\n\t\t\r\n\t\t\r\n\t\t\t<!-- RESTAURANT MENU ITEM -->\r\n\t\t\t<div class=\"restaurant-menu-item\">\r\n\t\t\t\t<div class=\"row\">\r\n\t\t\t\t\t\t<div class=\"col-lg-4 col-md-6\">\r\n\t\t\t\t\t\t\t<figure>\r\n\t\t\t\t\t\t\t\t<img src=\"https:\/\/azen.pt\/wp-content\/uploads\/2022\/08\/Paintball_-equipamento_Trocatintas-e1563364652775-1024x734-1.jpeg\" class=\"img-responsive full_width\" alt=\"Farda\">\r\n\t\t\t\t\t\t\t<\/figure>\r\n\t\t\t\t\t\t<\/div>\r\n\t\t\t\t\t\t<div class=\"col-lg-8 col-md-6\">\r\n\t\t\t\t\t\t\t<div class=\"info\">\r\n\t\t\t\t\t\t\t\t<div class=\"title\">\r\n\t\t\t\t\t\t\t\t<span class=\"name\">Farda<\/span>\r\n\t\t\t\t\t\t\t\t\t<span class=\"price\">\r\n\t\t\t\t\t\t\t\t\t<span class=\"amount\">\u20ac3<\/span>\r\n\t\t\t\t\t\t\t\t\t<\/span>\r\n\t\t\t\t\t\t\t\t<\/div>\r\n\t\t\t\t\t\t\t\t<p><\/p>\r\n\t\t\t\t\t\t\t<\/div>\r\n\t\t\t\t\t\t<\/div>\r\n\t\t\t\t<\/div>\r\n\t\t\t<\/div>\r\n\r\n\t\t[\/vc_column][\/vc_row][vc_row][vc_column width=&#8221;1\/2&#8243;][vc_column_text]<\/p>\n<h3>Pacotes<\/h3>\n<p>[\/vc_column_text]\r\n\t\t\r\n\t\t\t<!-- RESTAURANT MENU ITEM -->\r\n\t\t\t<div class=\"restaurant-menu-item\">\r\n\t\t\t\t<div class=\"row\">\r\n\t\t\t\t\t\t<div class=\"col-lg-4 col-md-6\">\r\n\t\t\t\t\t\t\t<figure>\r\n\t\t\t\t\t\t\t\t<img src=\"https:\/\/azen.pt\/wp-content\/uploads\/2022\/08\/Jogar-Paintball-crianc\u0327as-TT-3-1.jpeg\" class=\"img-responsive full_width\" alt=\"Paintball 100 bolas + Arborismo (m\u00ednimo 20 pessoas)\">\r\n\t\t\t\t\t\t\t<\/figure>\r\n\t\t\t\t\t\t<\/div>\r\n\t\t\t\t\t\t<div class=\"col-lg-8 col-md-6\">\r\n\t\t\t\t\t\t\t<div class=\"info\">\r\n\t\t\t\t\t\t\t\t<div class=\"title\">\r\n\t\t\t\t\t\t\t\t<span class=\"name\">Paintball 100 bolas + Arborismo (m\u00ednimo 20 pessoas)<\/span>\r\n\t\t\t\t\t\t\t\t\t<span class=\"price\">\r\n\t\t\t\t\t\t\t\t\t<span class=\"amount\">\u20ac30<\/span>\r\n\t\t\t\t\t\t\t\t\t<\/span>\r\n\t\t\t\t\t\t\t\t<\/div>\r\n\t\t\t\t\t\t\t\t<p>Pre\u00e7o por pessoa<\/p>\r\n\t\t\t\t\t\t\t<\/div>\r\n\t\t\t\t\t\t<\/div>\r\n\t\t\t\t<\/div>\r\n\t\t\t<\/div>\r\n\r\n\t\t[\/vc_column][vc_column width=&#8221;1\/2&#8243;][\/vc_column][\/vc_row][vc_row][vc_column width=&#8221;1\/2&#8243;][vc_column_text]<\/p>\n<h3 style=\"text-align: center;\">Com Almo\u00e7o<\/h3>\n<p>[\/vc_column_text]\r\n\t\t\r\n\t\t\t<!-- RESTAURANT MENU ITEM -->\r\n\t\t\t<div class=\"restaurant-menu-item\">\r\n\t\t\t\t<div class=\"row\">\r\n\t\t\t\t\t\t<div class=\"col-lg-4 col-md-6\">\r\n\t\t\t\t\t\t\t<figure>\r\n\t\t\t\t\t\t\t\t<img src=\"https:\/\/azen.pt\/wp-content\/uploads\/2022\/08\/Paintball-2.jpeg\" class=\"img-responsive full_width\" alt=\"Paintball 200 bolas + Menu Churrasco (m\u00ednimo 20 pessoas)\">\r\n\t\t\t\t\t\t\t<\/figure>\r\n\t\t\t\t\t\t<\/div>\r\n\t\t\t\t\t\t<div class=\"col-lg-8 col-md-6\">\r\n\t\t\t\t\t\t\t<div class=\"info\">\r\n\t\t\t\t\t\t\t\t<div class=\"title\">\r\n\t\t\t\t\t\t\t\t<span class=\"name\">Paintball 200 bolas + Menu Churrasco (m\u00ednimo 20 pessoas)<\/span>\r\n\t\t\t\t\t\t\t\t\t<span class=\"price\">\r\n\t\t\t\t\t\t\t\t\t<span class=\"amount\">\u20ac39<\/span>\r\n\t\t\t\t\t\t\t\t\t<\/span>\r\n\t\t\t\t\t\t\t\t<\/div>\r\n\t\t\t\t\t\t\t\t<p>Pre\u00e7o por pessoa<\/p>\r\n\t\t\t\t\t\t\t<\/div>\r\n\t\t\t\t\t\t<\/div>\r\n\t\t\t\t<\/div>\r\n\t\t\t<\/div>\r\n\r\n\t\t\r\n\t\t\r\n\t\t\t<!-- RESTAURANT MENU ITEM -->\r\n\t\t\t<div class=\"restaurant-menu-item\">\r\n\t\t\t\t<div class=\"row\">\r\n\t\t\t\t\t\t<div class=\"col-lg-4 col-md-6\">\r\n\t\t\t\t\t\t\t<figure>\r\n\t\t\t\t\t\t\t\t<img src=\"https:\/\/azen.pt\/wp-content\/uploads\/2022\/08\/Troca-Tintas-Atividades-Paintball-1.jpeg\" class=\"img-responsive full_width\" alt=\"Paintball 100 bolas + Arborismo (m\u00ednimo 20 pessoas)\">\r\n\t\t\t\t\t\t\t<\/figure>\r\n\t\t\t\t\t\t<\/div>\r\n\t\t\t\t\t\t<div class=\"col-lg-8 col-md-6\">\r\n\t\t\t\t\t\t\t<div class=\"info\">\r\n\t\t\t\t\t\t\t\t<div class=\"title\">\r\n\t\t\t\t\t\t\t\t<span class=\"name\">Paintball 100 bolas + Arborismo (m\u00ednimo 20 pessoas)<\/span>\r\n\t\t\t\t\t\t\t\t\t<span class=\"price\">\r\n\t\t\t\t\t\t\t\t\t<span class=\"amount\">\u20ac30<\/span>\r\n\t\t\t\t\t\t\t\t\t<\/span>\r\n\t\t\t\t\t\t\t\t<\/div>\r\n\t\t\t\t\t\t\t\t<p>Pre\u00e7o por pessoa<\/p>\r\n\t\t\t\t\t\t\t<\/div>\r\n\t\t\t\t\t\t<\/div>\r\n\t\t\t\t<\/div>\r\n\t\t\t<\/div>\r\n\r\n\t\t[\/vc_column][vc_column width=&#8221;1\/2&#8243;][vc_column_text]<\/p>\n<h3 style=\"text-align: center;\">Com Lanche<\/h3>\n<p>[\/vc_column_text]\r\n\t\t\r\n\t\t\t<!-- RESTAURANT MENU ITEM -->\r\n\t\t\t<div class=\"restaurant-menu-item\">\r\n\t\t\t\t<div class=\"row\">\r\n\t\t\t\t\t\t<div class=\"col-lg-4 col-md-6\">\r\n\t\t\t\t\t\t\t<figure>\r\n\t\t\t\t\t\t\t\t<img src=\"https:\/\/azen.pt\/wp-content\/uploads\/2022\/08\/Paintball_Sintra_Trocatintas.jpeg\" class=\"img-responsive full_width\" alt=\"Paintball 200 bolas + Lanche 1 (M\u00ednimo 10 pessoas)\">\r\n\t\t\t\t\t\t\t<\/figure>\r\n\t\t\t\t\t\t<\/div>\r\n\t\t\t\t\t\t<div class=\"col-lg-8 col-md-6\">\r\n\t\t\t\t\t\t\t<div class=\"info\">\r\n\t\t\t\t\t\t\t\t<div class=\"title\">\r\n\t\t\t\t\t\t\t\t<span class=\"name\">Paintball 200 bolas + Lanche 1 (M\u00ednimo 10 pessoas)<\/span>\r\n\t\t\t\t\t\t\t\t\t<span class=\"price\">\r\n\t\t\t\t\t\t\t\t\t<span class=\"amount\">\u20ac30.50<\/span>\r\n\t\t\t\t\t\t\t\t\t<\/span>\r\n\t\t\t\t\t\t\t\t<\/div>\r\n\t\t\t\t\t\t\t\t<p>Pre\u00e7o por pessoa<\/p>\r\n\t\t\t\t\t\t\t<\/div>\r\n\t\t\t\t\t\t<\/div>\r\n\t\t\t\t<\/div>\r\n\t\t\t<\/div>\r\n\r\n\t\t\r\n\t\t\r\n\t\t\t<!-- RESTAURANT MENU ITEM -->\r\n\t\t\t<div class=\"restaurant-menu-item\">\r\n\t\t\t\t<div class=\"row\">\r\n\t\t\t\t\t\t<div class=\"col-lg-4 col-md-6\">\r\n\t\t\t\t\t\t\t<figure>\r\n\t\t\t\t\t\t\t\t<img src=\"https:\/\/azen.pt\/wp-content\/uploads\/2022\/08\/Troca-Tintas-Paintball-Crianc\u0327as-1.jpeg\" class=\"img-responsive full_width\" alt=\"Paintball 200 bolas + Lanche 2 (M\u00ednimo 10 pessoas)\">\r\n\t\t\t\t\t\t\t<\/figure>\r\n\t\t\t\t\t\t<\/div>\r\n\t\t\t\t\t\t<div class=\"col-lg-8 col-md-6\">\r\n\t\t\t\t\t\t\t<div class=\"info\">\r\n\t\t\t\t\t\t\t\t<div class=\"title\">\r\n\t\t\t\t\t\t\t\t<span class=\"name\">Paintball 200 bolas + Lanche 2 (M\u00ednimo 10 pessoas)<\/span>\r\n\t\t\t\t\t\t\t\t\t<span class=\"price\">\r\n\t\t\t\t\t\t\t\t\t<span class=\"amount\">\u20ac33<\/span>\r\n\t\t\t\t\t\t\t\t\t<\/span>\r\n\t\t\t\t\t\t\t\t<\/div>\r\n\t\t\t\t\t\t\t\t<p>Pre\u00e7o por pessoa<\/p>\r\n\t\t\t\t\t\t\t<\/div>\r\n\t\t\t\t\t\t<\/div>\r\n\t\t\t\t<\/div>\r\n\t\t\t<\/div>\r\n\r\n\t\t[\/vc_column][\/vc_row][vc_row][vc_column][vc_empty_space height=&#8221;20&#8243;]\t\t\t<div\r\n\t\t\t\tclass=\"main_title  text-left  \">\r\n\t\t\t\t<h2 class=\"title\">Galeria<\/h2>\r\n\t\t\t\t\t\t\t<\/div>\r\n\t\t[\/vc_column][\/vc_row][vc_row][vc_column]           \r\n            <div class=\"row\">\r\n\t            <div class=\"image-gallery\">\r\n\r\n                   \r\n                    <!-- GALLERY ITEM -->\r\n                    <div class=\"col-lg-4 col-sm-6\">\r\n                      <figure class=\"gradient-overlay-hover icon-zoom-hover zoom-image-hover\">\r\n                                                <a href=\"https:\/\/azen.pt\/wp-content\/uploads\/2022\/08\/Paintball-3.jpeg\">\r\n                          <img src=\"https:\/\/azen.pt\/wp-content\/uploads\/2022\/08\/Paintball-3.jpeg\" class=\"img-responsive\">\r\n                        <\/a>\r\n                                            <\/figure>\r\n                    <\/div>\r\n\r\n                    \r\n                    <!-- GALLERY ITEM -->\r\n                    <div class=\"col-lg-4 col-sm-6\">\r\n                      <figure class=\"gradient-overlay-hover icon-zoom-hover zoom-image-hover\">\r\n                                                <a href=\"https:\/\/azen.pt\/wp-content\/uploads\/2022\/08\/Paintball_Sintra_Trocatintas-1.jpeg\">\r\n                          <img src=\"https:\/\/azen.pt\/wp-content\/uploads\/2022\/08\/Paintball_Sintra_Trocatintas-1.jpeg\" class=\"img-responsive\">\r\n                        <\/a>\r\n                                            <\/figure>\r\n                    <\/div>\r\n\r\n                    \r\n                    <!-- GALLERY ITEM -->\r\n                    <div class=\"col-lg-4 col-sm-6\">\r\n                      <figure class=\"gradient-overlay-hover icon-zoom-hover zoom-image-hover\">\r\n                                                <a href=\"https:\/\/azen.pt\/wp-content\/uploads\/2022\/08\/Despedida-de-Solteiro-do-Diogo-Abreu-28-04-2012-Paintball.jpeg\">\r\n                          <img src=\"https:\/\/azen.pt\/wp-content\/uploads\/2022\/08\/Despedida-de-Solteiro-do-Diogo-Abreu-28-04-2012-Paintball.jpeg\" class=\"img-responsive\">\r\n                        <\/a>\r\n                                            <\/figure>\r\n                    <\/div>\r\n\r\n                    \r\n                    <!-- GALLERY ITEM -->\r\n                    <div class=\"col-lg-4 col-sm-6\">\r\n                      <figure class=\"gradient-overlay-hover icon-zoom-hover zoom-image-hover\">\r\n                                                <a href=\"https:\/\/azen.pt\/wp-content\/uploads\/2022\/08\/Troca-Tintas-Packs-Aniversa\u0301rios-4-1-e1566491497930-1024x657-1.jpeg\">\r\n                          <img src=\"https:\/\/azen.pt\/wp-content\/uploads\/2022\/08\/Troca-Tintas-Packs-Aniversa\u0301rios-4-1-e1566491497930-1024x657-1.jpeg\" class=\"img-responsive\">\r\n                        <\/a>\r\n                                            <\/figure>\r\n                    <\/div>\r\n\r\n                    \r\n                    <!-- GALLERY ITEM -->\r\n                    <div class=\"col-lg-4 col-sm-6\">\r\n                      <figure class=\"gradient-overlay-hover icon-zoom-hover zoom-image-hover\">\r\n                                                <a href=\"https:\/\/azen.pt\/wp-content\/uploads\/2022\/08\/Troca-Tintas-Packs-Empresas-9.jpeg\">\r\n                          <img src=\"https:\/\/azen.pt\/wp-content\/uploads\/2022\/08\/Troca-Tintas-Packs-Empresas-9.jpeg\" class=\"img-responsive\">\r\n                        <\/a>\r\n                                            <\/figure>\r\n                    <\/div>\r\n\r\n                    \r\n                    <!-- GALLERY ITEM -->\r\n                    <div class=\"col-lg-4 col-sm-6\">\r\n                      <figure class=\"gradient-overlay-hover icon-zoom-hover zoom-image-hover\">\r\n                                                <a href=\"https:\/\/azen.pt\/wp-content\/uploads\/2022\/08\/Paintball_-equipamento_Trocatintas-e1563364652775-1024x734-1.jpeg\">\r\n                          <img src=\"https:\/\/azen.pt\/wp-content\/uploads\/2022\/08\/Paintball_-equipamento_Trocatintas-e1563364652775-1024x734-1.jpeg\" class=\"img-responsive\">\r\n                        <\/a>\r\n                                            <\/figure>\r\n                    <\/div>\r\n\r\n                    \r\n                    <!-- GALLERY ITEM -->\r\n                    <div class=\"col-lg-4 col-sm-6\">\r\n                      <figure class=\"gradient-overlay-hover icon-zoom-hover zoom-image-hover\">\r\n                                                <a href=\"https:\/\/azen.pt\/wp-content\/uploads\/2022\/08\/Paintball-2.jpeg\">\r\n                          <img src=\"https:\/\/azen.pt\/wp-content\/uploads\/2022\/08\/Paintball-2.jpeg\" class=\"img-responsive\">\r\n                        <\/a>\r\n                                            <\/figure>\r\n                    <\/div>\r\n\r\n                    \r\n\t                \t            <\/div>\r\n            <\/div>\r\n\r\n        [\/vc_column][\/vc_row][vc_row][vc_column][vc_empty_space height=&#8221;100&#8243;][\/vc_column][\/vc_row][vc_row][vc_column][vc_raw_html]JTNDZGl2JTIwY2xhc3MlM0QlMjJhZG1pbi1vbmx5JTIyJTIwaWQlM0QlMjJib29rbHktZm9ybSUyMiUzRSUwQSU1QmJvb2tseS1mb3JtJTIwY2F0ZWdvcnlfaWQlM0QxJTIwJTIwc2hvd19udW1iZXJfb2ZfcGVyc29ucyUzRCUyMjElMjIlMjBzdGFmZl9tZW1iZXJfaWQlM0QlMjIxJTIyJTIwJTIwc2hvd19wYXltZW50cyUzRCUyMjElMjIlNUQlMEElMEElM0MlMkZkaXYlM0U=[\/vc_raw_html][\/vc_column][\/vc_row]<\/p>\n","protected":false},"excerpt":{"rendered":"<p>[vc_row][vc_column width=&#8221;1\/2&#8243;][\/vc_column][\/vc_row][vc_row][vc_column width=&#8221;7\/12&#8243;][vc_column_text]Venha jogar Paintball no Azen Park, um dos parques pioneiros da modalidade em Portugal, localizado a 15 minutos do centro de Sintra, perto da praia das Azenhas do Mar. Com mais de 20 anos de experi\u00eancia aliados \u00e1 envolv\u00eancia natural do nosso espa\u00e7o, os nossos jogos de Paintball proporcionam momentos inesquec\u00edveis, plenos de [&hellip;]<\/p>\n","protected":false},"author":1,"featured_media":0,"parent":3694,"menu_order":0,"comment_status":"closed","ping_status":"closed","template":"","meta":{"footnotes":""},"_links":{"self":[{"href":"https:\/\/azen.pt\/pt-pt\/wp-json\/wp\/v2\/pages\/3745"}],"collection":[{"href":"https:\/\/azen.pt\/pt-pt\/wp-json\/wp\/v2\/pages"}],"about":[{"href":"https:\/\/azen.pt\/pt-pt\/wp-json\/wp\/v2\/types\/page"}],"author":[{"embeddable":true,"href":"https:\/\/azen.pt\/pt-pt\/wp-json\/wp\/v2\/users\/1"}],"replies":[{"embeddable":true,"href":"https:\/\/azen.pt\/pt-pt\/wp-json\/wp\/v2\/comments?post=3745"}],"version-history":[{"count":29,"href":"https:\/\/azen.pt\/pt-pt\/wp-json\/wp\/v2\/pages\/3745\/revisions"}],"predecessor-version":[{"id":4423,"href":"https:\/\/azen.pt\/pt-pt\/wp-json\/wp\/v2\/pages\/3745\/revisions\/4423"}],"up":[{"embeddable":true,"href":"https:\/\/azen.pt\/pt-pt\/wp-json\/wp\/v2\/pages\/3694"}],"wp:attachment":[{"href":"https:\/\/azen.pt\/pt-pt\/wp-json\/wp\/v2\/media?parent=3745"}],"curies":[{"name":"wp","href":"https:\/\/api.w.org\/{rel}","templated":true}]}}