{"id":3741,"date":"2022-09-08T15:01:23","date_gmt":"2022-09-08T15:01:23","guid":{"rendered":"https:\/\/azen.connectionthemes.com\/atividades\/laser-tag\/"},"modified":"2025-04-09T06:53:09","modified_gmt":"2025-04-09T06:53:09","slug":"laser-tag","status":"publish","type":"page","link":"https:\/\/azen.pt\/pt-pt\/atividades\/laser-tag\/","title":{"rendered":"Laser Tag"},"content":{"rendered":"<p>[vc_row][vc_column width=&#8221;1\/2&#8243;][\/vc_column][\/vc_row][vc_row][vc_column width=&#8221;7\/12&#8243;]\t\t\t<div\r\n\t\t\t\tclass=\"main_title  text-left  \">\r\n\t\t\t\t<h2 class=\"title\">Laser Tag<\/h2>\r\n\t\t\t\t\t\t\t<\/div>\r\n\t\t[vc_column_text]O Laser Tag no Azen Park proporciona toda a adrenalina e divers\u00e3o dos jogos de estrat\u00e9gia e combate, jogados com seus amigos. \u00c9 semelhante ao paintball, mas com pequenas diferen\u00e7as. *<strong>A arma n\u00e3o dispara muni\u00e7\u00e3o real, ela envia um sinal para a engrenagem do oponente e afeta sua contagem de vida.<\/strong>*. Com v\u00e1rios modos de jogo, esta atividade \u00e9 perfeita n\u00e3o apenas para crian\u00e7as de sete anos, mas tamb\u00e9m para adultos na casa dos setenta. Voc\u00ea se atreveria a experiment\u00e1-lo?<\/p>\n<p>Venha jogar Laser Tag no Azen Park. O Laser Tag do Azen Park proporciona toda a adrenalina e divers\u00e3o dos jogos de estrat\u00e9gia e combate, jogado com os seus amigos, no seu espa\u00e7o.[\/vc_column_text]\r\n        \r\n        <style>\r\n\t\t\t\t#btn-container-7Xk8q {\r\n\t\t\t\t\tfont-size: 15px;\r\n\t\t\t\t\tfont-weight: bold;\r\n\t\t\t\t}\r\n        #btn-7Xk8q {\r\n        \tbackground: #294426;\r\n\t\t\t\t\tborder-style: solid;\r\n        \tborder-color: #294426;\r\n\t\t\t\t\tborder-width: 2px;\r\n        \tcolor: #ffffff;\r\n\t\t\t\t\tpadding: 10px 20px;\r\n\t\t\t\t\tborder-radius: 2px;\r\n\t\t\t\t\tfont-size: 15px;\r\n\t\t\t\t\tline-height: 15px;\r\n\t\t\t\t\t\t\t\t\t\t\t\t\t\t\tfont-weight: bold;\r\n        }\r\n\r\n\t\t\t\t#btn-7Xk8q:hover {\r\n\t\t\t\t\tbackground: #325e43;\r\n\t\t\t\t\tborder-color: #294426;\r\n\t\t\t\t\tcolor: #ffffff;\r\n\t\t\t\t\t\t\t\t\t\t\t\t\t\t\t\r\n\t\t\t\t}\r\n\r\n\t\t    #btn-7Xk8q i {\r\n\t\t\t\t\tright: 14px;\r\n\t\t\t\t\tmargin-top: 0;\r\n\t\t\t\t\tvertical-align: middle;\r\n\t\t\t\t\tborder-radius: 50%;\r\n\t\t\t\t\tline-height: 20px;\r\n\t\t\t\t\theight: 20px;\r\n\t\t\t\t\twidth: 20px;\r\n\t\t\t\t\tbackground: #1dc1f8;\r\n\t\t\t\t\tmargin-left: 8px;\r\n\t\t\t\t\tmargin-right: 0;\r\n\t\t\t\t\tcolor: #ffffff;\r\n\t\t\t\t\tfont-size: 8px;\r\n\t\t\t\t\ttext-align: center;\r\n\t\t\t\t}\r\n\r\n\t\t\t\t #btn-7Xk8q:hover i {\r\n\t\t\t\t \tbackground: #ffffff;\r\n\t\t\t\t\tcolor: #1dc1f8;\r\n\t\t\t\t }\r\n\r\n        <\/style>\r\n\r\n\t\t<!-- BUTTON -->\r\n        <div id=\"btn-container-7Xk8q\" class=\"text-left\">\r\n\t\t\t\r\n\t\t\t\t\t<a href=\"#bookly-form\" id=\"btn-7Xk8q\" class=\"btn \" target=\"_self\">\r\n\t\t\t\t\t\tReservar\t\t\t\t\t\t\t\t\t\t\t<\/a>\r\n\t\t\t\t\t        <\/div>\r\n\r\n        [\/vc_column][vc_column width=&#8221;5\/12&#8243;][vc_row_inner][vc_column_inner width=&#8221;1\/2&#8243;][vc_single_image image=&#8221;3556&#8243; img_size=&#8221;full&#8221;][vc_single_image image=&#8221;3561&#8243; img_size=&#8221;full&#8221;][\/vc_column_inner][vc_column_inner width=&#8221;1\/2&#8243;][vc_single_image image=&#8221;3560&#8243; img_size=&#8221;full&#8221;][vc_single_image image=&#8221;3559&#8243; img_size=&#8221;full&#8221;][\/vc_column_inner][\/vc_row_inner][\/vc_column][\/vc_row][vc_row][vc_column][vc_column_text]<\/p>\n<h2>Equipamento<\/h2>\n<p>Todo o equipamento fornecido \u00e9 adequado para a atividade e todo o material \u00e9 homologado e certificado, incluindo um <span class=\"Y2IQFc\" lang=\"en\">capacete, sensor de cabe\u00e7a colocado no capacete e uma arma laser.<\/span><\/p>\n<p><span style=\"text-decoration: underline;\">Dica<\/span>: A roupa deve ser confort\u00e1vel para a pr\u00e1tica de exerc\u00edcios f\u00edsicos e deve-se usar t\u00eanis, botas ou sapatos com solado de borracha.<\/p>\n<p>&nbsp;<\/p>\n<h2>Aspectos Chave<\/h2>\n<ul>\n<li>Monitores experientes<\/li>\n<li>Cen\u00e1rio Arborizado<\/li>\n<li>Jogos seguros<\/li>\n<\/ul>\n<p>&nbsp;<\/p>\n<div class=\"kc-elm kc-css-64362 kc_text_block\">\n<h2>Informa\u00e7\u00e3o da Atividade<\/h2>\n<\/div>\n<div class=\"kc-elm kc-css-830683 kc_row kc_row_inner\">\n<div class=\"kc-elm kc-css-696033 kc_col-sm-11 kc_column_inner kc_col-sm-11\">\n<div class=\"kc_wrapper kc-col-inner-container\">\n<div class=\"kc-elm kc-css-286232 kc_text_block\">\n<ul>\n<li>Dura\u00e7\u00e3o m\u00e9dia: at\u00e9 3 horas<\/li>\n<li>Idade M\u00ednima: 6 anos<\/li>\n<li>N\u00famero m\u00ednimo de participantes: 10<\/li>\n<li>Lanche\n<ul>\n<li>\n<p class=\"p1\">Se quiser trazer o pr\u00f3prio lanche: 50\u20ac ( taxa de utiliza\u00e7\u00e3o de espa\u00e7o)<\/p>\n<\/li>\n<li>\n<p class=\"p1\">Lanche Azen Park 1 (Sandes mista, salgado, barra, pe\u00e7a de fruta e sumo): 7.5\u20ac (pre\u00e7o por pessoa)<\/p>\n<\/li>\n<li>\n<p class=\"p1\">Lanche Azen Park 2 (3 fatias de pizza, sumo, salgado, pe\u00e7a de fruta): 10\u20ac (pre\u00e7o por pessoa)<\/p>\n<\/li>\n<\/ul>\n<\/li>\n<\/ul>\n<\/div>\n<\/div>\n<\/div>\n<p class=\"p1\"><strong><span class=\"s1\">Aviso<\/span>:<\/strong> Confirma\u00e7\u00e3o do n\u00famero correto de pessoas at\u00e9 24h antesdo dia da atividade. A Azen Park reserva o direito de cobrar a totalidade do n\u00famero de pessoas reservado. Caso no dia compare\u00e7am menos pessoas do que o n\u00famero m\u00ednimo requerido, \u00e9 aplicado o valor de tabela<\/p>\n<\/div>\n<div class=\"kc-elm kc-css-359742 kc_row kc_row_inner\">\n<div class=\"kc-elm kc-css-203725 kc_col-sm-11 kc_column_inner kc_col-sm-11\">\n<div class=\"kc_wrapper kc-col-inner-container\">\n<div class=\"kc-elm kc-css-787902 kc_text_block\"><\/div>\n<\/div>\n<\/div>\n<\/div>\n<p>[\/vc_column_text][vc_empty_space height=&#8221;20&#8243;][\/vc_column][\/vc_row][vc_row][vc_column]\t\t\t<div\r\n\t\t\t\tclass=\"main_title  text-left  \">\r\n\t\t\t\t<h2 class=\"title\">Pre\u00e7os<\/h2>\r\n\t\t\t\t\t\t\t<\/div>\r\n\t\t[\/vc_column][\/vc_row][vc_row][vc_column width=&#8221;1\/2&#8243;]\r\n\t\t\r\n\t\t\t<!-- RESTAURANT MENU ITEM -->\r\n\t\t\t<div class=\"restaurant-menu-item\">\r\n\t\t\t\t<div class=\"row\">\r\n\t\t\t\t\t\t<div class=\"col-lg-4 col-md-6\">\r\n\t\t\t\t\t\t\t<figure>\r\n\t\t\t\t\t\t\t\t<img src=\"https:\/\/azen.pt\/wp-content\/uploads\/2022\/10\/Captura-de-ecra\u0303-2022-10-03-a\u0300s-10.24.24.png\" class=\"img-responsive full_width\" alt=\"Laser Tag\">\r\n\t\t\t\t\t\t\t<\/figure>\r\n\t\t\t\t\t\t<\/div>\r\n\t\t\t\t\t\t<div class=\"col-lg-8 col-md-6\">\r\n\t\t\t\t\t\t\t<div class=\"info\">\r\n\t\t\t\t\t\t\t\t<div class=\"title\">\r\n\t\t\t\t\t\t\t\t<span class=\"name\">Laser Tag<\/span>\r\n\t\t\t\t\t\t\t\t\t<span class=\"price\">\r\n\t\t\t\t\t\t\t\t\t<span class=\"amount\">\u20ac23<\/span>\r\n\t\t\t\t\t\t\t\t\t<\/span>\r\n\t\t\t\t\t\t\t\t<\/div>\r\n\t\t\t\t\t\t\t\t<p>Pre\u00e7o por pessoa<\/p>\r\n\t\t\t\t\t\t\t<\/div>\r\n\t\t\t\t\t\t<\/div>\r\n\t\t\t\t<\/div>\r\n\t\t\t<\/div>\r\n\r\n\t\t[\/vc_column][vc_column width=&#8221;1\/2&#8243;][\/vc_column][\/vc_row][vc_row][vc_column width=&#8221;1\/2&#8243;][vc_column_text]<\/p>\n<h3 style=\"text-align: left;\">Pacotes<\/h3>\n<p>[\/vc_column_text]\r\n\t\t\r\n\t\t\t<!-- RESTAURANT MENU ITEM -->\r\n\t\t\t<div class=\"restaurant-menu-item\">\r\n\t\t\t\t<div class=\"row\">\r\n\t\t\t\t\t\t<div class=\"col-lg-4 col-md-6\">\r\n\t\t\t\t\t\t\t<figure>\r\n\t\t\t\t\t\t\t\t<img src=\"https:\/\/azen.pt\/wp-content\/uploads\/2022\/08\/Paintball_-equipamento_Trocatintas-e1563364652775-1024x734-1.jpeg\" class=\"img-responsive full_width\" alt=\"Laser Tag + Arborismo (m\u00ednimo 20 pessoas)\">\r\n\t\t\t\t\t\t\t<\/figure>\r\n\t\t\t\t\t\t<\/div>\r\n\t\t\t\t\t\t<div class=\"col-lg-8 col-md-6\">\r\n\t\t\t\t\t\t\t<div class=\"info\">\r\n\t\t\t\t\t\t\t\t<div class=\"title\">\r\n\t\t\t\t\t\t\t\t<span class=\"name\">Laser Tag + Arborismo (m\u00ednimo 20 pessoas)<\/span>\r\n\t\t\t\t\t\t\t\t\t<span class=\"price\">\r\n\t\t\t\t\t\t\t\t\t<span class=\"amount\">\u20ac30<\/span>\r\n\t\t\t\t\t\t\t\t\t<\/span>\r\n\t\t\t\t\t\t\t\t<\/div>\r\n\t\t\t\t\t\t\t\t<p>Pre\u00e7o por pessoa<\/p>\r\n\t\t\t\t\t\t\t<\/div>\r\n\t\t\t\t\t\t<\/div>\r\n\t\t\t\t<\/div>\r\n\t\t\t<\/div>\r\n\r\n\t\t[\/vc_column][vc_column width=&#8221;1\/2&#8243;][\/vc_column][\/vc_row][vc_row][vc_column width=&#8221;1\/2&#8243;][vc_column_text]<\/p>\n<h3 style=\"text-align: center;\">Com Almo\u00e7o<\/h3>\n<p>[\/vc_column_text]\r\n\t\t\r\n\t\t\t<!-- RESTAURANT MENU ITEM -->\r\n\t\t\t<div class=\"restaurant-menu-item\">\r\n\t\t\t\t<div class=\"row\">\r\n\t\t\t\t\t\t<div class=\"col-lg-4 col-md-6\">\r\n\t\t\t\t\t\t\t<figure>\r\n\t\t\t\t\t\t\t\t<img src=\"https:\/\/azen.pt\/wp-content\/uploads\/2022\/08\/Despedida-de-solteiros-do-Rui-e-da-Rita-20-05-2012-Laser-Tag.jpeg\" class=\"img-responsive full_width\" alt=\"Laser Tag + Menu Churrasco (m\u00ednimo 20 pessoas)\">\r\n\t\t\t\t\t\t\t<\/figure>\r\n\t\t\t\t\t\t<\/div>\r\n\t\t\t\t\t\t<div class=\"col-lg-8 col-md-6\">\r\n\t\t\t\t\t\t\t<div class=\"info\">\r\n\t\t\t\t\t\t\t\t<div class=\"title\">\r\n\t\t\t\t\t\t\t\t<span class=\"name\">Laser Tag + Menu Churrasco (m\u00ednimo 20 pessoas)<\/span>\r\n\t\t\t\t\t\t\t\t\t<span class=\"price\">\r\n\t\t\t\t\t\t\t\t\t<span class=\"amount\">\u20ac39<\/span>\r\n\t\t\t\t\t\t\t\t\t<\/span>\r\n\t\t\t\t\t\t\t\t<\/div>\r\n\t\t\t\t\t\t\t\t<p>Pre\u00e7o por pessoa<\/p>\r\n\t\t\t\t\t\t\t<\/div>\r\n\t\t\t\t\t\t<\/div>\r\n\t\t\t\t<\/div>\r\n\t\t\t<\/div>\r\n\r\n\t\t\r\n\t\t\r\n\t\t\t<!-- RESTAURANT MENU ITEM -->\r\n\t\t\t<div class=\"restaurant-menu-item\">\r\n\t\t\t\t<div class=\"row\">\r\n\t\t\t\t\t\t<div class=\"col-lg-4 col-md-6\">\r\n\t\t\t\t\t\t\t<figure>\r\n\t\t\t\t\t\t\t\t<img src=\"https:\/\/azen.pt\/wp-content\/uploads\/2022\/09\/image4-scaled.jpeg\" class=\"img-responsive full_width\" alt=\"Laser Tag + Menu Tabuleiro (m\u00ednimo 20 pessoas)\">\r\n\t\t\t\t\t\t\t<\/figure>\r\n\t\t\t\t\t\t<\/div>\r\n\t\t\t\t\t\t<div class=\"col-lg-8 col-md-6\">\r\n\t\t\t\t\t\t\t<div class=\"info\">\r\n\t\t\t\t\t\t\t\t<div class=\"title\">\r\n\t\t\t\t\t\t\t\t<span class=\"name\">Laser Tag + Menu Tabuleiro (m\u00ednimo 20 pessoas)<\/span>\r\n\t\t\t\t\t\t\t\t\t<span class=\"price\">\r\n\t\t\t\t\t\t\t\t\t<span class=\"amount\">\u20ac37<\/span>\r\n\t\t\t\t\t\t\t\t\t<\/span>\r\n\t\t\t\t\t\t\t\t<\/div>\r\n\t\t\t\t\t\t\t\t<p>Pre\u00e7o por pessoa<\/p>\r\n\t\t\t\t\t\t\t<\/div>\r\n\t\t\t\t\t\t<\/div>\r\n\t\t\t\t<\/div>\r\n\t\t\t<\/div>\r\n\r\n\t\t[\/vc_column][vc_column width=&#8221;1\/2&#8243;][vc_column_text]<\/p>\n<h3 style=\"text-align: center;\">Com Lanche<\/h3>\n<p>[\/vc_column_text]\r\n\t\t\r\n\t\t\t<!-- RESTAURANT MENU ITEM -->\r\n\t\t\t<div class=\"restaurant-menu-item\">\r\n\t\t\t\t<div class=\"row\">\r\n\t\t\t\t\t\t<div class=\"col-lg-4 col-md-6\">\r\n\t\t\t\t\t\t\t<figure>\r\n\t\t\t\t\t\t\t\t<img src=\"https:\/\/azen.pt\/wp-content\/uploads\/2022\/10\/Captura-de-ecra\u0303-2022-10-03-a\u0300s-10.24.24.png\" class=\"img-responsive full_width\" alt=\"Laser Tag + Lanche 1 (M\u00ednimo 10 pessoas)\">\r\n\t\t\t\t\t\t\t<\/figure>\r\n\t\t\t\t\t\t<\/div>\r\n\t\t\t\t\t\t<div class=\"col-lg-8 col-md-6\">\r\n\t\t\t\t\t\t\t<div class=\"info\">\r\n\t\t\t\t\t\t\t\t<div class=\"title\">\r\n\t\t\t\t\t\t\t\t<span class=\"name\">Laser Tag + Lanche 1 (M\u00ednimo 10 pessoas)<\/span>\r\n\t\t\t\t\t\t\t\t\t<span class=\"price\">\r\n\t\t\t\t\t\t\t\t\t<span class=\"amount\">\u20ac30.50<\/span>\r\n\t\t\t\t\t\t\t\t\t<\/span>\r\n\t\t\t\t\t\t\t\t<\/div>\r\n\t\t\t\t\t\t\t\t<p>Pre\u00e7o por pessoa<\/p>\r\n\t\t\t\t\t\t\t<\/div>\r\n\t\t\t\t\t\t<\/div>\r\n\t\t\t\t<\/div>\r\n\t\t\t<\/div>\r\n\r\n\t\t\r\n\t\t\r\n\t\t\t<!-- RESTAURANT MENU ITEM -->\r\n\t\t\t<div class=\"restaurant-menu-item\">\r\n\t\t\t\t<div class=\"row\">\r\n\t\t\t\t\t\t<div class=\"col-lg-4 col-md-6\">\r\n\t\t\t\t\t\t\t<figure>\r\n\t\t\t\t\t\t\t\t<img src=\"https:\/\/azen.pt\/wp-content\/uploads\/2022\/10\/Captura-de-ecra\u0303-2022-10-03-a\u0300s-10.24.50.png\" class=\"img-responsive full_width\" alt=\"Laser Tag + Lanche 2 (M\u00ednimo 10 pessoas)\">\r\n\t\t\t\t\t\t\t<\/figure>\r\n\t\t\t\t\t\t<\/div>\r\n\t\t\t\t\t\t<div class=\"col-lg-8 col-md-6\">\r\n\t\t\t\t\t\t\t<div class=\"info\">\r\n\t\t\t\t\t\t\t\t<div class=\"title\">\r\n\t\t\t\t\t\t\t\t<span class=\"name\">Laser Tag + Lanche 2 (M\u00ednimo 10 pessoas)<\/span>\r\n\t\t\t\t\t\t\t\t\t<span class=\"price\">\r\n\t\t\t\t\t\t\t\t\t<span class=\"amount\">\u20ac33<\/span>\r\n\t\t\t\t\t\t\t\t\t<\/span>\r\n\t\t\t\t\t\t\t\t<\/div>\r\n\t\t\t\t\t\t\t\t<p>Pre\u00e7o por pessoa<\/p>\r\n\t\t\t\t\t\t\t<\/div>\r\n\t\t\t\t\t\t<\/div>\r\n\t\t\t\t<\/div>\r\n\t\t\t<\/div>\r\n\r\n\t\t[\/vc_column][\/vc_row][vc_row][vc_column][vc_empty_space height=&#8221;20&#8243;]\t\t\t<div\r\n\t\t\t\tclass=\"main_title  text-left  \">\r\n\t\t\t\t<h2 class=\"title\">Galeria<\/h2>\r\n\t\t\t\t\t\t\t<\/div>\r\n\t\t[\/vc_column][\/vc_row][vc_row][vc_column]           \r\n            <div class=\"row\">\r\n\t            <div class=\"image-gallery\">\r\n\r\n                   \r\n                    <!-- GALLERY ITEM -->\r\n                    <div class=\"col-lg-4 col-sm-6\">\r\n                      <figure class=\"gradient-overlay-hover icon-zoom-hover zoom-image-hover\">\r\n                                                <a href=\"https:\/\/azen.pt\/wp-content\/uploads\/2022\/10\/Captura-de-ecra\u0303-2022-10-03-a\u0300s-10.24.39-1.png\">\r\n                          <img src=\"https:\/\/azen.pt\/wp-content\/uploads\/2022\/10\/Captura-de-ecra\u0303-2022-10-03-a\u0300s-10.24.39-1.png\" class=\"img-responsive\">\r\n                        <\/a>\r\n                                            <\/figure>\r\n                    <\/div>\r\n\r\n                    \r\n                    <!-- GALLERY ITEM -->\r\n                    <div class=\"col-lg-4 col-sm-6\">\r\n                      <figure class=\"gradient-overlay-hover icon-zoom-hover zoom-image-hover\">\r\n                                                <a href=\"https:\/\/azen.pt\/wp-content\/uploads\/2022\/10\/Captura-de-ecra\u0303-2022-10-03-a\u0300s-10.32.59.png\">\r\n                          <img src=\"https:\/\/azen.pt\/wp-content\/uploads\/2022\/10\/Captura-de-ecra\u0303-2022-10-03-a\u0300s-10.32.59.png\" class=\"img-responsive\">\r\n                        <\/a>\r\n                                            <\/figure>\r\n                    <\/div>\r\n\r\n                    \r\n                    <!-- GALLERY ITEM -->\r\n                    <div class=\"col-lg-4 col-sm-6\">\r\n                      <figure class=\"gradient-overlay-hover icon-zoom-hover zoom-image-hover\">\r\n                                                <a href=\"https:\/\/azen.pt\/wp-content\/uploads\/2022\/10\/Captura-de-ecra\u0303-2022-10-03-a\u0300s-10.33.28.png\">\r\n                          <img src=\"https:\/\/azen.pt\/wp-content\/uploads\/2022\/10\/Captura-de-ecra\u0303-2022-10-03-a\u0300s-10.33.28.png\" class=\"img-responsive\">\r\n                        <\/a>\r\n                                            <\/figure>\r\n                    <\/div>\r\n\r\n                    \r\n                    <!-- GALLERY ITEM -->\r\n                    <div class=\"col-lg-4 col-sm-6\">\r\n                      <figure class=\"gradient-overlay-hover icon-zoom-hover zoom-image-hover\">\r\n                                                <a href=\"https:\/\/azen.pt\/wp-content\/uploads\/2022\/10\/Captura-de-ecra\u0303-2022-10-03-a\u0300s-10.32.30.png\">\r\n                          <img src=\"https:\/\/azen.pt\/wp-content\/uploads\/2022\/10\/Captura-de-ecra\u0303-2022-10-03-a\u0300s-10.32.30.png\" class=\"img-responsive\">\r\n                        <\/a>\r\n                                            <\/figure>\r\n                    <\/div>\r\n\r\n                    \r\n                    <!-- GALLERY ITEM -->\r\n                    <div class=\"col-lg-4 col-sm-6\">\r\n                      <figure class=\"gradient-overlay-hover icon-zoom-hover zoom-image-hover\">\r\n                                                <a href=\"https:\/\/azen.pt\/wp-content\/uploads\/2022\/09\/image1-scaled.jpeg\">\r\n                          <img src=\"https:\/\/azen.pt\/wp-content\/uploads\/2022\/09\/image1-scaled.jpeg\" class=\"img-responsive\">\r\n                        <\/a>\r\n                                            <\/figure>\r\n                    <\/div>\r\n\r\n                    \r\n                    <!-- GALLERY ITEM -->\r\n                    <div class=\"col-lg-4 col-sm-6\">\r\n                      <figure class=\"gradient-overlay-hover icon-zoom-hover zoom-image-hover\">\r\n                                                <a href=\"https:\/\/azen.pt\/wp-content\/uploads\/2022\/09\/image4-scaled.jpeg\">\r\n                          <img src=\"https:\/\/azen.pt\/wp-content\/uploads\/2022\/09\/image4-scaled.jpeg\" class=\"img-responsive\">\r\n                        <\/a>\r\n                                            <\/figure>\r\n                    <\/div>\r\n\r\n                    \r\n\t                \t            <\/div>\r\n            <\/div>\r\n\r\n        [\/vc_column][\/vc_row][vc_row][vc_column][vc_empty_space height=&#8221;100&#8243;][\/vc_column][\/vc_row][vc_row][vc_column][vc_raw_html]JTNDZGl2JTIwY2xhc3MlM0QlMjJhZG1pbi1vbmx5JTIyJTIwaWQlM0QlMjJib29rbHktZm9ybSUyMiUzRSUwQSU1QmJvb2tseS1mb3JtJTIwY2F0ZWdvcnlfaWQlM0QlMjIzJTIyJTIwc2hvd19udW1iZXJfb2ZfcGVyc29ucyUzRCUyMjElMjIlMjBzdGFmZl9tZW1iZXJfaWQlM0QlMjIxJTIyJTIwJTIwc2hvd19wYXltZW50cyUzRCUyMjElMjIlNUQlMEElMEElM0MlMkZkaXYlM0U=[\/vc_raw_html][\/vc_column][\/vc_row]<\/p>\n","protected":false},"excerpt":{"rendered":"<p>[vc_row][vc_column width=&#8221;1\/2&#8243;][\/vc_column][\/vc_row][vc_row][vc_column width=&#8221;7\/12&#8243;][vc_column_text]O Laser Tag no Azen Park proporciona toda a adrenalina e divers\u00e3o dos jogos de estrat\u00e9gia e combate, jogados com seus amigos. \u00c9 semelhante ao paintball, mas com pequenas diferen\u00e7as. *A arma n\u00e3o dispara muni\u00e7\u00e3o real, ela envia um sinal para a engrenagem do oponente e afeta sua contagem de vida.*. Com v\u00e1rios [&hellip;]<\/p>\n","protected":false},"author":1,"featured_media":0,"parent":3694,"menu_order":0,"comment_status":"closed","ping_status":"closed","template":"","meta":{"footnotes":""},"_links":{"self":[{"href":"https:\/\/azen.pt\/pt-pt\/wp-json\/wp\/v2\/pages\/3741"}],"collection":[{"href":"https:\/\/azen.pt\/pt-pt\/wp-json\/wp\/v2\/pages"}],"about":[{"href":"https:\/\/azen.pt\/pt-pt\/wp-json\/wp\/v2\/types\/page"}],"author":[{"embeddable":true,"href":"https:\/\/azen.pt\/pt-pt\/wp-json\/wp\/v2\/users\/1"}],"replies":[{"embeddable":true,"href":"https:\/\/azen.pt\/pt-pt\/wp-json\/wp\/v2\/comments?post=3741"}],"version-history":[{"count":16,"href":"https:\/\/azen.pt\/pt-pt\/wp-json\/wp\/v2\/pages\/3741\/revisions"}],"predecessor-version":[{"id":4425,"href":"https:\/\/azen.pt\/pt-pt\/wp-json\/wp\/v2\/pages\/3741\/revisions\/4425"}],"up":[{"embeddable":true,"href":"https:\/\/azen.pt\/pt-pt\/wp-json\/wp\/v2\/pages\/3694"}],"wp:attachment":[{"href":"https:\/\/azen.pt\/pt-pt\/wp-json\/wp\/v2\/media?parent=3741"}],"curies":[{"name":"wp","href":"https:\/\/api.w.org\/{rel}","templated":true}]}}