{"id":3720,"date":"2022-08-03T17:51:37","date_gmt":"2022-08-03T17:51:37","guid":{"rendered":"https:\/\/azen.connectionthemes.com\/bangalos\/"},"modified":"2024-06-07T17:55:17","modified_gmt":"2024-06-07T17:55:17","slug":"bangalos","status":"publish","type":"page","link":"https:\/\/azen.pt\/pt-pt\/bangalos\/","title":{"rendered":"Bungalows"},"content":{"rendered":"<p>[vc_row][vc_column]\n\t\t\t<!-- START Spa REVOLUTION SLIDER 6.5.18 --><p class=\"rs-p-wp-fix\"><\/p>\n\t\t\t<rs-module-wrap id=\"hero_wrapper\" data-source=\"gallery\" style=\"visibility:hidden;background:transparent;padding:0;margin:0px auto;margin-top:0;margin-bottom:0;\">\n\t\t\t\t<rs-module id=\"hero\" style=\"\" data-version=\"6.5.18\">\n\t\t\t\t\t<rs-slides>\n\t\t\t\t\t\t<rs-slide style=\"position: absolute;\" data-key=\"rs-3\" data-title=\"Slide\" data-thumb=\"\/\/azen.connectionthemes.com\/wp-content\/uploads\/2018\/01\/P1188313-scaled.jpg\" data-in=\"o:0;\" data-out=\"a:false;\">\n\t\t\t\t\t\t\t<img src=\"\/\/azen.pt\/wp-content\/plugins\/revslider\/public\/assets\/assets\/dummy.png\" alt=\"\" title=\"P1188313\" width=\"2560\" height=\"1920\" class=\"rev-slidebg tp-rs-img rs-lazyload\" data-lazyload=\"\/\/azen.connectionthemes.com\/wp-content\/uploads\/2018\/01\/P1188313-scaled.jpg\" data-parallax=\"5\" data-no-retina>\n<!---->\t\t\t\t\t\t<\/rs-slide>\n\t\t\t\t\t\t<rs-slide style=\"position: absolute;\" data-key=\"rs-24\" data-title=\"Slide\" data-thumb=\"\/\/azen.pt\/wp-content\/uploads\/2022\/08\/paint1-scaled-100x50.jpeg\" data-in=\"o:0;\" data-out=\"a:false;\">\n\t\t\t\t\t\t\t<img src=\"\/\/azen.pt\/wp-content\/plugins\/revslider\/public\/assets\/assets\/dummy.png\" alt=\"\" title=\"paint1\" width=\"2560\" height=\"1706\" class=\"rev-slidebg tp-rs-img rs-lazyload\" data-lazyload=\"\/\/azen.pt\/wp-content\/uploads\/2022\/08\/paint1-scaled.jpeg\" data-parallax=\"5\" data-no-retina>\n<!---->\t\t\t\t\t\t<\/rs-slide>\n\t\t\t\t\t\t<rs-slide style=\"position: absolute;\" data-key=\"rs-25\" data-title=\"Slide\" data-thumb=\"\/\/azen.connectionthemes.com\/wp-content\/uploads\/2022\/08\/fish3-scaled.jpeg\" data-in=\"o:0;\" data-out=\"a:false;\">\n\t\t\t\t\t\t\t<img src=\"\/\/azen.pt\/wp-content\/plugins\/revslider\/public\/assets\/assets\/dummy.png\" alt=\"\" title=\"fish3\" width=\"2560\" height=\"1360\" class=\"rev-slidebg tp-rs-img rs-lazyload\" data-lazyload=\"\/\/azen.connectionthemes.com\/wp-content\/uploads\/2022\/08\/fish3-scaled.jpeg\" data-parallax=\"5\" data-no-retina>\n<!---->\t\t\t\t\t\t<\/rs-slide>\n\t\t\t\t\t\t<rs-slide style=\"position: absolute;\" data-key=\"rs-30\" data-title=\"Slide\" data-thumb=\"\/\/azen.connectionthemes.com\/wp-content\/uploads\/2022\/08\/fish2-scaled.jpeg\" data-in=\"o:0;\" data-out=\"a:false;\">\n\t\t\t\t\t\t\t<img src=\"\/\/azen.pt\/wp-content\/plugins\/revslider\/public\/assets\/assets\/dummy.png\" alt=\"\" title=\"fish2\" width=\"2560\" height=\"1707\" class=\"rev-slidebg tp-rs-img rs-lazyload\" data-lazyload=\"\/\/azen.connectionthemes.com\/wp-content\/uploads\/2022\/08\/fish2-scaled.jpeg\" data-parallax=\"5\" data-no-retina>\n<!---->\t\t\t\t\t\t<\/rs-slide>\n\t\t\t\t\t\t<rs-slide style=\"position: absolute;\" data-key=\"rs-31\" data-title=\"Slide\" data-thumb=\"\/\/azen.connectionthemes.com\/wp-content\/uploads\/2022\/08\/fish5-scaled.jpeg\" data-in=\"o:0;\" data-out=\"a:false;\">\n\t\t\t\t\t\t\t<img src=\"\/\/azen.pt\/wp-content\/plugins\/revslider\/public\/assets\/assets\/dummy.png\" alt=\"\" title=\"fish5\" width=\"2560\" height=\"1707\" class=\"rev-slidebg tp-rs-img rs-lazyload\" data-lazyload=\"\/\/azen.connectionthemes.com\/wp-content\/uploads\/2022\/08\/fish5-scaled.jpeg\" data-parallax=\"5\" data-no-retina>\n<!---->\t\t\t\t\t\t<\/rs-slide>\n\t\t\t\t\t<\/rs-slides>\n\t\t\t\t<\/rs-module>\n\t\t\t\t<script>\n\t\t\t\t\tsetREVStartSize({c: 'hero',rl:[1240,1024,778,480],el:[600,768,500,500],gw:[1170,1024,778,480],gh:[600,768,500,500],type:'standard',justify:'',layout:'fullwidth',mh:\"0\"});if (window.RS_MODULES!==undefined && window.RS_MODULES.modules!==undefined && window.RS_MODULES.modules[\"hero\"]!==undefined) {window.RS_MODULES.modules[\"hero\"].once = false;window.revapi3 = undefined;if (window.RS_MODULES.checkMinimal!==undefined) window.RS_MODULES.checkMinimal()}\n\t\t\t\t<\/script>\n\t\t\t<\/rs-module-wrap>\n\t\t\t<!-- END REVOLUTION SLIDER -->\n[\/vc_column][\/vc_row][vc_row css=&#8221;.vc_custom_1659549169263{padding-top: 100px !important;}&#8221;][vc_column]\r\n    \r\n        <div class=\"eb-rooms-list\">\r\n\r\n      \r\n      <\/div>\r\n\r\n    [\/vc_column][\/vc_row][vc_row][vc_column]\t\t\t<div\r\n\t\t\t\tclass=\"main_title  text-center  \">\r\n\t\t\t\t<h2 class=\"title\">Bungalows T1<\/h2>\r\n\t\t\t\t\t\t\t<\/div>\r\n\t\t[\/vc_column][\/vc_row][vc_row][vc_column]\r\n    \r\n        <div class=\"eb-rooms-list\">\r\n\r\n      \r\n<div id=\"eb-archive-room-3702\" class=\"room-list-item room-list-item-archive sidebar-none\">\r\n    <div class=\"row flex-row\">\r\n        <div class=\"col-md-4\">\r\n                        <figure class=\"gradient-overlay overlay-opacity-02 slide-right-hover\">\r\n                <a href=\"https:\/\/azen.pt\/pt-pt\/rooms\/quarto-futebol-bangalo\/\">\r\n                <img alt=\"Quarto Futebol Bungalow\" src=\"https:\/\/azen.pt\/wp-content\/uploads\/2022\/08\/soccer1-720x470.jpeg\">\r\n                <\/a>\r\n            <\/figure>\r\n                    <\/div>\r\n        <div class=\"col-md-5\">\r\n            <div class=\"room-details\">\r\n                <h3 class=\"title\">\r\n                    <a href=\"https:\/\/azen.pt\/pt-pt\/rooms\/quarto-futebol-bangalo\/\">Quarto Futebol Bungalow<\/a>\r\n                <\/h3>\r\n                <p style=\"margin-top: 20px;\"><\/p>\r\n\r\n                \r\n<div class=\"room-services\">\r\n    <div class=\"dragscroll\">\r\n\r\n        <div class=\"room-service-item\" data-toggle=\"popover\" data-placement=\"top\" data-trigger=\"hover\" data-content=\"Varanda Privada\" data-original-title=\"Varanda privada\">\r\n                            <i class=\"fa fa-eye-slash\"><\/i>\r\n                    <\/div>\r\n\r\n            <div class=\"room-service-item\" data-toggle=\"popover\" data-placement=\"top\" data-trigger=\"hover\" data-content=\"Wi-Fi Included\" data-original-title=\"Wi-Fi\">\r\n                            <i class=\"fas fa-wifi\"><\/i>\r\n                    <\/div>\r\n\r\n            <div class=\"room-service-item\" data-toggle=\"popover\" data-placement=\"top\" data-trigger=\"hover\" data-content=\"Pequeno-almo\u00e7o inclu\u00eddo\" data-original-title=\"Pequeno-Almo\u00e7o\">\r\n                            <i class=\"fa fa-cutlery\"><\/i>\r\n                    <\/div>\r\n\r\n            <div class=\"room-service-item\" data-toggle=\"popover\" data-placement=\"top\" data-trigger=\"hover\" data-content=\"Tv inclu\u00edda\" data-original-title=\"TV de tela plana\">\r\n                            <i class=\"fas fa-tv\"><\/i>\r\n                    <\/div>\r\n\r\n            <div class=\"room-service-item\" data-toggle=\"popover\" data-placement=\"top\" data-trigger=\"hover\" data-content=\"Ar condicionado\" data-original-title=\"Ar condicionado\">\r\n                            <i class=\"fa fa-snowflake-o\"><\/i>\r\n                    <\/div>\r\n\r\n            <div class=\"room-service-item\" data-toggle=\"popover\" data-placement=\"top\" data-trigger=\"hover\" data-content=\"Secador do cabelo Inclu\u00eddo\" data-original-title=\"Secador de cabelo\">\r\n                            <i class=\"fa fa-female\"><\/i>\r\n                    <\/div>\r\n\r\n            <div class=\"room-service-item\" data-toggle=\"popover\" data-placement=\"top\" data-trigger=\"hover\" data-content=\"Chaleira inclu\u00edda\" data-original-title=\"Chaleira\">\r\n                            <i class=\"fa fa-coffee\"><\/i>\r\n                    <\/div>\r\n\r\n    \r\n    <\/div>\r\n<\/div>\r\n\r\n\r\n            <\/div>\r\n        <\/div>\r\n\r\n        <div class=\"col-md-3\">\r\n            <div style=\"padding: 62px 30px; text-align: center\">\r\n                                <a href=\"https:\/\/azen.pt\/pt-pt\/rooms\/quarto-futebol-bangalo\/\" class=\"btn eb-btn\">More Details <i class=\"fa fa fa-chevron-right\"><\/i><\/a>\r\n            <\/div>\r\n        <\/div>\r\n\r\n    <\/div>\r\n<\/div>\r\n<div id=\"eb-archive-room-3703\" class=\"room-list-item room-list-item-archive sidebar-none\">\r\n    <div class=\"row flex-row\">\r\n        <div class=\"col-md-4\">\r\n                        <figure class=\"gradient-overlay overlay-opacity-02 slide-right-hover\">\r\n                <a href=\"https:\/\/azen.pt\/pt-pt\/rooms\/quarto-paintball-bangalo\/\">\r\n                <img alt=\"Quarto Paintball Bungalow\" src=\"https:\/\/azen.pt\/wp-content\/uploads\/2022\/08\/paint1-720x470.jpeg\">\r\n                <\/a>\r\n            <\/figure>\r\n                    <\/div>\r\n        <div class=\"col-md-5\">\r\n            <div class=\"room-details\">\r\n                <h3 class=\"title\">\r\n                    <a href=\"https:\/\/azen.pt\/pt-pt\/rooms\/quarto-paintball-bangalo\/\">Quarto Paintball Bungalow<\/a>\r\n                <\/h3>\r\n                <p style=\"margin-top: 20px;\"><\/p>\r\n\r\n                \r\n<div class=\"room-services\">\r\n    <div class=\"dragscroll\">\r\n\r\n        <div class=\"room-service-item\" data-toggle=\"popover\" data-placement=\"top\" data-trigger=\"hover\" data-content=\"Pequeno-almo\u00e7o inclu\u00eddo\" data-original-title=\"Pequeno-Almo\u00e7o\">\r\n                            <i class=\"fa fa-cutlery\"><\/i>\r\n                    <\/div>\r\n\r\n            <div class=\"room-service-item\" data-toggle=\"popover\" data-placement=\"top\" data-trigger=\"hover\" data-content=\"Secador do cabelo Inclu\u00eddo\" data-original-title=\"Secador de cabelo\">\r\n                            <i class=\"fa fa-female\"><\/i>\r\n                    <\/div>\r\n\r\n            <div class=\"room-service-item\" data-toggle=\"popover\" data-placement=\"top\" data-trigger=\"hover\" data-content=\"Tv inclu\u00edda\" data-original-title=\"TV de tela plana\">\r\n                            <i class=\"fas fa-tv\"><\/i>\r\n                    <\/div>\r\n\r\n            <div class=\"room-service-item\" data-toggle=\"popover\" data-placement=\"top\" data-trigger=\"hover\" data-content=\"Varanda Privada\" data-original-title=\"Varanda privada\">\r\n                            <i class=\"fa fa-eye-slash\"><\/i>\r\n                    <\/div>\r\n\r\n            <div class=\"room-service-item\" data-toggle=\"popover\" data-placement=\"top\" data-trigger=\"hover\" data-content=\"Ar condicionado\" data-original-title=\"Ar condicionado\">\r\n                            <i class=\"fa fa-snowflake-o\"><\/i>\r\n                    <\/div>\r\n\r\n            <div class=\"room-service-item\" data-toggle=\"popover\" data-placement=\"top\" data-trigger=\"hover\" data-content=\"Wi-Fi Included\" data-original-title=\"Wi-Fi\">\r\n                            <i class=\"fas fa-wifi\"><\/i>\r\n                    <\/div>\r\n\r\n            <div class=\"room-service-item\" data-toggle=\"popover\" data-placement=\"top\" data-trigger=\"hover\" data-content=\"M\u00e1quina de caf\u00e9 inclu\u00edda\" data-original-title=\"M\u00e1quina de caf\u00e9\">\r\n                            <i class=\"fa fa-coffee\"><\/i>\r\n                    <\/div>\r\n\r\n    \r\n    <\/div>\r\n<\/div>\r\n\r\n\r\n            <\/div>\r\n        <\/div>\r\n\r\n        <div class=\"col-md-3\">\r\n            <div style=\"padding: 62px 30px; text-align: center\">\r\n                                <a href=\"https:\/\/azen.pt\/pt-pt\/rooms\/quarto-paintball-bangalo\/\" class=\"btn eb-btn\">More Details <i class=\"fa fa fa-chevron-right\"><\/i><\/a>\r\n            <\/div>\r\n        <\/div>\r\n\r\n    <\/div>\r\n<\/div>\r\n<div id=\"eb-archive-room-3705\" class=\"room-list-item room-list-item-archive sidebar-none\">\r\n    <div class=\"row flex-row\">\r\n        <div class=\"col-md-4\">\r\n                        <figure class=\"gradient-overlay overlay-opacity-02 slide-right-hover\">\r\n                <a href=\"https:\/\/azen.pt\/pt-pt\/rooms\/quarto-pesca-bangalo\/\">\r\n                <img alt=\"Quarto Pesca Bungalow\" src=\"https:\/\/azen.pt\/wp-content\/uploads\/2022\/08\/fish3-720x470.jpeg\">\r\n                <\/a>\r\n            <\/figure>\r\n                    <\/div>\r\n        <div class=\"col-md-5\">\r\n            <div class=\"room-details\">\r\n                <h3 class=\"title\">\r\n                    <a href=\"https:\/\/azen.pt\/pt-pt\/rooms\/quarto-pesca-bangalo\/\">Quarto Pesca Bungalow<\/a>\r\n                <\/h3>\r\n                <p style=\"margin-top: 20px;\"><\/p>\r\n\r\n                \r\n<div class=\"room-services\">\r\n    <div class=\"dragscroll\">\r\n\r\n        <div class=\"room-service-item\" data-toggle=\"popover\" data-placement=\"top\" data-trigger=\"hover\" data-content=\"Pequeno-almo\u00e7o inclu\u00eddo\" data-original-title=\"Pequeno-Almo\u00e7o\">\r\n                            <i class=\"fa fa-cutlery\"><\/i>\r\n                    <\/div>\r\n\r\n            <div class=\"room-service-item\" data-toggle=\"popover\" data-placement=\"top\" data-trigger=\"hover\" data-content=\"Secador do cabelo Inclu\u00eddo\" data-original-title=\"Secador de cabelo\">\r\n                            <i class=\"fa fa-female\"><\/i>\r\n                    <\/div>\r\n\r\n            <div class=\"room-service-item\" data-toggle=\"popover\" data-placement=\"top\" data-trigger=\"hover\" data-content=\"M\u00e1quina de caf\u00e9 inclu\u00edda\" data-original-title=\"M\u00e1quina de caf\u00e9\">\r\n                            <i class=\"fa fa-coffee\"><\/i>\r\n                    <\/div>\r\n\r\n            <div class=\"room-service-item\" data-toggle=\"popover\" data-placement=\"top\" data-trigger=\"hover\" data-content=\"Tv inclu\u00edda\" data-original-title=\"TV de tela plana\">\r\n                            <i class=\"fas fa-tv\"><\/i>\r\n                    <\/div>\r\n\r\n            <div class=\"room-service-item\" data-toggle=\"popover\" data-placement=\"top\" data-trigger=\"hover\" data-content=\"Ar condicionado\" data-original-title=\"Ar condicionado\">\r\n                            <i class=\"fa fa-snowflake-o\"><\/i>\r\n                    <\/div>\r\n\r\n            <div class=\"room-service-item\" data-toggle=\"popover\" data-placement=\"top\" data-trigger=\"hover\" data-content=\"Varanda Privada\" data-original-title=\"Varanda privada\">\r\n                            <i class=\"fa fa-eye-slash\"><\/i>\r\n                    <\/div>\r\n\r\n            <div class=\"room-service-item\" data-toggle=\"popover\" data-placement=\"top\" data-trigger=\"hover\" data-content=\"Wi-Fi Included\" data-original-title=\"Wi-Fi\">\r\n                            <i class=\"fas fa-wifi\"><\/i>\r\n                    <\/div>\r\n\r\n            <div class=\"room-service-item\" data-toggle=\"popover\" data-placement=\"top\" data-trigger=\"hover\" data-content=\"Chaleira inclu\u00edda\" data-original-title=\"Chaleira\">\r\n                            <i class=\"fa fa-coffee\"><\/i>\r\n                    <\/div>\r\n\r\n    \r\n    <\/div>\r\n<\/div>\r\n\r\n\r\n            <\/div>\r\n        <\/div>\r\n\r\n        <div class=\"col-md-3\">\r\n            <div style=\"padding: 62px 30px; text-align: center\">\r\n                                <a href=\"https:\/\/azen.pt\/pt-pt\/rooms\/quarto-pesca-bangalo\/\" class=\"btn eb-btn\">More Details <i class=\"fa fa fa-chevron-right\"><\/i><\/a>\r\n            <\/div>\r\n        <\/div>\r\n\r\n    <\/div>\r\n<\/div>\r\n      <\/div>\r\n\r\n    [\/vc_column][\/vc_row][vc_row][vc_column]\t\t\t<div\r\n\t\t\t\tclass=\"main_title  text-center  \">\r\n\t\t\t\t<h2 class=\"title\">Bungalow T2<\/h2>\r\n\t\t\t\t\t\t\t<\/div>\r\n\t\t[\/vc_column][\/vc_row][vc_row][vc_column]\r\n    \r\n        <div class=\"eb-rooms-list\">\r\n\r\n      \r\n<div id=\"eb-archive-room-3701\" class=\"room-list-item room-list-item-archive sidebar-none\">\r\n    <div class=\"row flex-row\">\r\n        <div class=\"col-md-4\">\r\n                        <figure class=\"gradient-overlay overlay-opacity-02 slide-right-hover\">\r\n                <a href=\"https:\/\/azen.pt\/pt-pt\/rooms\/quarto-golfe-bangalow\/\">\r\n                <img alt=\"Quarto Golfe Bungalow\" src=\"https:\/\/azen.pt\/wp-content\/uploads\/2022\/09\/93c67867-8e73-4056-838b-d8755e4482e0-2-1-720x470.jpg\">\r\n                <\/a>\r\n            <\/figure>\r\n                    <\/div>\r\n        <div class=\"col-md-5\">\r\n            <div class=\"room-details\">\r\n                <h3 class=\"title\">\r\n                    <a href=\"https:\/\/azen.pt\/pt-pt\/rooms\/quarto-golfe-bangalow\/\">Quarto Golfe Bungalow<\/a>\r\n                <\/h3>\r\n                <p style=\"margin-top: 20px;\"><\/p>\r\n\r\n                \r\n<div class=\"room-services\">\r\n    <div class=\"dragscroll\">\r\n\r\n        <div class=\"room-service-item\" data-toggle=\"popover\" data-placement=\"top\" data-trigger=\"hover\" data-content=\"Pequeno-almo\u00e7o inclu\u00eddo\" data-original-title=\"Pequeno-Almo\u00e7o\">\r\n                            <i class=\"fa fa-cutlery\"><\/i>\r\n                    <\/div>\r\n\r\n            <div class=\"room-service-item\" data-toggle=\"popover\" data-placement=\"top\" data-trigger=\"hover\" data-content=\"Secador do cabelo Inclu\u00eddo\" data-original-title=\"Secador de cabelo\">\r\n                            <i class=\"fa fa-female\"><\/i>\r\n                    <\/div>\r\n\r\n            <div class=\"room-service-item\" data-toggle=\"popover\" data-placement=\"top\" data-trigger=\"hover\" data-content=\"Tv inclu\u00edda\" data-original-title=\"TV de tela plana\">\r\n                            <i class=\"fas fa-tv\"><\/i>\r\n                    <\/div>\r\n\r\n            <div class=\"room-service-item\" data-toggle=\"popover\" data-placement=\"top\" data-trigger=\"hover\" data-content=\"Ar condicionado\" data-original-title=\"Ar condicionado\">\r\n                            <i class=\"fa fa-snowflake-o\"><\/i>\r\n                    <\/div>\r\n\r\n            <div class=\"room-service-item\" data-toggle=\"popover\" data-placement=\"top\" data-trigger=\"hover\" data-content=\"Varanda Privada\" data-original-title=\"Varanda privada\">\r\n                            <i class=\"fa fa-eye-slash\"><\/i>\r\n                    <\/div>\r\n\r\n            <div class=\"room-service-item\" data-toggle=\"popover\" data-placement=\"top\" data-trigger=\"hover\" data-content=\"Wi-Fi Included\" data-original-title=\"Wi-Fi\">\r\n                            <i class=\"fas fa-wifi\"><\/i>\r\n                    <\/div>\r\n\r\n            <div class=\"room-service-item\" data-toggle=\"popover\" data-placement=\"top\" data-trigger=\"hover\" data-content=\"M\u00e1quina de caf\u00e9 inclu\u00edda\" data-original-title=\"M\u00e1quina de caf\u00e9\">\r\n                            <i class=\"fa fa-coffee\"><\/i>\r\n                    <\/div>\r\n\r\n    \r\n    <\/div>\r\n<\/div>\r\n\r\n\r\n            <\/div>\r\n        <\/div>\r\n\r\n        <div class=\"col-md-3\">\r\n            <div style=\"padding: 62px 30px; text-align: center\">\r\n                                <a href=\"https:\/\/azen.pt\/pt-pt\/rooms\/quarto-golfe-bangalow\/\" class=\"btn eb-btn\">More Details <i class=\"fa fa fa-chevron-right\"><\/i><\/a>\r\n            <\/div>\r\n        <\/div>\r\n\r\n    <\/div>\r\n<\/div>\r\n      <\/div>\r\n\r\n    [\/vc_column][\/vc_row]<\/p>\n","protected":false},"excerpt":{"rendered":"<p>[vc_row][vc_column][\/vc_column][\/vc_row][vc_row css=&#8221;.vc_custom_1659549169263{padding-top: 100px !important;}&#8221;][vc_column][\/vc_column][\/vc_row][vc_row][vc_column][\/vc_column][\/vc_row][vc_row][vc_column][\/vc_column][\/vc_row][vc_row][vc_column][\/vc_column][\/vc_row][vc_row][vc_column][\/vc_column][\/vc_row]<\/p>\n","protected":false},"author":1,"featured_media":0,"parent":0,"menu_order":0,"comment_status":"closed","ping_status":"closed","template":"","meta":{"footnotes":""},"_links":{"self":[{"href":"https:\/\/azen.pt\/pt-pt\/wp-json\/wp\/v2\/pages\/3720"}],"collection":[{"href":"https:\/\/azen.pt\/pt-pt\/wp-json\/wp\/v2\/pages"}],"about":[{"href":"https:\/\/azen.pt\/pt-pt\/wp-json\/wp\/v2\/types\/page"}],"author":[{"embeddable":true,"href":"https:\/\/azen.pt\/pt-pt\/wp-json\/wp\/v2\/users\/1"}],"replies":[{"embeddable":true,"href":"https:\/\/azen.pt\/pt-pt\/wp-json\/wp\/v2\/comments?post=3720"}],"version-history":[{"count":5,"href":"https:\/\/azen.pt\/pt-pt\/wp-json\/wp\/v2\/pages\/3720\/revisions"}],"predecessor-version":[{"id":4261,"href":"https:\/\/azen.pt\/pt-pt\/wp-json\/wp\/v2\/pages\/3720\/revisions\/4261"}],"wp:attachment":[{"href":"https:\/\/azen.pt\/pt-pt\/wp-json\/wp\/v2\/media?parent=3720"}],"curies":[{"name":"wp","href":"https:\/\/api.w.org\/{rel}","templated":true}]}}