{"id":3694,"date":"2022-08-03T11:27:29","date_gmt":"2022-08-03T11:27:29","guid":{"rendered":"https:\/\/azen.connectionthemes.com\/atividades\/"},"modified":"2025-02-04T11:12:23","modified_gmt":"2025-02-04T11:12:23","slug":"atividades","status":"publish","type":"page","link":"https:\/\/azen.pt\/pt-pt\/atividades\/","title":{"rendered":"Atividades"},"content":{"rendered":"<p>[vc_row css=&#8221;.vc_custom_1662552156801{padding-bottom: 100px !important;}&#8221;][vc_column width=&#8221;1\/2&#8243;]\r\n        <div class=\"image-3d-effect\">\r\n          <div class=\"side left\"><\/div>\r\n          <div class=\"side right\"><\/div>\r\n          <div class=\"images\">\r\n                        <div class=\"front-image\" style=\"background-image: url(https:\/\/azen.pt\/wp-content\/uploads\/2022\/08\/Troca-Tintas-Atividades-Arborismo-Adultos-Capa.jpeg)\"><\/div>\r\n                                  <\/div>\r\n        <\/div>\r\n\r\n\r\n\r\n        [\/vc_column][vc_column width=&#8221;1\/2&#8243;]\t\t\t<div\r\n\t\t\t\tclass=\"main_title  text-left  \">\r\n\t\t\t\t<h2 class=\"title\">Arborismo, Escalada e Slide<\/h2>\r\n\t\t\t\t\t\t\t\t\t<p class=\"main_description\">Walk in circuito de arborismo: 15\u20ac\/pax Nota: hor\u00e1rio de funcionamento do bar do clube. Sem monitor, \u00e9 necess\u00e1rio um encarregado de educa\u00e7\u00e3o presente, para 1 a 4 pessoas.<\/p>\r\n\t\t\t\t\t\t\t<\/div>\r\n\t\t[vc_column_text]Aceite o desafio e venha conhecer o circuito adulto de arborismo do Azen Park, \u00fanico no g\u00e9nero em Portugal. Perfeito para superar gradualmente algum receio de alturas, pode come\u00e7ar pelo primeiro n\u00edvel a 5 metros de altura antes de passar ao segundo n\u00edvel onde encontra uma vista surpreendente acima das copas das \u00e1rvores e de frente para o oceano\u2026a 8 metros de altura.[\/vc_column_text][vc_row_inner][vc_column_inner]\r\n        \r\n        <style>\r\n\t\t\t\t#btn-container-yG2hv {\r\n\t\t\t\t\tfont-size: 15px;\r\n\t\t\t\t\tfont-weight: bold;\r\n\t\t\t\t}\r\n        #btn-yG2hv {\r\n        \tbackground: #294426;\r\n\t\t\t\t\tborder-style: solid;\r\n        \tborder-color: #294426;\r\n\t\t\t\t\tborder-width: 2px;\r\n        \tcolor: #ffffff;\r\n\t\t\t\t\tpadding: 10px 20px;\r\n\t\t\t\t\tborder-radius: 2px;\r\n\t\t\t\t\tfont-size: 15px;\r\n\t\t\t\t\tline-height: 15px;\r\n\t\t\t\t\t\t\t\t\t\t\t\t\t\t\tbox-shadow: 0 15px 30px rgba(0, 0, 0, 0.10);\r\n\t\t\t\t\t\t\t\t\t\tfont-weight: bold;\r\n        }\r\n\r\n\t\t\t\t#btn-yG2hv:hover {\r\n\t\t\t\t\tbackground: #325e43;\r\n\t\t\t\t\tborder-color: #294426;\r\n\t\t\t\t\tcolor: #ffffff;\r\n\t\t\t\t\t\t\t\t\t\t\t\t\t\t\tbox-shadow: none;\r\n\t\t\t\t\t\t\t\t\t\t\t\t\t\t\t-ms-transform: translateY(-2px);\r\n\t\t\t\t\ttransform: translateY(-2px);\r\n\t\t\t\t\t-webkit-transform: translateY(-2px);\r\n\t\t\t\t\t\r\n\t\t\t\t}\r\n\r\n\t\t    #btn-yG2hv i {\r\n\t\t\t\t\tright: 14px;\r\n\t\t\t\t\tmargin-top: 0;\r\n\t\t\t\t\tvertical-align: middle;\r\n\t\t\t\t\tborder-radius: 50%;\r\n\t\t\t\t\tline-height: 20px;\r\n\t\t\t\t\theight: 20px;\r\n\t\t\t\t\twidth: 20px;\r\n\t\t\t\t\tbackground: #1dc1f8;\r\n\t\t\t\t\tmargin-left: 8px;\r\n\t\t\t\t\tmargin-right: 0;\r\n\t\t\t\t\tcolor: #ffffff;\r\n\t\t\t\t\tfont-size: 8px;\r\n\t\t\t\t\ttext-align: center;\r\n\t\t\t\t}\r\n\r\n\t\t\t\t #btn-yG2hv:hover i {\r\n\t\t\t\t \tbackground: #ffffff;\r\n\t\t\t\t\tcolor: #1dc1f8;\r\n\t\t\t\t }\r\n\r\n        <\/style>\r\n\r\n\t\t<!-- BUTTON -->\r\n        <div id=\"btn-container-yG2hv\" class=\"text-left\">\r\n\t\t\t\r\n\t\t\t\t\t<a href=\"\/pt-pt\/atividades\/arborismo\/\" id=\"btn-yG2hv\" class=\"btn \" target=\"_self\">\r\n\t\t\t\t\t\tVer mais\t\t\t\t\t\t\t\t\t\t\t<\/a>\r\n\t\t\t\t\t        <\/div>\r\n\r\n        [\/vc_column_inner][\/vc_row_inner][\/vc_column][\/vc_row][vc_row css=&#8221;.vc_custom_1662730338952{padding-bottom: 100px !important;}&#8221; el_class=&#8221;order-row&#8221;][vc_column width=&#8221;1\/2&#8243; el_class=&#8221;action-text&#8221;]\t\t\t<div\r\n\t\t\t\tclass=\"main_title  text-left  \">\r\n\t\t\t\t<h2 class=\"title\">Paintball<\/h2>\r\n\t\t\t\t\t\t\t<\/div>\r\n\t\t[vc_column_text]Venha jogar Paintball no Azen Park, um dos parques pioneiros da modalidade em Portugal, localizado a 15 minutos do centro de Sintra, perto da praia das Azenhas do Mar. Com mais de 20 anos de experi\u00eancia aliados \u00e1 envolv\u00eancia natural do nosso espa\u00e7o, os nossos jogos de Paintball proporcionam momentos inesquec\u00edveis, plenos de adrenalina e divers\u00e3o.[\/vc_column_text]\r\n        \r\n        <style>\r\n\t\t\t\t#btn-container-acrmr {\r\n\t\t\t\t\tfont-size: 15px;\r\n\t\t\t\t\tfont-weight: bold;\r\n\t\t\t\t}\r\n        #btn-acrmr {\r\n        \tbackground: #294426;\r\n\t\t\t\t\tborder-style: solid;\r\n        \tborder-color: #294426;\r\n\t\t\t\t\tborder-width: 2px;\r\n        \tcolor: #ffffff;\r\n\t\t\t\t\tpadding: 10px 20px;\r\n\t\t\t\t\tborder-radius: 2px;\r\n\t\t\t\t\tfont-size: 15px;\r\n\t\t\t\t\tline-height: 15px;\r\n\t\t\t\t\t\t\t\t\t\t\t\t\t\t\tbox-shadow: 0 15px 30px rgba(0, 0, 0, 0.10);\r\n\t\t\t\t\t\t\t\t\t\tfont-weight: bold;\r\n        }\r\n\r\n\t\t\t\t#btn-acrmr:hover {\r\n\t\t\t\t\tbackground: #325e43;\r\n\t\t\t\t\tborder-color: #294426;\r\n\t\t\t\t\tcolor: #ffffff;\r\n\t\t\t\t\t\t\t\t\t\t\t\t\t\t\tbox-shadow: none;\r\n\t\t\t\t\t\t\t\t\t\t\t\t\t\t\t-ms-transform: translateY(-2px);\r\n\t\t\t\t\ttransform: translateY(-2px);\r\n\t\t\t\t\t-webkit-transform: translateY(-2px);\r\n\t\t\t\t\t\r\n\t\t\t\t}\r\n\r\n\t\t    #btn-acrmr i {\r\n\t\t\t\t\tright: 14px;\r\n\t\t\t\t\tmargin-top: 0;\r\n\t\t\t\t\tvertical-align: middle;\r\n\t\t\t\t\tborder-radius: 50%;\r\n\t\t\t\t\tline-height: 20px;\r\n\t\t\t\t\theight: 20px;\r\n\t\t\t\t\twidth: 20px;\r\n\t\t\t\t\tbackground: #1dc1f8;\r\n\t\t\t\t\tmargin-left: 8px;\r\n\t\t\t\t\tmargin-right: 0;\r\n\t\t\t\t\tcolor: #ffffff;\r\n\t\t\t\t\tfont-size: 8px;\r\n\t\t\t\t\ttext-align: center;\r\n\t\t\t\t}\r\n\r\n\t\t\t\t #btn-acrmr:hover i {\r\n\t\t\t\t \tbackground: #ffffff;\r\n\t\t\t\t\tcolor: #1dc1f8;\r\n\t\t\t\t }\r\n\r\n        <\/style>\r\n\r\n\t\t<!-- BUTTON -->\r\n        <div id=\"btn-container-acrmr\" class=\"text-left\">\r\n\t\t\t\r\n\t\t\t\t\t<a href=\"\/pt-pt\/atividades\/paintball\/\" id=\"btn-acrmr\" class=\"btn \" target=\"_self\">\r\n\t\t\t\t\t\tVer mais\t\t\t\t\t\t\t\t\t\t\t<\/a>\r\n\t\t\t\t\t        <\/div>\r\n\r\n        [\/vc_column][vc_column width=&#8221;1\/2&#8243; el_class=&#8221;action-img&#8221;]\r\n        <div class=\"image-3d-effect\">\r\n          <div class=\"side left\"><\/div>\r\n          <div class=\"side right\"><\/div>\r\n          <div class=\"images\">\r\n                        <div class=\"front-image\" style=\"background-image: url(https:\/\/azen.pt\/wp-content\/uploads\/2022\/08\/Paintball_Sintra_Trocatintas.jpeg)\"><\/div>\r\n                                  <\/div>\r\n        <\/div>\r\n\r\n\r\n\r\n        [\/vc_column][\/vc_row][vc_row css=&#8221;.vc_custom_1662730365206{padding-bottom: 100px !important;}&#8221;][vc_column width=&#8221;1\/2&#8243;]\r\n        <div class=\"image-3d-effect\">\r\n          <div class=\"side left\"><\/div>\r\n          <div class=\"side right\"><\/div>\r\n          <div class=\"images\">\r\n                        <div class=\"front-image\" style=\"background-image: url(https:\/\/azen.pt\/wp-content\/uploads\/2022\/09\/image4-scaled.jpeg)\"><\/div>\r\n                                  <\/div>\r\n        <\/div>\r\n\r\n\r\n\r\n        [\/vc_column][vc_column width=&#8221;1\/2&#8243;]\t\t\t<div\r\n\t\t\t\tclass=\"main_title  text-left  \">\r\n\t\t\t\t<h2 class=\"title\">Laser Tag<\/h2>\r\n\t\t\t\t\t\t\t<\/div>\r\n\t\t[vc_column_text]O Laser Tag no Azen Park proporciona toda a adrenalina e divers\u00e3o dos jogos de estrat\u00e9gia e combate, jogados com seus amigos. \u00c9 semelhante ao paintball, mas com pequenas diferen\u00e7as. *<strong>A arma n\u00e3o dispara muni\u00e7\u00e3o real, ela envia um sinal para a engrenagem do oponente e afeta sua contagem de vida.<\/strong>*. Com v\u00e1rios modos de jogo, esta atividade \u00e9 perfeita n\u00e3o apenas para crian\u00e7as de sete anos, mas tamb\u00e9m para adultos na casa dos setenta. Voc\u00ea se atreveria a experiment\u00e1-lo?[\/vc_column_text]\r\n        \r\n        <style>\r\n\t\t\t\t#btn-container-IGnZu {\r\n\t\t\t\t\tfont-size: 15px;\r\n\t\t\t\t\tfont-weight: bold;\r\n\t\t\t\t}\r\n        #btn-IGnZu {\r\n        \tbackground: #294426;\r\n\t\t\t\t\tborder-style: solid;\r\n        \tborder-color: #294426;\r\n\t\t\t\t\tborder-width: 2px;\r\n        \tcolor: #ffffff;\r\n\t\t\t\t\tpadding: 10px 20px;\r\n\t\t\t\t\tborder-radius: 2px;\r\n\t\t\t\t\tfont-size: 15px;\r\n\t\t\t\t\tline-height: 15px;\r\n\t\t\t\t\t\t\t\t\t\t\t\t\t\t\tbox-shadow: 0 15px 30px rgba(0, 0, 0, 0.10);\r\n\t\t\t\t\t\t\t\t\t\tfont-weight: bold;\r\n        }\r\n\r\n\t\t\t\t#btn-IGnZu:hover {\r\n\t\t\t\t\tbackground: #325e43;\r\n\t\t\t\t\tborder-color: #294426;\r\n\t\t\t\t\tcolor: #ffffff;\r\n\t\t\t\t\t\t\t\t\t\t\t\t\t\t\tbox-shadow: none;\r\n\t\t\t\t\t\t\t\t\t\t\t\t\t\t\t-ms-transform: translateY(-2px);\r\n\t\t\t\t\ttransform: translateY(-2px);\r\n\t\t\t\t\t-webkit-transform: translateY(-2px);\r\n\t\t\t\t\t\r\n\t\t\t\t}\r\n\r\n\t\t    #btn-IGnZu i {\r\n\t\t\t\t\tright: 14px;\r\n\t\t\t\t\tmargin-top: 0;\r\n\t\t\t\t\tvertical-align: middle;\r\n\t\t\t\t\tborder-radius: 50%;\r\n\t\t\t\t\tline-height: 20px;\r\n\t\t\t\t\theight: 20px;\r\n\t\t\t\t\twidth: 20px;\r\n\t\t\t\t\tbackground: #1dc1f8;\r\n\t\t\t\t\tmargin-left: 8px;\r\n\t\t\t\t\tmargin-right: 0;\r\n\t\t\t\t\tcolor: #ffffff;\r\n\t\t\t\t\tfont-size: 8px;\r\n\t\t\t\t\ttext-align: center;\r\n\t\t\t\t}\r\n\r\n\t\t\t\t #btn-IGnZu:hover i {\r\n\t\t\t\t \tbackground: #ffffff;\r\n\t\t\t\t\tcolor: #1dc1f8;\r\n\t\t\t\t }\r\n\r\n        <\/style>\r\n\r\n\t\t<!-- BUTTON -->\r\n        <div id=\"btn-container-IGnZu\" class=\"text-left\">\r\n\t\t\t\r\n\t\t\t\t\t<a href=\"\/pt-pt\/atividades\/laser-tag\/\" id=\"btn-IGnZu\" class=\"btn \" target=\"_self\">\r\n\t\t\t\t\t\tVer mais\t\t\t\t\t\t\t\t\t\t\t<\/a>\r\n\t\t\t\t\t        <\/div>\r\n\r\n        [\/vc_column][\/vc_row][vc_row css=&#8221;.vc_custom_1662730383502{padding-bottom: 100px !important;}&#8221; el_class=&#8221;order-row&#8221;][vc_column width=&#8221;1\/2&#8243; el_class=&#8221;action-text&#8221;]\t\t\t<div\r\n\t\t\t\tclass=\"main_title  text-left  \">\r\n\t\t\t\t<h2 class=\"title\">Team Building<\/h2>\r\n\t\t\t\t\t\t\t<\/div>\r\n\t\t[vc_column_text]Desenhados tendo em conta os principais aspetos do \u201cTeam Building\u201d, os Jogos de Team Building do Azen Park visam promover o inter-relacionamento entre os participantes num ambiente informal e divertido, contribuindo para uma melhoria da efici\u00eancia da sua equipa. Consistem num conjunto organizado de jogos pontu\u00e1veis, onde, num espirito de competi\u00e7\u00e3o saud\u00e1vel e divers\u00e3o, as v\u00e1rias equipas d\u00e3o o seu melhor de forma a superar os desafios apresentados.[\/vc_column_text]\r\n        \r\n        <style>\r\n\t\t\t\t#btn-container-c8RZN {\r\n\t\t\t\t\tfont-size: 15px;\r\n\t\t\t\t\tfont-weight: bold;\r\n\t\t\t\t}\r\n        #btn-c8RZN {\r\n        \tbackground: #294426;\r\n\t\t\t\t\tborder-style: solid;\r\n        \tborder-color: #294426;\r\n\t\t\t\t\tborder-width: 2px;\r\n        \tcolor: #ffffff;\r\n\t\t\t\t\tpadding: 10px 20px;\r\n\t\t\t\t\tborder-radius: 2px;\r\n\t\t\t\t\tfont-size: 15px;\r\n\t\t\t\t\tline-height: 15px;\r\n\t\t\t\t\t\t\t\t\t\t\t\t\t\t\tbox-shadow: 0 15px 30px rgba(0, 0, 0, 0.10);\r\n\t\t\t\t\t\t\t\t\t\tfont-weight: bold;\r\n        }\r\n\r\n\t\t\t\t#btn-c8RZN:hover {\r\n\t\t\t\t\tbackground: #325e43;\r\n\t\t\t\t\tborder-color: #294426;\r\n\t\t\t\t\tcolor: #ffffff;\r\n\t\t\t\t\t\t\t\t\t\t\t\t\t\t\tbox-shadow: none;\r\n\t\t\t\t\t\t\t\t\t\t\t\t\t\t\t-ms-transform: translateY(-2px);\r\n\t\t\t\t\ttransform: translateY(-2px);\r\n\t\t\t\t\t-webkit-transform: translateY(-2px);\r\n\t\t\t\t\t\r\n\t\t\t\t}\r\n\r\n\t\t    #btn-c8RZN i {\r\n\t\t\t\t\tright: 14px;\r\n\t\t\t\t\tmargin-top: 0;\r\n\t\t\t\t\tvertical-align: middle;\r\n\t\t\t\t\tborder-radius: 50%;\r\n\t\t\t\t\tline-height: 20px;\r\n\t\t\t\t\theight: 20px;\r\n\t\t\t\t\twidth: 20px;\r\n\t\t\t\t\tbackground: #1dc1f8;\r\n\t\t\t\t\tmargin-left: 8px;\r\n\t\t\t\t\tmargin-right: 0;\r\n\t\t\t\t\tcolor: #ffffff;\r\n\t\t\t\t\tfont-size: 8px;\r\n\t\t\t\t\ttext-align: center;\r\n\t\t\t\t}\r\n\r\n\t\t\t\t #btn-c8RZN:hover i {\r\n\t\t\t\t \tbackground: #ffffff;\r\n\t\t\t\t\tcolor: #1dc1f8;\r\n\t\t\t\t }\r\n\r\n        <\/style>\r\n\r\n\t\t<!-- BUTTON -->\r\n        <div id=\"btn-container-c8RZN\" class=\"text-left\">\r\n\t\t\t\r\n\t\t\t\t\t<a href=\"\/pt-pt\/atividades\/team-building\/\" id=\"btn-c8RZN\" class=\"btn \" target=\"_self\">\r\n\t\t\t\t\t\tVer mais\t\t\t\t\t\t\t\t\t\t\t<\/a>\r\n\t\t\t\t\t        <\/div>\r\n\r\n        [\/vc_column][vc_column width=&#8221;1\/2&#8243; el_class=&#8221;action-img&#8221;]\r\n        <div class=\"image-3d-effect\">\r\n          <div class=\"side left\"><\/div>\r\n          <div class=\"side right\"><\/div>\r\n          <div class=\"images\">\r\n                        <div class=\"front-image\" style=\"background-image: url(https:\/\/azen.pt\/wp-content\/uploads\/2022\/08\/Troca-Tintas-O-mais-Popular-Team-Beuilding.jpeg)\"><\/div>\r\n                                  <\/div>\r\n        <\/div>\r\n\r\n\r\n\r\n        [\/vc_column][\/vc_row][vc_row disable_element=&#8221;yes&#8221; css=&#8221;.vc_custom_1662647983255{padding-bottom: 100px !important;}&#8221;][vc_column width=&#8221;1\/2&#8243;]\r\n        <div class=\"image-3d-effect\">\r\n          <div class=\"side left\"><\/div>\r\n          <div class=\"side right\"><\/div>\r\n          <div class=\"images\">\r\n                        <div class=\"front-image\" style=\"background-image: url(https:\/\/azen.pt\/wp-content\/uploads\/2022\/08\/Jogar-Paintball-crianc\u0327as-TT-3.jpeg)\"><\/div>\r\n                                  <\/div>\r\n        <\/div>\r\n\r\n\r\n\r\n        [vc_empty_space height=&#8221;35px&#8221;][\/vc_column][vc_column width=&#8221;1\/2&#8243;]\t\t\t<div\r\n\t\t\t\tclass=\"main_title  text-left  \">\r\n\t\t\t\t<h2 class=\"title\">Paintball Crian\u00e7as<\/h2>\r\n\t\t\t\t\t\t\t<\/div>\r\n\t\t[vc_column_text]No Azen Park as crian\u00e7as a partir dos 8 anos de idade podem tamb\u00e9m experimentar toda a divers\u00e3o do Paintball em condi\u00e7\u00f5es de seguran\u00e7a adequadas \u00e1 idade, com os marcadores Splatmaster. Estes marcadores, constru\u00eddos em pl\u00e1stico e com funcionamento de mola, foram concebidos para serem leves, de f\u00e1cil utiliza\u00e7\u00e3o e com disparos de baixo impacto, utilizando bolas de tinta de calibre reduzido.[\/vc_column_text]\r\n        \r\n        <style>\r\n\t\t\t\t#btn-container-D9bic {\r\n\t\t\t\t\tfont-size: 15px;\r\n\t\t\t\t\tfont-weight: bold;\r\n\t\t\t\t}\r\n        #btn-D9bic {\r\n        \tbackground: #294426;\r\n\t\t\t\t\tborder-style: solid;\r\n        \tborder-color: #294426;\r\n\t\t\t\t\tborder-width: 2px;\r\n        \tcolor: #ffffff;\r\n\t\t\t\t\tpadding: 10px 20px;\r\n\t\t\t\t\tborder-radius: 2px;\r\n\t\t\t\t\tfont-size: 15px;\r\n\t\t\t\t\tline-height: 15px;\r\n\t\t\t\t\t\t\t\t\t\t\t\t\t\t\tbox-shadow: 0 15px 30px rgba(0, 0, 0, 0.10);\r\n\t\t\t\t\t\t\t\t\t\tfont-weight: bold;\r\n        }\r\n\r\n\t\t\t\t#btn-D9bic:hover {\r\n\t\t\t\t\tbackground: #325e43;\r\n\t\t\t\t\tborder-color: #294426;\r\n\t\t\t\t\tcolor: #ffffff;\r\n\t\t\t\t\t\t\t\t\t\t\t\t\t\t\tbox-shadow: none;\r\n\t\t\t\t\t\t\t\t\t\t\t\t\t\t\t-ms-transform: translateY(-2px);\r\n\t\t\t\t\ttransform: translateY(-2px);\r\n\t\t\t\t\t-webkit-transform: translateY(-2px);\r\n\t\t\t\t\t\r\n\t\t\t\t}\r\n\r\n\t\t    #btn-D9bic i {\r\n\t\t\t\t\tright: 14px;\r\n\t\t\t\t\tmargin-top: 0;\r\n\t\t\t\t\tvertical-align: middle;\r\n\t\t\t\t\tborder-radius: 50%;\r\n\t\t\t\t\tline-height: 20px;\r\n\t\t\t\t\theight: 20px;\r\n\t\t\t\t\twidth: 20px;\r\n\t\t\t\t\tbackground: #1dc1f8;\r\n\t\t\t\t\tmargin-left: 8px;\r\n\t\t\t\t\tmargin-right: 0;\r\n\t\t\t\t\tcolor: #ffffff;\r\n\t\t\t\t\tfont-size: 8px;\r\n\t\t\t\t\ttext-align: center;\r\n\t\t\t\t}\r\n\r\n\t\t\t\t #btn-D9bic:hover i {\r\n\t\t\t\t \tbackground: #ffffff;\r\n\t\t\t\t\tcolor: #1dc1f8;\r\n\t\t\t\t }\r\n\r\n        <\/style>\r\n\r\n\t\t<!-- BUTTON -->\r\n        <div id=\"btn-container-D9bic\" class=\"text-left\">\r\n\t\t\t\r\n\t\t\t\t\t<a href=\"https:\/\/azen.connectionthemes.com\/azen-park-activities\/paint-ball-kids\/\" id=\"btn-D9bic\" class=\"btn \" target=\"_self\">\r\n\t\t\t\t\t\tSee more\t\t\t\t\t\t\t\t\t\t\t<\/a>\r\n\t\t\t\t\t        <\/div>\r\n\r\n        [\/vc_column][\/vc_row][vc_row disable_element=&#8221;yes&#8221; css=&#8221;.vc_custom_1662648028388{padding-bottom: 100px !important;}&#8221;][vc_column width=&#8221;1\/2&#8243;]\t\t\t<div\r\n\t\t\t\tclass=\"main_title  text-left  \">\r\n\t\t\t\t<h2 class=\"title\">Arborismo Kids<\/h2>\r\n\t\t\t\t\t\t\t<\/div>\r\n\t\t[vc_column_text]<\/p>\n<p style=\"font-weight: 300;\">O Azen Park tem um circuito de arborismo desenhado paracrian\u00e7as entre os 6 e os 10 anos de idade, conhecido pelo circuito \u201cMinimilk\u201d,que oferece 40 pontes diferentes e dois andares. Com um grau de dificuldade m\u00e9dio\/baixo permite aos mais pequenos uma divertida experi\u00eancia nas alturas em total seguran\u00e7a, permanentemente acompanhados pela nossa equipa de monitores.<\/p>\n<p>[\/vc_column_text]\r\n        \r\n        <style>\r\n\t\t\t\t#btn-container-J5laD {\r\n\t\t\t\t\tfont-size: 15px;\r\n\t\t\t\t\tfont-weight: bold;\r\n\t\t\t\t}\r\n        #btn-J5laD {\r\n        \tbackground: #294426;\r\n\t\t\t\t\tborder-style: solid;\r\n        \tborder-color: #294426;\r\n\t\t\t\t\tborder-width: 2px;\r\n        \tcolor: #ffffff;\r\n\t\t\t\t\tpadding: 10px 20px;\r\n\t\t\t\t\tborder-radius: 2px;\r\n\t\t\t\t\tfont-size: 15px;\r\n\t\t\t\t\tline-height: 15px;\r\n\t\t\t\t\t\t\t\t\t\t\t\t\t\t\tbox-shadow: 0 15px 30px rgba(0, 0, 0, 0.10);\r\n\t\t\t\t\t\t\t\t\t\tfont-weight: bold;\r\n        }\r\n\r\n\t\t\t\t#btn-J5laD:hover {\r\n\t\t\t\t\tbackground: #325e43;\r\n\t\t\t\t\tborder-color: #294426;\r\n\t\t\t\t\tcolor: #ffffff;\r\n\t\t\t\t\t\t\t\t\t\t\t\t\t\t\tbox-shadow: none;\r\n\t\t\t\t\t\t\t\t\t\t\t\t\t\t\t-ms-transform: translateY(-2px);\r\n\t\t\t\t\ttransform: translateY(-2px);\r\n\t\t\t\t\t-webkit-transform: translateY(-2px);\r\n\t\t\t\t\t\r\n\t\t\t\t}\r\n\r\n\t\t    #btn-J5laD i {\r\n\t\t\t\t\tright: 14px;\r\n\t\t\t\t\tmargin-top: 0;\r\n\t\t\t\t\tvertical-align: middle;\r\n\t\t\t\t\tborder-radius: 50%;\r\n\t\t\t\t\tline-height: 20px;\r\n\t\t\t\t\theight: 20px;\r\n\t\t\t\t\twidth: 20px;\r\n\t\t\t\t\tbackground: #1dc1f8;\r\n\t\t\t\t\tmargin-left: 8px;\r\n\t\t\t\t\tmargin-right: 0;\r\n\t\t\t\t\tcolor: #ffffff;\r\n\t\t\t\t\tfont-size: 8px;\r\n\t\t\t\t\ttext-align: center;\r\n\t\t\t\t}\r\n\r\n\t\t\t\t #btn-J5laD:hover i {\r\n\t\t\t\t \tbackground: #ffffff;\r\n\t\t\t\t\tcolor: #1dc1f8;\r\n\t\t\t\t }\r\n\r\n        <\/style>\r\n\r\n\t\t<!-- BUTTON -->\r\n        <div id=\"btn-container-J5laD\" class=\"text-left\">\r\n\t\t\t\r\n\t\t\t\t\t<a href=\"https:\/\/azen.connectionthemes.com\/azen-park-activities\/aborismo-kids\/\" id=\"btn-J5laD\" class=\"btn \" target=\"_self\">\r\n\t\t\t\t\t\tSee more\t\t\t\t\t\t\t\t\t\t\t<\/a>\r\n\t\t\t\t\t        <\/div>\r\n\r\n        [vc_empty_space][\/vc_column][vc_column width=&#8221;1\/2&#8243;]\r\n        <div class=\"image-3d-effect\">\r\n          <div class=\"side left\"><\/div>\r\n          <div class=\"side right\"><\/div>\r\n          <div class=\"images\">\r\n                        <div class=\"front-image\" style=\"background-image: url(https:\/\/azen.pt\/wp-content\/uploads\/2022\/08\/Troca-Tintas-Arborismo-Crianc\u0327as-8.jpeg)\"><\/div>\r\n                                  <\/div>\r\n        <\/div>\r\n\r\n\r\n\r\n        [vc_empty_space][\/vc_column][\/vc_row][vc_row][vc_column width=&#8221;1\/2&#8243; el_class=&#8221;action-text&#8221;]\r\n        <div class=\"image-3d-effect\">\r\n          <div class=\"side left\"><\/div>\r\n          <div class=\"side right\"><\/div>\r\n          <div class=\"images\">\r\n                        <div class=\"front-image\" style=\"background-image: url(https:\/\/azen.pt\/wp-content\/uploads\/2022\/08\/unnamed1-min.jpeg)\"><\/div>\r\n                                  <\/div>\r\n        <\/div>\r\n\r\n\r\n\r\n        [\/vc_column][vc_column width=&#8221;1\/2&#8243; el_class=&#8221;action-img&#8221;]\t\t\t<div\r\n\t\t\t\tclass=\"main_title  text-left  \">\r\n\t\t\t\t<h2 class=\"title\">Padel<\/h2>\r\n\t\t\t\t\t\t\t<\/div>\r\n\t\t[vc_column_text]<\/p>\n<p style=\"font-weight: 300;\">O Azen Park est\u00e1 no mesmo espa\u00e7o que o Azen Cool Padel, que disp\u00f5e de 3 campos descobertos e de um bar. Para reservas de campos, basta contactar o clube, atrav\u00e9s do email<\/p>\n<p>Enquanto as crian\u00e7as se divertem no parque aventura, porque n\u00e3o, os pais se divertirem num jogo??[\/vc_column_text]\r\n        \r\n        <style>\r\n\t\t\t\t#btn-container-HB3Vb {\r\n\t\t\t\t\tfont-size: 15px;\r\n\t\t\t\t\tfont-weight: bold;\r\n\t\t\t\t}\r\n        #btn-HB3Vb {\r\n        \tbackground: #294426;\r\n\t\t\t\t\tborder-style: solid;\r\n        \tborder-color: #294426;\r\n\t\t\t\t\tborder-width: 2px;\r\n        \tcolor: #ffffff;\r\n\t\t\t\t\tpadding: 10px 20px;\r\n\t\t\t\t\tborder-radius: 2px;\r\n\t\t\t\t\tfont-size: 15px;\r\n\t\t\t\t\tline-height: 15px;\r\n\t\t\t\t\t\t\t\t\t\t\t\t\t\t\tbox-shadow: 0 15px 30px rgba(0, 0, 0, 0.10);\r\n\t\t\t\t\t\t\t\t\t\tfont-weight: bold;\r\n        }\r\n\r\n\t\t\t\t#btn-HB3Vb:hover {\r\n\t\t\t\t\tbackground: #325e43;\r\n\t\t\t\t\tborder-color: #294426;\r\n\t\t\t\t\tcolor: #ffffff;\r\n\t\t\t\t\t\t\t\t\t\t\t\t\t\t\tbox-shadow: none;\r\n\t\t\t\t\t\t\t\t\t\t\t\t\t\t\t-ms-transform: translateY(-2px);\r\n\t\t\t\t\ttransform: translateY(-2px);\r\n\t\t\t\t\t-webkit-transform: translateY(-2px);\r\n\t\t\t\t\t\r\n\t\t\t\t}\r\n\r\n\t\t    #btn-HB3Vb i {\r\n\t\t\t\t\tright: 14px;\r\n\t\t\t\t\tmargin-top: 0;\r\n\t\t\t\t\tvertical-align: middle;\r\n\t\t\t\t\tborder-radius: 50%;\r\n\t\t\t\t\tline-height: 20px;\r\n\t\t\t\t\theight: 20px;\r\n\t\t\t\t\twidth: 20px;\r\n\t\t\t\t\tbackground: #1dc1f8;\r\n\t\t\t\t\tmargin-left: 8px;\r\n\t\t\t\t\tmargin-right: 0;\r\n\t\t\t\t\tcolor: #ffffff;\r\n\t\t\t\t\tfont-size: 8px;\r\n\t\t\t\t\ttext-align: center;\r\n\t\t\t\t}\r\n\r\n\t\t\t\t #btn-HB3Vb:hover i {\r\n\t\t\t\t \tbackground: #ffffff;\r\n\t\t\t\t\tcolor: #1dc1f8;\r\n\t\t\t\t }\r\n\r\n        <\/style>\r\n\r\n\t\t<!-- BUTTON -->\r\n        <div id=\"btn-container-HB3Vb\" class=\"text-left\">\r\n\t\t\t\r\n\t\t\t\t\t<a href=\"\/pt-pt\/atividades\/padel\/\" id=\"btn-HB3Vb\" class=\"btn \" target=\"_self\">\r\n\t\t\t\t\t\tVer mais\t\t\t\t\t\t\t\t\t\t\t<\/a>\r\n\t\t\t\t\t        <\/div>\r\n\r\n        [\/vc_column][\/vc_row]<\/p>\n","protected":false},"excerpt":{"rendered":"<p>[vc_row css=&#8221;.vc_custom_1662552156801{padding-bottom: 100px !important;}&#8221;][vc_column width=&#8221;1\/2&#8243;][\/vc_column][vc_column width=&#8221;1\/2&#8243;][vc_column_text]Aceite o desafio e venha conhecer o circuito adulto de arborismo do Azen Park, \u00fanico no g\u00e9nero em Portugal. Perfeito para superar gradualmente algum receio de alturas, pode come\u00e7ar pelo primeiro n\u00edvel a 5 metros de altura antes de passar ao segundo n\u00edvel onde encontra uma vista surpreendente acima das [&hellip;]<\/p>\n","protected":false},"author":1,"featured_media":0,"parent":0,"menu_order":0,"comment_status":"closed","ping_status":"closed","template":"","meta":{"footnotes":""},"_links":{"self":[{"href":"https:\/\/azen.pt\/pt-pt\/wp-json\/wp\/v2\/pages\/3694"}],"collection":[{"href":"https:\/\/azen.pt\/pt-pt\/wp-json\/wp\/v2\/pages"}],"about":[{"href":"https:\/\/azen.pt\/pt-pt\/wp-json\/wp\/v2\/types\/page"}],"author":[{"embeddable":true,"href":"https:\/\/azen.pt\/pt-pt\/wp-json\/wp\/v2\/users\/1"}],"replies":[{"embeddable":true,"href":"https:\/\/azen.pt\/pt-pt\/wp-json\/wp\/v2\/comments?post=3694"}],"version-history":[{"count":16,"href":"https:\/\/azen.pt\/pt-pt\/wp-json\/wp\/v2\/pages\/3694\/revisions"}],"predecessor-version":[{"id":4394,"href":"https:\/\/azen.pt\/pt-pt\/wp-json\/wp\/v2\/pages\/3694\/revisions\/4394"}],"wp:attachment":[{"href":"https:\/\/azen.pt\/pt-pt\/wp-json\/wp\/v2\/media?parent=3694"}],"curies":[{"name":"wp","href":"https:\/\/api.w.org\/{rel}","templated":true}]}}