{"id":3678,"date":"2022-08-03T11:35:53","date_gmt":"2022-08-03T11:35:53","guid":{"rendered":"https:\/\/azen.connectionthemes.com\/pacotes\/"},"modified":"2023-04-19T15:58:26","modified_gmt":"2023-04-19T15:58:26","slug":"pacotes","status":"publish","type":"page","link":"https:\/\/azen.pt\/pt-pt\/pacotes\/","title":{"rendered":"Pacotes"},"content":{"rendered":"<p>[vc_row css=&#8221;.vc_custom_1659526332321{padding-bottom: 100px !important;}&#8221;][vc_column width=&#8221;1\/2&#8243;]\r\n        <div class=\"image-3d-effect\">\r\n          <div class=\"side left\"><\/div>\r\n          <div class=\"side right\"><\/div>\r\n          <div class=\"images\">\r\n                        <div class=\"front-image\" style=\"background-image: url(https:\/\/azen.pt\/wp-content\/uploads\/2022\/08\/Troca-Tintas-Packs-Empresas-9.jpeg)\"><\/div>\r\n                                  <\/div>\r\n        <\/div>\r\n\r\n\r\n\r\n        [\/vc_column][vc_column width=&#8221;1\/2&#8243;]\t\t\t<div\r\n\t\t\t\tclass=\"main_title  text-left  \">\r\n\t\t\t\t<h2 class=\"title\">Empresas<\/h2>\r\n\t\t\t\t\t\t\t<\/div>\r\n\t\t[vc_column_text]Procura um dia \u201cfora do escrit\u00f3rio\u201d com atividades outdoor para a sua equipa? Est\u00e1 no s\u00edtio certo!<\/p>\n<p>Baseados na nossa experi\u00eancia e \u201cfeedback\u201d dos nossos clientes, o Azen Park selecionou um conjunto de programas de atividades para empresas que ser\u00e3o certamente do agrado da sua equipa.<\/p>\n<p>Seja com o intuito de proporcionar um merecido dia de conv\u00edvio \u00e0 sua equipa, elevar a moral e esp\u00edrito de equipa ou integrar novos membros, cri\u00e1mos um conjunto de programas de atividades onde o conv\u00edvio, a divers\u00e3o e o desafio s\u00e3o constantes.[\/vc_column_text]\r\n        \r\n        <style>\r\n\t\t\t\t#btn-container-fGhKQ {\r\n\t\t\t\t\tfont-size: 15px;\r\n\t\t\t\t\tfont-weight: bold;\r\n\t\t\t\t}\r\n        #btn-fGhKQ {\r\n        \tbackground: #294426;\r\n\t\t\t\t\tborder-style: solid;\r\n        \tborder-color: #294426;\r\n\t\t\t\t\tborder-width: 2px;\r\n        \tcolor: #ffffff;\r\n\t\t\t\t\tpadding: 10px 20px;\r\n\t\t\t\t\tborder-radius: 2px;\r\n\t\t\t\t\tfont-size: 15px;\r\n\t\t\t\t\tline-height: 15px;\r\n\t\t\t\t\t\t\t\t\t\t\t\t\t\t\tbox-shadow: 0 15px 30px rgba(0, 0, 0, 0.10);\r\n\t\t\t\t\t\t\t\t\t\tfont-weight: bold;\r\n        }\r\n\r\n\t\t\t\t#btn-fGhKQ:hover {\r\n\t\t\t\t\tbackground: #325e43;\r\n\t\t\t\t\tborder-color: #294426;\r\n\t\t\t\t\tcolor: #ffffff;\r\n\t\t\t\t\t\t\t\t\t\t\t\t\t\t\tbox-shadow: none;\r\n\t\t\t\t\t\t\t\t\t\t\t\t\t\t\t-ms-transform: translateY(-2px);\r\n\t\t\t\t\ttransform: translateY(-2px);\r\n\t\t\t\t\t-webkit-transform: translateY(-2px);\r\n\t\t\t\t\t\r\n\t\t\t\t}\r\n\r\n\t\t    #btn-fGhKQ i {\r\n\t\t\t\t\tright: 14px;\r\n\t\t\t\t\tmargin-top: 0;\r\n\t\t\t\t\tvertical-align: middle;\r\n\t\t\t\t\tborder-radius: 50%;\r\n\t\t\t\t\tline-height: 20px;\r\n\t\t\t\t\theight: 20px;\r\n\t\t\t\t\twidth: 20px;\r\n\t\t\t\t\tbackground: #1dc1f8;\r\n\t\t\t\t\tmargin-left: 8px;\r\n\t\t\t\t\tmargin-right: 0;\r\n\t\t\t\t\tcolor: #ffffff;\r\n\t\t\t\t\tfont-size: 8px;\r\n\t\t\t\t\ttext-align: center;\r\n\t\t\t\t}\r\n\r\n\t\t\t\t #btn-fGhKQ:hover i {\r\n\t\t\t\t \tbackground: #ffffff;\r\n\t\t\t\t\tcolor: #1dc1f8;\r\n\t\t\t\t }\r\n\r\n        <\/style>\r\n\r\n\t\t<!-- BUTTON -->\r\n        <div id=\"btn-container-fGhKQ\" class=\"text-left\">\r\n\t\t\t\r\n\t\t\t\t\t<a href=\"https:\/\/azen.pt\/pt-pt\/atividades\/empresas\/\" id=\"btn-fGhKQ\" class=\"btn \" target=\"_self\">\r\n\t\t\t\t\t\tVer mais\t\t\t\t\t\t\t\t\t\t\t<\/a>\r\n\t\t\t\t\t        <\/div>\r\n\r\n        [\/vc_column][\/vc_row][vc_row css=&#8221;.vc_custom_1662730906901{padding-bottom: 100px !important;}&#8221; el_class=&#8221;order-row&#8221;][vc_column width=&#8221;1\/2&#8243; el_class=&#8221;action-text&#8221;]\t\t\t<div\r\n\t\t\t\tclass=\"main_title  text-left  \">\r\n\t\t\t\t<h2 class=\"title\">Grupo escolares<\/h2>\r\n\t\t\t\t\t\t\t<\/div>\r\n\t\t[vc_column_text]Desde grupos escolares de menor dimens\u00e3o a grupos com centenas de participantes, o Azen Park est\u00e1 preparado para proporcionar um dia em cheio ao seu grupo.<\/p>\n<p>Aliados \u00e0s caracter\u00edsticas naturais do nosso espa\u00e7o e estruturas, os nossos modelos de atividade foram pensados tendo em conta as caracter\u00edsticas e necessidades dos mais pequenos, garantindo todas as condi\u00e7\u00f5es de seguran\u00e7a e acompanhamento permanente por parte da nossa equipa de monitores.<\/p>\n<p>Professores e outros acompanhantes est\u00e3o isentos de qualquer pagamento. Escolha o programa que considere mais adequado e deixe o resto por nossa conta![\/vc_column_text]\r\n        \r\n        <style>\r\n\t\t\t\t#btn-container-FTf1E {\r\n\t\t\t\t\tfont-size: 15px;\r\n\t\t\t\t\tfont-weight: bold;\r\n\t\t\t\t}\r\n        #btn-FTf1E {\r\n        \tbackground: #294426;\r\n\t\t\t\t\tborder-style: solid;\r\n        \tborder-color: #294426;\r\n\t\t\t\t\tborder-width: 2px;\r\n        \tcolor: #ffffff;\r\n\t\t\t\t\tpadding: 10px 20px;\r\n\t\t\t\t\tborder-radius: 2px;\r\n\t\t\t\t\tfont-size: 15px;\r\n\t\t\t\t\tline-height: 15px;\r\n\t\t\t\t\t\t\t\t\t\t\t\t\t\t\tbox-shadow: 0 15px 30px rgba(0, 0, 0, 0.10);\r\n\t\t\t\t\t\t\t\t\t\tfont-weight: bold;\r\n        }\r\n\r\n\t\t\t\t#btn-FTf1E:hover {\r\n\t\t\t\t\tbackground: #325e43;\r\n\t\t\t\t\tborder-color: #294426;\r\n\t\t\t\t\tcolor: #ffffff;\r\n\t\t\t\t\t\t\t\t\t\t\t\t\t\t\tbox-shadow: none;\r\n\t\t\t\t\t\t\t\t\t\t\t\t\t\t\t-ms-transform: translateY(-2px);\r\n\t\t\t\t\ttransform: translateY(-2px);\r\n\t\t\t\t\t-webkit-transform: translateY(-2px);\r\n\t\t\t\t\t\r\n\t\t\t\t}\r\n\r\n\t\t    #btn-FTf1E i {\r\n\t\t\t\t\tright: 14px;\r\n\t\t\t\t\tmargin-top: 0;\r\n\t\t\t\t\tvertical-align: middle;\r\n\t\t\t\t\tborder-radius: 50%;\r\n\t\t\t\t\tline-height: 20px;\r\n\t\t\t\t\theight: 20px;\r\n\t\t\t\t\twidth: 20px;\r\n\t\t\t\t\tbackground: #1dc1f8;\r\n\t\t\t\t\tmargin-left: 8px;\r\n\t\t\t\t\tmargin-right: 0;\r\n\t\t\t\t\tcolor: #ffffff;\r\n\t\t\t\t\tfont-size: 8px;\r\n\t\t\t\t\ttext-align: center;\r\n\t\t\t\t}\r\n\r\n\t\t\t\t #btn-FTf1E:hover i {\r\n\t\t\t\t \tbackground: #ffffff;\r\n\t\t\t\t\tcolor: #1dc1f8;\r\n\t\t\t\t }\r\n\r\n        <\/style>\r\n\r\n\t\t<!-- BUTTON -->\r\n        <div id=\"btn-container-FTf1E\" class=\"text-left\">\r\n\t\t\t\r\n\t\t\t\t\t<a href=\"https:\/\/azen.pt\/pt-pt\/atividades\/grupos-escolares\/\" id=\"btn-FTf1E\" class=\"btn \" target=\"_self\">\r\n\t\t\t\t\t\tVer mais\t\t\t\t\t\t\t\t\t\t\t<\/a>\r\n\t\t\t\t\t        <\/div>\r\n\r\n        [vc_empty_space][\/vc_column][vc_column width=&#8221;1\/2&#8243; el_class=&#8221;action-img&#8221;]\r\n        <div class=\"image-3d-effect\">\r\n          <div class=\"side left\"><\/div>\r\n          <div class=\"side right\"><\/div>\r\n          <div class=\"images\">\r\n                        <div class=\"front-image\" style=\"background-image: url(https:\/\/azen.pt\/wp-content\/uploads\/2022\/08\/GE-ESCALADA-1-1024x768-1.jpeg)\"><\/div>\r\n                                  <\/div>\r\n        <\/div>\r\n\r\n\r\n\r\n        [\/vc_column][\/vc_row][vc_row css=&#8221;.vc_custom_1662552283142{padding-bottom: 100px !important;}&#8221;][vc_column width=&#8221;1\/2&#8243;]\r\n        <div class=\"image-3d-effect\">\r\n          <div class=\"side left\"><\/div>\r\n          <div class=\"side right\"><\/div>\r\n          <div class=\"images\">\r\n                        <div class=\"front-image\" style=\"background-image: url(https:\/\/azen.pt\/wp-content\/uploads\/2022\/08\/Troca-Tintas-Packs-Aniversa\u0301rios-4-1-e1566491497930-1024x657-1.jpeg)\"><\/div>\r\n                                  <\/div>\r\n        <\/div>\r\n\r\n\r\n\r\n        [\/vc_column][vc_column width=&#8221;1\/2&#8243;]\t\t\t<div\r\n\t\t\t\tclass=\"main_title  text-left  \">\r\n\t\t\t\t<h2 class=\"title\">Anivers\u00e1rios<\/h2>\r\n\t\t\t\t\t\t\t<\/div>\r\n\t\t[vc_column_text]De forma a que n\u00e3o tenha de se preocupar com mais nada em rela\u00e7\u00e3o \u00e0 festa de anivers\u00e1rio do\/a seu\/sua filho\/a, o Azen Park criou um pack com lanche inclu\u00eddo, destinado \u00e0s festas deanivers\u00e1rio dos mais jovens.<br \/>\nAssim, a \u00fanica coisa que ter\u00e1 de trazer ser\u00e1 mesmo s\u00f3 o bolo de anivers\u00e1rio.<\/p>\n<p>O nosso espa\u00e7o disp\u00f5e tamb\u00e9m de um bar, de mesas exteriores e um espa\u00e7o coberto para os dias mais cinzentos.<br \/>\nPara quem quiser trazer o pr\u00f3prio lanche, ser\u00e1 cobrada uma taxa de utiliza\u00e7\u00e3o do espa\u00e7o de 50\u20ac.[\/vc_column_text]\r\n        \r\n        <style>\r\n\t\t\t\t#btn-container-PUbOk {\r\n\t\t\t\t\tfont-size: 15px;\r\n\t\t\t\t\tfont-weight: bold;\r\n\t\t\t\t}\r\n        #btn-PUbOk {\r\n        \tbackground: #294426;\r\n\t\t\t\t\tborder-style: solid;\r\n        \tborder-color: #294426;\r\n\t\t\t\t\tborder-width: 2px;\r\n        \tcolor: #ffffff;\r\n\t\t\t\t\tpadding: 10px 20px;\r\n\t\t\t\t\tborder-radius: 2px;\r\n\t\t\t\t\tfont-size: 15px;\r\n\t\t\t\t\tline-height: 15px;\r\n\t\t\t\t\t\t\t\t\t\t\t\t\t\t\tbox-shadow: 0 15px 30px rgba(0, 0, 0, 0.10);\r\n\t\t\t\t\t\t\t\t\t\tfont-weight: bold;\r\n        }\r\n\r\n\t\t\t\t#btn-PUbOk:hover {\r\n\t\t\t\t\tbackground: #325e43;\r\n\t\t\t\t\tborder-color: #294426;\r\n\t\t\t\t\tcolor: #ffffff;\r\n\t\t\t\t\t\t\t\t\t\t\t\t\t\t\tbox-shadow: none;\r\n\t\t\t\t\t\t\t\t\t\t\t\t\t\t\t-ms-transform: translateY(-2px);\r\n\t\t\t\t\ttransform: translateY(-2px);\r\n\t\t\t\t\t-webkit-transform: translateY(-2px);\r\n\t\t\t\t\t\r\n\t\t\t\t}\r\n\r\n\t\t    #btn-PUbOk i {\r\n\t\t\t\t\tright: 14px;\r\n\t\t\t\t\tmargin-top: 0;\r\n\t\t\t\t\tvertical-align: middle;\r\n\t\t\t\t\tborder-radius: 50%;\r\n\t\t\t\t\tline-height: 20px;\r\n\t\t\t\t\theight: 20px;\r\n\t\t\t\t\twidth: 20px;\r\n\t\t\t\t\tbackground: #1dc1f8;\r\n\t\t\t\t\tmargin-left: 8px;\r\n\t\t\t\t\tmargin-right: 0;\r\n\t\t\t\t\tcolor: #ffffff;\r\n\t\t\t\t\tfont-size: 8px;\r\n\t\t\t\t\ttext-align: center;\r\n\t\t\t\t}\r\n\r\n\t\t\t\t #btn-PUbOk:hover i {\r\n\t\t\t\t \tbackground: #ffffff;\r\n\t\t\t\t\tcolor: #1dc1f8;\r\n\t\t\t\t }\r\n\r\n        <\/style>\r\n\r\n\t\t<!-- BUTTON -->\r\n        <div id=\"btn-container-PUbOk\" class=\"text-left\">\r\n\t\t\t\r\n\t\t\t\t\t<a href=\"https:\/\/azen.pt\/pt-pt\/atividades\/aniversarios\/\" id=\"btn-PUbOk\" class=\"btn \" target=\"_self\">\r\n\t\t\t\t\t\tVer mais\t\t\t\t\t\t\t\t\t\t\t<\/a>\r\n\t\t\t\t\t        <\/div>\r\n\r\n        [\/vc_column][\/vc_row][vc_row css=&#8221;.vc_custom_1662730931899{padding-bottom: 100px !important;}&#8221; el_class=&#8221;order-row&#8221;][vc_column width=&#8221;1\/2&#8243; el_class=&#8221;action-text&#8221;]\t\t\t<div\r\n\t\t\t\tclass=\"main_title  text-left  \">\r\n\t\t\t\t<h2 class=\"title\">Despedida de Solteiro (a)<\/h2>\r\n\t\t\t\t\t\t\t<\/div>\r\n\t\t[vc_column_text]Realizar uma atividade \u201coutdoor\u201d reunindo os\/as melhores amigos\/as na sua despedida de solteiro\/a \u00e9 sem d\u00favida uma op\u00e7\u00e3o divertida para celebrar a nova fase que vai iniciar.<\/p>\n<p>Conv\u00edvio e divers\u00e3o numa atividade ao ar livre com os seus amigos\/as e um\/a Noivo\/a vestido\/a de coelho\/a cor de rosa, s\u00f3 pode resultar bem![\/vc_column_text]\r\n        \r\n        <style>\r\n\t\t\t\t#btn-container-gRKHu {\r\n\t\t\t\t\tfont-size: 15px;\r\n\t\t\t\t\tfont-weight: bold;\r\n\t\t\t\t}\r\n        #btn-gRKHu {\r\n        \tbackground: #294426;\r\n\t\t\t\t\tborder-style: solid;\r\n        \tborder-color: #294426;\r\n\t\t\t\t\tborder-width: 2px;\r\n        \tcolor: #ffffff;\r\n\t\t\t\t\tpadding: 10px 20px;\r\n\t\t\t\t\tborder-radius: 2px;\r\n\t\t\t\t\tfont-size: 15px;\r\n\t\t\t\t\tline-height: 15px;\r\n\t\t\t\t\t\t\t\t\t\t\t\t\t\t\tbox-shadow: 0 15px 30px rgba(0, 0, 0, 0.10);\r\n\t\t\t\t\t\t\t\t\t\tfont-weight: bold;\r\n        }\r\n\r\n\t\t\t\t#btn-gRKHu:hover {\r\n\t\t\t\t\tbackground: #325e43;\r\n\t\t\t\t\tborder-color: #294426;\r\n\t\t\t\t\tcolor: #ffffff;\r\n\t\t\t\t\t\t\t\t\t\t\t\t\t\t\tbox-shadow: none;\r\n\t\t\t\t\t\t\t\t\t\t\t\t\t\t\t-ms-transform: translateY(-2px);\r\n\t\t\t\t\ttransform: translateY(-2px);\r\n\t\t\t\t\t-webkit-transform: translateY(-2px);\r\n\t\t\t\t\t\r\n\t\t\t\t}\r\n\r\n\t\t    #btn-gRKHu i {\r\n\t\t\t\t\tright: 14px;\r\n\t\t\t\t\tmargin-top: 0;\r\n\t\t\t\t\tvertical-align: middle;\r\n\t\t\t\t\tborder-radius: 50%;\r\n\t\t\t\t\tline-height: 20px;\r\n\t\t\t\t\theight: 20px;\r\n\t\t\t\t\twidth: 20px;\r\n\t\t\t\t\tbackground: #1dc1f8;\r\n\t\t\t\t\tmargin-left: 8px;\r\n\t\t\t\t\tmargin-right: 0;\r\n\t\t\t\t\tcolor: #ffffff;\r\n\t\t\t\t\tfont-size: 8px;\r\n\t\t\t\t\ttext-align: center;\r\n\t\t\t\t}\r\n\r\n\t\t\t\t #btn-gRKHu:hover i {\r\n\t\t\t\t \tbackground: #ffffff;\r\n\t\t\t\t\tcolor: #1dc1f8;\r\n\t\t\t\t }\r\n\r\n        <\/style>\r\n\r\n\t\t<!-- BUTTON -->\r\n        <div id=\"btn-container-gRKHu\" class=\"text-left\">\r\n\t\t\t\r\n\t\t\t\t\t<a href=\"https:\/\/azen.pt\/pt-pt\/atividades\/despedida-de-solteiro\/\" id=\"btn-gRKHu\" class=\"btn \" target=\"_self\">\r\n\t\t\t\t\t\tVer mais\t\t\t\t\t\t\t\t\t\t\t<\/a>\r\n\t\t\t\t\t        <\/div>\r\n\r\n        [\/vc_column][vc_column width=&#8221;1\/2&#8243; el_class=&#8221;action-img&#8221;]\r\n        <div class=\"image-3d-effect\">\r\n          <div class=\"side left\"><\/div>\r\n          <div class=\"side right\"><\/div>\r\n          <div class=\"images\">\r\n                        <div class=\"front-image\" style=\"background-image: url(https:\/\/azen.pt\/wp-content\/uploads\/2022\/08\/Despedida-de-Solteiro-do-Diogo-Abreu-28-04-2012-Paintball.jpeg)\"><\/div>\r\n                                  <\/div>\r\n        <\/div>\r\n\r\n\r\n\r\n        [\/vc_column][\/vc_row]<\/p>\n","protected":false},"excerpt":{"rendered":"<p>[vc_row css=&#8221;.vc_custom_1659526332321{padding-bottom: 100px !important;}&#8221;][vc_column width=&#8221;1\/2&#8243;][\/vc_column][vc_column width=&#8221;1\/2&#8243;][vc_column_text]Procura um dia \u201cfora do escrit\u00f3rio\u201d com atividades outdoor para a sua equipa? Est\u00e1 no s\u00edtio certo! Baseados na nossa experi\u00eancia e \u201cfeedback\u201d dos nossos clientes, o Azen Park selecionou um conjunto de programas de atividades para empresas que ser\u00e3o certamente do agrado da sua equipa. Seja com o intuito [&hellip;]<\/p>\n","protected":false},"author":1,"featured_media":0,"parent":0,"menu_order":0,"comment_status":"closed","ping_status":"closed","template":"","meta":{"footnotes":""},"_links":{"self":[{"href":"https:\/\/azen.pt\/pt-pt\/wp-json\/wp\/v2\/pages\/3678"}],"collection":[{"href":"https:\/\/azen.pt\/pt-pt\/wp-json\/wp\/v2\/pages"}],"about":[{"href":"https:\/\/azen.pt\/pt-pt\/wp-json\/wp\/v2\/types\/page"}],"author":[{"embeddable":true,"href":"https:\/\/azen.pt\/pt-pt\/wp-json\/wp\/v2\/users\/1"}],"replies":[{"embeddable":true,"href":"https:\/\/azen.pt\/pt-pt\/wp-json\/wp\/v2\/comments?post=3678"}],"version-history":[{"count":13,"href":"https:\/\/azen.pt\/pt-pt\/wp-json\/wp\/v2\/pages\/3678\/revisions"}],"predecessor-version":[{"id":4233,"href":"https:\/\/azen.pt\/pt-pt\/wp-json\/wp\/v2\/pages\/3678\/revisions\/4233"}],"wp:attachment":[{"href":"https:\/\/azen.pt\/pt-pt\/wp-json\/wp\/v2\/media?parent=3678"}],"curies":[{"name":"wp","href":"https:\/\/api.w.org\/{rel}","templated":true}]}}