{"id":3671,"date":"2022-08-25T18:38:13","date_gmt":"2022-08-25T18:38:13","guid":{"rendered":"https:\/\/azen.connectionthemes.com\/team-building\/"},"modified":"2024-09-03T14:12:45","modified_gmt":"2024-09-03T14:12:45","slug":"team-building","status":"publish","type":"page","link":"https:\/\/azen.pt\/pt-pt\/atividades\/team-building\/","title":{"rendered":"Team Building"},"content":{"rendered":"<p>[vc_row][vc_column width=&#8221;1\/2&#8243;][\/vc_column][\/vc_row][vc_row][vc_column width=&#8221;7\/12&#8243;]\t\t\t<div\r\n\t\t\t\tclass=\"main_title  text-left  \">\r\n\t\t\t\t<h2 class=\"title\">Team Building<\/h2>\r\n\t\t\t\t\t\t\t<\/div>\r\n\t\t[vc_column_text]Desenhados tendo em conta os principais aspetos do \u201cTeam Building\u201d, os Jogos de Team Building do Azen Park visam promover o inter-relacionamento entre os participantes num ambiente informal e divertido, contribuindo para uma melhoria da efici\u00eancia da sua equipa.<\/p>\n<p>Consistem num conjunto organizado de jogos pontu\u00e1veis, onde, num espirito de competi\u00e7\u00e3o saud\u00e1vel e divers\u00e3o, as v\u00e1rias equipas d\u00e3o o seu melhor de forma a superar os desafios apresentados.<\/p>\n<p>Estes jogos, criados no sentido de contribuir para melhorar o esp\u00edrito de equipa, a entre ajuda, a comunica\u00e7\u00e3o e capacidade de resolu\u00e7\u00e3o de problemas em conjunto, incluem entre outros, jogos com \u00e1gua, charadas problema\/solu\u00e7\u00e3o, jogos com vendas, estafetas e jogos em altura.<\/p>\n<p>N\u00e3o tendo um formato r\u00edgido, as nossas atividades de Team Building podem, at\u00e9 certo ponto, ser personaliz\u00e1veis e\/ou adapt\u00e1veis \u00e0s prefer\u00eancias e objetivos da sua empresa.<\/p>\n<p>Transmita-nos a sua ideia e conte desde j\u00e1 com a ajuda de uma equipa criativa e din\u00e2mica que ir\u00e1 desenhar e acompanhar a sua atividade, desde a conce\u00e7\u00e3o at\u00e9 ao final.<\/p>\n<p>Seja com o intuito de integrar novos membros, criar esp\u00edrito de equipa, consolidar uma equipa j\u00e1 existente ou simples conv\u00edvio entre colegas, os nossos desafiantes e divertidos jogos de Team Building s\u00e3o a forma perfeita de unir a sua equipa, criando la\u00e7os e momentos a recordar.[\/vc_column_text][\/vc_column][vc_column width=&#8221;5\/12&#8243;][vc_row_inner][vc_column_inner width=&#8221;1\/2&#8243;][vc_single_image image=&#8221;3446&#8243; img_size=&#8221;full&#8221;][vc_single_image image=&#8221;3440&#8243; img_size=&#8221;full&#8221;][\/vc_column_inner][vc_column_inner width=&#8221;1\/2&#8243;][vc_single_image image=&#8221;3447&#8243; img_size=&#8221;full&#8221;][vc_single_image image=&#8221;3444&#8243; img_size=&#8221;full&#8221;][vc_empty_space][\/vc_column_inner][\/vc_row_inner]\r\n        \r\n        <style>\r\n\t\t\t\t#btn-container-9cApg {\r\n\t\t\t\t\tfont-size: 15px;\r\n\t\t\t\t\tfont-weight: bold;\r\n\t\t\t\t}\r\n        #btn-9cApg {\r\n        \tbackground: #294426;\r\n\t\t\t\t\tborder-style: solid;\r\n        \tborder-color: #294426;\r\n\t\t\t\t\tborder-width: 2px;\r\n        \tcolor: #ffffff;\r\n\t\t\t\t\tpadding: 10px 20px;\r\n\t\t\t\t\tborder-radius: 2px;\r\n\t\t\t\t\tfont-size: 15px;\r\n\t\t\t\t\tline-height: 15px;\r\n\t\t\t\t\t\t\t\t\t\t\t\t\t\t\tfont-weight: bold;\r\n        }\r\n\r\n\t\t\t\t#btn-9cApg:hover {\r\n\t\t\t\t\tbackground: #325e43;\r\n\t\t\t\t\tborder-color: #294426;\r\n\t\t\t\t\tcolor: #ffffff;\r\n\t\t\t\t\t\t\t\t\t\t\t\t\t\t\t\r\n\t\t\t\t}\r\n\r\n\t\t    #btn-9cApg i {\r\n\t\t\t\t\tright: 14px;\r\n\t\t\t\t\tmargin-top: 0;\r\n\t\t\t\t\tvertical-align: middle;\r\n\t\t\t\t\tborder-radius: 50%;\r\n\t\t\t\t\tline-height: 20px;\r\n\t\t\t\t\theight: 20px;\r\n\t\t\t\t\twidth: 20px;\r\n\t\t\t\t\tbackground: #1dc1f8;\r\n\t\t\t\t\tmargin-left: 8px;\r\n\t\t\t\t\tmargin-right: 0;\r\n\t\t\t\t\tcolor: #ffffff;\r\n\t\t\t\t\tfont-size: 8px;\r\n\t\t\t\t\ttext-align: center;\r\n\t\t\t\t}\r\n\r\n\t\t\t\t #btn-9cApg:hover i {\r\n\t\t\t\t \tbackground: #ffffff;\r\n\t\t\t\t\tcolor: #1dc1f8;\r\n\t\t\t\t }\r\n\r\n        <\/style>\r\n\r\n\t\t<!-- BUTTON -->\r\n        <div id=\"btn-container-9cApg\" class=\"text-left\">\r\n\t\t\t\r\n\t\t\t\t\t<a href=\"\/pt-pt\/azen-park-contact-us\/\" id=\"btn-9cApg\" class=\"btn \" target=\"_self\">\r\n\t\t\t\t\t\tReservar\t\t\t\t\t\t\t\t\t\t\t<\/a>\r\n\t\t\t\t\t        <\/div>\r\n\r\n        [\/vc_column][\/vc_row][vc_row][vc_column][vc_column_text]<\/p>\n<div class=\"kc-elm kc-css-558600 kc_text_block\">\n<h2><b>Aspectos chave<\/b><\/h2>\n<p>&nbsp;<\/p>\n<ul>\n<li style=\"font-weight: 400;\" aria-level=\"1\"><span style=\"font-weight: 400;\">Esp\u00edrito de equipa<\/span><\/li>\n<li style=\"font-weight: 400;\" aria-level=\"1\"><span style=\"font-weight: 400;\">Comunica\u00e7\u00e3o<\/span><\/li>\n<li style=\"font-weight: 400;\" aria-level=\"1\"><span style=\"font-weight: 400;\">Coordena\u00e7\u00e3o de esfor\u00e7os<\/span><\/li>\n<li style=\"font-weight: 400;\" aria-level=\"1\"><span style=\"font-weight: 400;\">Criar la\u00e7os<\/span><\/li>\n<\/ul>\n<\/div>\n<p>&nbsp;<\/p>\n<p>&nbsp;<\/p>\n<div class=\"kc-elm kc-css-558600 kc_text_block\">\n<h2><b>Informa\u00e7\u00f5es da atividade<\/b><\/h2>\n<p>&nbsp;<\/p>\n<p><span style=\"font-weight: 400;\">Dura\u00e7\u00e3o m\u00e9dia: 2 a 3 horas \u2013 consoante o n\u00famero de participantes<\/span><\/p>\n<p><span style=\"font-weight: 400;\">N\u00ba m\u00ednimo do participantes: 14<\/span><\/p>\n<p>Pacotes listados nas p\u00e1ginas de <a href=\"https:\/\/azen.pt\/pt-pt\/atividades\/empresas\/\">Empresas<\/a> e <a href=\"https:\/\/azen.pt\/pt-pt\/atividades\/grupos-escolares\/\">Grupos Escolares<\/a>.<\/p>\n<\/div>\n<p>[\/vc_column_text][\/vc_column][\/vc_row][vc_row][vc_column][vc_empty_space height=&#8221;20&#8243;]\t\t\t<div\r\n\t\t\t\tclass=\"main_title  text-left  \">\r\n\t\t\t\t<h2 class=\"title\">Galeria<\/h2>\r\n\t\t\t\t\t\t\t<\/div>\r\n\t\t[\/vc_column][\/vc_row][vc_row][vc_column]           \r\n            <div class=\"row\">\r\n\t            <div class=\"image-gallery\">\r\n\r\n                   \r\n                    <!-- GALLERY ITEM -->\r\n                    <div class=\"col-lg-4 col-sm-6\">\r\n                      <figure class=\"gradient-overlay-hover icon-zoom-hover zoom-image-hover\">\r\n                                                <a href=\"https:\/\/azen.pt\/wp-content\/uploads\/2022\/08\/Paintball-3.jpeg\">\r\n                          <img src=\"https:\/\/azen.pt\/wp-content\/uploads\/2022\/08\/Paintball-3.jpeg\" class=\"img-responsive\">\r\n                        <\/a>\r\n                                            <\/figure>\r\n                    <\/div>\r\n\r\n                    \r\n                    <!-- GALLERY ITEM -->\r\n                    <div class=\"col-lg-4 col-sm-6\">\r\n                      <figure class=\"gradient-overlay-hover icon-zoom-hover zoom-image-hover\">\r\n                                                <a href=\"https:\/\/azen.pt\/wp-content\/uploads\/2022\/08\/Paintball_Sintra_Trocatintas-1.jpeg\">\r\n                          <img src=\"https:\/\/azen.pt\/wp-content\/uploads\/2022\/08\/Paintball_Sintra_Trocatintas-1.jpeg\" class=\"img-responsive\">\r\n                        <\/a>\r\n                                            <\/figure>\r\n                    <\/div>\r\n\r\n                    \r\n                    <!-- GALLERY ITEM -->\r\n                    <div class=\"col-lg-4 col-sm-6\">\r\n                      <figure class=\"gradient-overlay-hover icon-zoom-hover zoom-image-hover\">\r\n                                                <a href=\"https:\/\/azen.pt\/wp-content\/uploads\/2022\/08\/IMG_7743.jpeg\">\r\n                          <img src=\"https:\/\/azen.pt\/wp-content\/uploads\/2022\/08\/IMG_7743.jpeg\" class=\"img-responsive\">\r\n                        <\/a>\r\n                                            <\/figure>\r\n                    <\/div>\r\n\r\n                    \r\n                    <!-- GALLERY ITEM -->\r\n                    <div class=\"col-lg-4 col-sm-6\">\r\n                      <figure class=\"gradient-overlay-hover icon-zoom-hover zoom-image-hover\">\r\n                                                <a href=\"https:\/\/azen.pt\/wp-content\/uploads\/2022\/08\/Troca-Tintas-Packs-Empresas-2.jpeg\">\r\n                          <img src=\"https:\/\/azen.pt\/wp-content\/uploads\/2022\/08\/Troca-Tintas-Packs-Empresas-2.jpeg\" class=\"img-responsive\">\r\n                        <\/a>\r\n                                            <\/figure>\r\n                    <\/div>\r\n\r\n                    \r\n                    <!-- GALLERY ITEM -->\r\n                    <div class=\"col-lg-4 col-sm-6\">\r\n                      <figure class=\"gradient-overlay-hover icon-zoom-hover zoom-image-hover\">\r\n                                                <a href=\"https:\/\/azen.pt\/wp-content\/uploads\/2022\/08\/Troca-Tintas-Packs-Empresas-11.jpeg\">\r\n                          <img src=\"https:\/\/azen.pt\/wp-content\/uploads\/2022\/08\/Troca-Tintas-Packs-Empresas-11.jpeg\" class=\"img-responsive\">\r\n                        <\/a>\r\n                                            <\/figure>\r\n                    <\/div>\r\n\r\n                    \r\n                    <!-- GALLERY ITEM -->\r\n                    <div class=\"col-lg-4 col-sm-6\">\r\n                      <figure class=\"gradient-overlay-hover icon-zoom-hover zoom-image-hover\">\r\n                                                <a href=\"https:\/\/azen.pt\/wp-content\/uploads\/2022\/08\/Troca-Tintas-Packs-Empresas-9.jpeg\">\r\n                          <img src=\"https:\/\/azen.pt\/wp-content\/uploads\/2022\/08\/Troca-Tintas-Packs-Empresas-9.jpeg\" class=\"img-responsive\">\r\n                        <\/a>\r\n                                            <\/figure>\r\n                    <\/div>\r\n\r\n                    \r\n\t                \t            <\/div>\r\n            <\/div>\r\n\r\n        [\/vc_column][\/vc_row][vc_row][vc_column][vc_empty_space height=&#8221;100&#8243;][\/vc_column][\/vc_row]<\/p>\n","protected":false},"excerpt":{"rendered":"<p>[vc_row][vc_column width=&#8221;1\/2&#8243;][\/vc_column][\/vc_row][vc_row][vc_column width=&#8221;7\/12&#8243;][vc_column_text]Desenhados tendo em conta os principais aspetos do \u201cTeam Building\u201d, os Jogos de Team Building do Azen Park visam promover o inter-relacionamento entre os participantes num ambiente informal e divertido, contribuindo para uma melhoria da efici\u00eancia da sua equipa. Consistem num conjunto organizado de jogos pontu\u00e1veis, onde, num espirito de competi\u00e7\u00e3o saud\u00e1vel e [&hellip;]<\/p>\n","protected":false},"author":1,"featured_media":0,"parent":3694,"menu_order":0,"comment_status":"closed","ping_status":"closed","template":"","meta":{"footnotes":""},"_links":{"self":[{"href":"https:\/\/azen.pt\/pt-pt\/wp-json\/wp\/v2\/pages\/3671"}],"collection":[{"href":"https:\/\/azen.pt\/pt-pt\/wp-json\/wp\/v2\/pages"}],"about":[{"href":"https:\/\/azen.pt\/pt-pt\/wp-json\/wp\/v2\/types\/page"}],"author":[{"embeddable":true,"href":"https:\/\/azen.pt\/pt-pt\/wp-json\/wp\/v2\/users\/1"}],"replies":[{"embeddable":true,"href":"https:\/\/azen.pt\/pt-pt\/wp-json\/wp\/v2\/comments?post=3671"}],"version-history":[{"count":10,"href":"https:\/\/azen.pt\/pt-pt\/wp-json\/wp\/v2\/pages\/3671\/revisions"}],"predecessor-version":[{"id":4304,"href":"https:\/\/azen.pt\/pt-pt\/wp-json\/wp\/v2\/pages\/3671\/revisions\/4304"}],"up":[{"embeddable":true,"href":"https:\/\/azen.pt\/pt-pt\/wp-json\/wp\/v2\/pages\/3694"}],"wp:attachment":[{"href":"https:\/\/azen.pt\/pt-pt\/wp-json\/wp\/v2\/media?parent=3671"}],"curies":[{"name":"wp","href":"https:\/\/api.w.org\/{rel}","templated":true}]}}