{"id":3656,"date":"2022-08-03T10:42:20","date_gmt":"2022-08-03T10:42:20","guid":{"rendered":"https:\/\/azen.connectionthemes.com\/azen-park\/"},"modified":"2022-11-25T13:22:20","modified_gmt":"2022-11-25T13:22:20","slug":"azen-park","status":"publish","type":"page","link":"https:\/\/azen.pt\/pt-pt\/azen-park\/","title":{"rendered":"Azen Park"},"content":{"rendered":"<p>[vc_row][vc_column]\n\t\t\t<!-- START Azen Park Slider REVOLUTION SLIDER 6.5.18 --><p class=\"rs-p-wp-fix\"><\/p>\n\t\t\t<rs-module-wrap id=\"hero_wrapper\" data-source=\"gallery\" style=\"visibility:hidden;background:transparent;padding:0;\">\n\t\t\t\t<rs-module id=\"hero\" style=\"\" data-version=\"6.5.18\">\n\t\t\t\t\t<rs-slides>\n\t\t\t\t\t\t<rs-slide style=\"position: absolute;\" data-key=\"rs-8\" data-title=\"Slide\" data-thumb=\"\/\/azen.connectionthemes.com\/wp-content\/uploads\/2022\/08\/P1188334-scaled.jpg\" data-in=\"o:0;\" data-out=\"a:false;\">\n\t\t\t\t\t\t\t<img src=\"\/\/azen.pt\/wp-content\/plugins\/revslider\/public\/assets\/assets\/dummy.png\" alt=\"\" title=\"P1188334\" width=\"1920\" height=\"2560\" class=\"rev-slidebg tp-rs-img rs-lazyload\" data-lazyload=\"\/\/azen.connectionthemes.com\/wp-content\/uploads\/2022\/08\/P1188334-scaled.jpg\" data-parallax=\"5\" data-no-retina>\n<!--\n\t\t\t\t\t\t\t--><rs-layer\n\t\t\t\t\t\t\t\tid=\"slider-6-slide-8-layer-1\" \n\t\t\t\t\t\t\t\tdata-type=\"image\"\n\t\t\t\t\t\t\t\tdata-rsp_ch=\"on\"\n\t\t\t\t\t\t\t\tdata-xy=\"x:c;y:m;\"\n\t\t\t\t\t\t\t\tdata-text=\"w:normal;s:20,17,12,7;l:0,21,15,9;\"\n\t\t\t\t\t\t\t\tdata-dim=\"w:430px,376px,285px,175px;h:269px,235px,178px,109px;\"\n\t\t\t\t\t\t\t\tdata-frame_999=\"o:0;st:w;\"\n\t\t\t\t\t\t\t\tstyle=\"z-index:5;\"\n\t\t\t\t\t\t\t><img src=\"\/\/azen.pt\/wp-content\/plugins\/revslider\/public\/assets\/assets\/dummy.png\" alt=\"\" class=\"tp-rs-img rs-lazyload\" width=\"883\" height=\"553\" data-lazyload=\"\/\/azen.connectionthemes.com\/wp-content\/uploads\/2022\/08\/Ativo-14@2x.png\" data-no-retina> \n\t\t\t\t\t\t\t<\/rs-layer><!--\n-->\t\t\t\t\t\t<\/rs-slide>\n\t\t\t\t\t\t<rs-slide style=\"position: absolute;\" data-key=\"rs-21\" data-title=\"Slide\" data-thumb=\"\/\/azen.connectionthemes.com\/wp-content\/uploads\/2022\/08\/P1188371-scaled.jpg\" data-in=\"o:0;\" data-out=\"a:false;\">\n\t\t\t\t\t\t\t<img src=\"\/\/azen.pt\/wp-content\/plugins\/revslider\/public\/assets\/assets\/dummy.png\" alt=\"\" title=\"P1188371\" width=\"2560\" height=\"1920\" class=\"rev-slidebg tp-rs-img rs-lazyload\" data-lazyload=\"\/\/azen.connectionthemes.com\/wp-content\/uploads\/2022\/08\/P1188371-scaled.jpg\" data-parallax=\"5\" data-no-retina>\n<!--\n\t\t\t\t\t\t\t--><rs-layer\n\t\t\t\t\t\t\t\tid=\"slider-6-slide-21-layer-1\" \n\t\t\t\t\t\t\t\tdata-type=\"image\"\n\t\t\t\t\t\t\t\tdata-rsp_ch=\"on\"\n\t\t\t\t\t\t\t\tdata-xy=\"x:c;y:m;\"\n\t\t\t\t\t\t\t\tdata-text=\"w:normal;s:20,17,12,7;l:0,21,15,9;\"\n\t\t\t\t\t\t\t\tdata-dim=\"w:430px,376px,285px,175px;h:269px,235px,178px,109px;\"\n\t\t\t\t\t\t\t\tdata-frame_999=\"o:0;st:w;\"\n\t\t\t\t\t\t\t\tstyle=\"z-index:5;\"\n\t\t\t\t\t\t\t><img src=\"\/\/azen.pt\/wp-content\/plugins\/revslider\/public\/assets\/assets\/dummy.png\" alt=\"\" class=\"tp-rs-img rs-lazyload\" width=\"883\" height=\"553\" data-lazyload=\"\/\/azen.connectionthemes.com\/wp-content\/uploads\/2022\/08\/Ativo-14@2x.png\" data-no-retina> \n\t\t\t\t\t\t\t<\/rs-layer><!--\n-->\t\t\t\t\t\t<\/rs-slide>\n\t\t\t\t\t\t<rs-slide style=\"position: absolute;\" data-key=\"rs-32\" data-title=\"Slide\" data-thumb=\"\/\/azen.connectionthemes.com\/wp-content\/uploads\/2022\/08\/P1188333-scaled.jpg\" data-in=\"o:0;\" data-out=\"a:false;\">\n\t\t\t\t\t\t\t<img src=\"\/\/azen.pt\/wp-content\/plugins\/revslider\/public\/assets\/assets\/dummy.png\" alt=\"\" title=\"P1188333\" width=\"1920\" height=\"2560\" class=\"rev-slidebg tp-rs-img rs-lazyload\" data-lazyload=\"\/\/azen.connectionthemes.com\/wp-content\/uploads\/2022\/08\/P1188333-scaled.jpg\" data-parallax=\"5\" data-no-retina>\n<!--\n\t\t\t\t\t\t\t--><rs-layer\n\t\t\t\t\t\t\t\tid=\"slider-6-slide-32-layer-1\" \n\t\t\t\t\t\t\t\tdata-type=\"image\"\n\t\t\t\t\t\t\t\tdata-rsp_ch=\"on\"\n\t\t\t\t\t\t\t\tdata-xy=\"x:c;y:m;\"\n\t\t\t\t\t\t\t\tdata-text=\"w:normal;s:20,17,12,7;l:0,21,15,9;\"\n\t\t\t\t\t\t\t\tdata-dim=\"w:430px,376px,285px,175px;h:269px,235px,178px,109px;\"\n\t\t\t\t\t\t\t\tdata-frame_999=\"o:0;st:w;\"\n\t\t\t\t\t\t\t\tstyle=\"z-index:5;\"\n\t\t\t\t\t\t\t><img src=\"\/\/azen.pt\/wp-content\/plugins\/revslider\/public\/assets\/assets\/dummy.png\" alt=\"\" class=\"tp-rs-img rs-lazyload\" width=\"883\" height=\"553\" data-lazyload=\"\/\/azen.connectionthemes.com\/wp-content\/uploads\/2022\/08\/Ativo-14@2x.png\" data-no-retina> \n\t\t\t\t\t\t\t<\/rs-layer><!--\n-->\t\t\t\t\t\t<\/rs-slide>\n\t\t\t\t\t\t<rs-slide style=\"position: absolute;\" data-key=\"rs-33\" data-title=\"Slide\" data-thumb=\"\/\/azen.connectionthemes.com\/wp-content\/uploads\/2022\/08\/Paintball_Sintra_Trocatintas-1.jpeg\" data-in=\"o:0;\" data-out=\"a:false;\">\n\t\t\t\t\t\t\t<img src=\"\/\/azen.pt\/wp-content\/plugins\/revslider\/public\/assets\/assets\/dummy.png\" alt=\"\" title=\"Paintball_Sintra_Trocatintas\" width=\"1920\" height=\"1440\" class=\"rev-slidebg tp-rs-img rs-lazyload\" data-lazyload=\"\/\/azen.connectionthemes.com\/wp-content\/uploads\/2022\/08\/Paintball_Sintra_Trocatintas-1.jpeg\" data-parallax=\"5\" data-no-retina>\n<!--\n\t\t\t\t\t\t\t--><rs-layer\n\t\t\t\t\t\t\t\tid=\"slider-6-slide-33-layer-1\" \n\t\t\t\t\t\t\t\tdata-type=\"image\"\n\t\t\t\t\t\t\t\tdata-rsp_ch=\"on\"\n\t\t\t\t\t\t\t\tdata-xy=\"x:c;y:m;\"\n\t\t\t\t\t\t\t\tdata-text=\"w:normal;s:20,17,12,7;l:0,21,15,9;\"\n\t\t\t\t\t\t\t\tdata-dim=\"w:430px,376px,285px,175px;h:269px,235px,178px,109px;\"\n\t\t\t\t\t\t\t\tdata-frame_999=\"o:0;st:w;\"\n\t\t\t\t\t\t\t\tstyle=\"z-index:5;\"\n\t\t\t\t\t\t\t><img src=\"\/\/azen.pt\/wp-content\/plugins\/revslider\/public\/assets\/assets\/dummy.png\" alt=\"\" class=\"tp-rs-img rs-lazyload\" width=\"883\" height=\"553\" data-lazyload=\"\/\/azen.connectionthemes.com\/wp-content\/uploads\/2022\/08\/Ativo-14@2x.png\" data-no-retina> \n\t\t\t\t\t\t\t<\/rs-layer><!--\n-->\t\t\t\t\t\t<\/rs-slide>\n\t\t\t\t\t<\/rs-slides>\n\t\t\t\t<\/rs-module>\n\t\t\t\t<script>\n\t\t\t\t\tsetREVStartSize({c: 'hero',rl:[1240,1024,778,480],el:[800,768,960,720],gw:[1170,1024,778,480],gh:[800,768,960,720],type:'standard',justify:'',layout:'fullscreen',offsetContainer:'',offset:'',mh:\"0\"});if (window.RS_MODULES!==undefined && window.RS_MODULES.modules!==undefined && window.RS_MODULES.modules[\"hero\"]!==undefined) {window.RS_MODULES.modules[\"hero\"].once = false;window.revapi6 = undefined;if (window.RS_MODULES.checkMinimal!==undefined) window.RS_MODULES.checkMinimal()}\n\t\t\t\t<\/script>\n\t\t\t<\/rs-module-wrap>\n\t\t\t<!-- END REVOLUTION SLIDER -->\n[\/vc_column][\/vc_row][vc_row css=&#8221;.vc_custom_1659547565100{padding-top: 100px !important;}&#8221;][vc_column width=&#8221;1\/2&#8243;]\t\t\t<div\r\n\t\t\t\tclass=\"main_title  text-left  \">\r\n\t\t\t\t<h2 class=\"title\">Adventure, adrenaline, good mood and lots, lots of fun<\/h2>\r\n\t\t\t\t\t\t\t<\/div>\r\n\t\t[vc_column_text]Localizado na orla florestal do litoral Sintrense, pr\u00f3ximo das Azenhas do Mar, numa \u00e1rea de privilegiada beleza natural, o Azen Park proporciona atividades de desporto aventura para grupos pr\u00e9-agendados de participantes com idades a partir dos 6 anos. As infraestruturas do nosso espa\u00e7o permitem a pr\u00e1tica de arborismo, escalada, slide e paintball. Destinadas tanto para adultos como para crian\u00e7as, as nossas atividades t\u00eam como objetivo proporcionar momentos de aventura e divers\u00e3o em contacto com a natureza. Reunindo todas as condi\u00e7\u00f5es de seguran\u00e7a para que os participantes sejam levados a experimentar os seus limites e viver novas experi\u00eancias em ambiente de conv\u00edvio e divers\u00e3o. Criando recorda\u00e7\u00f5es \u00fanicas.[\/vc_column_text][\/vc_column][vc_column width=&#8221;1\/2&#8243;]\r\n        <div class=\"image-3d-effect\">\r\n          <div class=\"side left\"><\/div>\r\n          <div class=\"side right\"><\/div>\r\n          <div class=\"images\">\r\n                        <div class=\"front-image\" style=\"background-image: url(https:\/\/azen.pt\/wp-content\/uploads\/2022\/08\/Team-Building-Eventos-Corporativos-em-Sintra-Troca-Tintas.jpeg)\"><\/div>\r\n                                    <div class=\"back-image\" style=\"background-image: url(https:\/\/azen.pt\/wp-content\/uploads\/2022\/08\/Troca-Tintas-Arborismo-Crianc\u0327as-10.jpeg)\"><\/div>\r\n                      <\/div>\r\n        <\/div>\r\n\r\n\r\n\r\n        [\/vc_column][\/vc_row][vc_row css=&#8221;.vc_custom_1659523720282{padding-top: 100px !important;padding-bottom: 100px !important;}&#8221;][vc_column]\t\t\t<div\r\n\t\t\t\tclass=\"main_title  text-center  \">\r\n\t\t\t\t<h2 class=\"title\">ACTIVITES AND PACKAGES<\/h2>\r\n\t\t\t\t\t\t\t<\/div>\r\n\t\t[vc_row_inner equal_height=&#8221;yes&#8221; gap=&#8221;30&#8243;][vc_column_inner el_class=&#8221;azen-park-activities&#8221; width=&#8221;1\/2&#8243;]\t\t\t<div\r\n\t\t\t\tclass=\"main_title  text-center  \">\r\n\t\t\t\t<h2 class=\"title\">Activities<\/h2>\r\n\t\t\t\t\t\t\t<\/div>\r\n\t\t[vc_column_text]<\/p>\n<p style=\"text-align: center;\">As melhores experi\u00eancias s\u00e3o sempre partilhadas.<br \/>\nA intensidade do paintball, os desafios do arborismo, a competitividade do padel e a uni\u00e3o do team building. No Azen Park encontras v\u00e1rias atividades para o teu grupo se divertir e criar mem\u00f3rias \u2013 sem medos de sujar a roupa.[\/vc_column_text]\r\n        \r\n        <style>\r\n\t\t\t\t#btn-container-L6gvR {\r\n\t\t\t\t\tfont-size: 15px;\r\n\t\t\t\t\tfont-weight: bold;\r\n\t\t\t\t}\r\n        #btn-L6gvR {\r\n        \tbackground: #294426;\r\n\t\t\t\t\tborder-style: solid;\r\n        \tborder-color: #294426;\r\n\t\t\t\t\tborder-width: 2px;\r\n        \tcolor: #ffffff;\r\n\t\t\t\t\tpadding: 10px 20px;\r\n\t\t\t\t\tborder-radius: 2px;\r\n\t\t\t\t\tfont-size: 15px;\r\n\t\t\t\t\tline-height: 15px;\r\n\t\t\t\t\t\t\t\t\t\t\t\t\t\t\tbox-shadow: 0 15px 30px rgba(0, 0, 0, 0.10);\r\n\t\t\t\t\t\t\t\t\t\tfont-weight: bold;\r\n        }\r\n\r\n\t\t\t\t#btn-L6gvR:hover {\r\n\t\t\t\t\tbackground: #325e43;\r\n\t\t\t\t\tborder-color: #294426;\r\n\t\t\t\t\tcolor: #ffffff;\r\n\t\t\t\t\t\t\t\t\t\t\t\t\t\t\tbox-shadow: none;\r\n\t\t\t\t\t\t\t\t\t\t\t\t\t\t\t-ms-transform: translateY(-2px);\r\n\t\t\t\t\ttransform: translateY(-2px);\r\n\t\t\t\t\t-webkit-transform: translateY(-2px);\r\n\t\t\t\t\t\r\n\t\t\t\t}\r\n\r\n\t\t    #btn-L6gvR i {\r\n\t\t\t\t\tright: 14px;\r\n\t\t\t\t\tmargin-top: 0;\r\n\t\t\t\t\tvertical-align: middle;\r\n\t\t\t\t\tborder-radius: 50%;\r\n\t\t\t\t\tline-height: 20px;\r\n\t\t\t\t\theight: 20px;\r\n\t\t\t\t\twidth: 20px;\r\n\t\t\t\t\tbackground: #1dc1f8;\r\n\t\t\t\t\tmargin-left: 8px;\r\n\t\t\t\t\tmargin-right: 0;\r\n\t\t\t\t\tcolor: #ffffff;\r\n\t\t\t\t\tfont-size: 8px;\r\n\t\t\t\t\ttext-align: center;\r\n\t\t\t\t}\r\n\r\n\t\t\t\t #btn-L6gvR:hover i {\r\n\t\t\t\t \tbackground: #ffffff;\r\n\t\t\t\t\tcolor: #1dc1f8;\r\n\t\t\t\t }\r\n\r\n        <\/style>\r\n\r\n\t\t<!-- BUTTON -->\r\n        <div id=\"btn-container-L6gvR\" class=\"text-center\">\r\n\t\t\t\r\n\t\t\t\t\t<a href=\"\/azen-park-activities\/\" id=\"btn-L6gvR\" class=\"btn \" target=\"_self\">\r\n\t\t\t\t\t\tSee more\t\t\t\t\t\t\t\t\t\t\t<\/a>\r\n\t\t\t\t\t        <\/div>\r\n\r\n        [\/vc_column_inner][vc_column_inner el_class=&#8221;azen-park-activities&#8221; width=&#8221;1\/2&#8243;]\t\t\t<div\r\n\t\t\t\tclass=\"main_title  text-center  \">\r\n\t\t\t\t<h2 class=\"title\">Packages<\/h2>\r\n\t\t\t\t\t\t\t<\/div>\r\n\t\t[vc_column_text]<\/p>\n<p style=\"text-align: center;\">Descobre os nossos packs especiais para eventos e grupos.<br \/>\nTraz os colegas, os amigos ou a fam\u00edlia: todos s\u00e3o bem-vindos!<br \/>\nEscolhe entre packs para empresas, grupos escolares, festas de anivers\u00e1rio ou despedidas de solteiro. Qualquer ocasi\u00e3o \u00e9 uma boa desculpa para experimentares as nossas atividades.[\/vc_column_text]\r\n        \r\n        <style>\r\n\t\t\t\t#btn-container-aVtcI {\r\n\t\t\t\t\tfont-size: 15px;\r\n\t\t\t\t\tfont-weight: bold;\r\n\t\t\t\t}\r\n        #btn-aVtcI {\r\n        \tbackground: #294426;\r\n\t\t\t\t\tborder-style: solid;\r\n        \tborder-color: #294426;\r\n\t\t\t\t\tborder-width: 2px;\r\n        \tcolor: #ffffff;\r\n\t\t\t\t\tpadding: 10px 20px;\r\n\t\t\t\t\tborder-radius: 2px;\r\n\t\t\t\t\tfont-size: 15px;\r\n\t\t\t\t\tline-height: 15px;\r\n\t\t\t\t\t\t\t\t\t\t\t\t\t\t\tbox-shadow: 0 15px 30px rgba(0, 0, 0, 0.10);\r\n\t\t\t\t\t\t\t\t\t\tfont-weight: bold;\r\n        }\r\n\r\n\t\t\t\t#btn-aVtcI:hover {\r\n\t\t\t\t\tbackground: #325e43;\r\n\t\t\t\t\tborder-color: #294426;\r\n\t\t\t\t\tcolor: #ffffff;\r\n\t\t\t\t\t\t\t\t\t\t\t\t\t\t\tbox-shadow: none;\r\n\t\t\t\t\t\t\t\t\t\t\t\t\t\t\t-ms-transform: translateY(-2px);\r\n\t\t\t\t\ttransform: translateY(-2px);\r\n\t\t\t\t\t-webkit-transform: translateY(-2px);\r\n\t\t\t\t\t\r\n\t\t\t\t}\r\n\r\n\t\t    #btn-aVtcI i {\r\n\t\t\t\t\tright: 14px;\r\n\t\t\t\t\tmargin-top: 0;\r\n\t\t\t\t\tvertical-align: middle;\r\n\t\t\t\t\tborder-radius: 50%;\r\n\t\t\t\t\tline-height: 20px;\r\n\t\t\t\t\theight: 20px;\r\n\t\t\t\t\twidth: 20px;\r\n\t\t\t\t\tbackground: #1dc1f8;\r\n\t\t\t\t\tmargin-left: 8px;\r\n\t\t\t\t\tmargin-right: 0;\r\n\t\t\t\t\tcolor: #ffffff;\r\n\t\t\t\t\tfont-size: 8px;\r\n\t\t\t\t\ttext-align: center;\r\n\t\t\t\t}\r\n\r\n\t\t\t\t #btn-aVtcI:hover i {\r\n\t\t\t\t \tbackground: #ffffff;\r\n\t\t\t\t\tcolor: #1dc1f8;\r\n\t\t\t\t }\r\n\r\n        <\/style>\r\n\r\n\t\t<!-- BUTTON -->\r\n        <div id=\"btn-container-aVtcI\" class=\"text-center\">\r\n\t\t\t\r\n\t\t\t\t\t<a href=\"\/package\/\" id=\"btn-aVtcI\" class=\"btn \" target=\"_self\">\r\n\t\t\t\t\t\tSee more\t\t\t\t\t\t\t\t\t\t\t<\/a>\r\n\t\t\t\t\t        <\/div>\r\n\r\n        [\/vc_column_inner][\/vc_row_inner][\/vc_column][\/vc_row][vc_row][vc_column]\t\t\t<div\r\n\t\t\t\tclass=\"main_title  text-center  \">\r\n\t\t\t\t<h2 class=\"title\">Gallery<\/h2>\r\n\t\t\t\t\t\t\t<\/div>\r\n\t\t[vc_masonry_media_grid grid_id=&#8221;vc_gid:1669382358803-10e25df9-6fb1-9&#8243; include=&#8221;3408,3409,3407,3397,3404,3405&#8243;][\/vc_column][vc_column][\/vc_column][\/vc_row]<\/p>\n","protected":false},"excerpt":{"rendered":"<p>[vc_row][vc_column][\/vc_column][\/vc_row][vc_row css=&#8221;.vc_custom_1659547565100{padding-top: 100px !important;}&#8221;][vc_column width=&#8221;1\/2&#8243;][vc_column_text]Localizado na orla florestal do litoral Sintrense, pr\u00f3ximo das Azenhas do Mar, numa \u00e1rea de privilegiada beleza natural, o Azen Park proporciona atividades de desporto aventura para grupos pr\u00e9-agendados de participantes com idades a partir dos 6 anos. As infraestruturas do nosso espa\u00e7o permitem a pr\u00e1tica de arborismo, escalada, slide e [&hellip;]<\/p>\n","protected":false},"author":1,"featured_media":0,"parent":0,"menu_order":0,"comment_status":"closed","ping_status":"closed","template":"","meta":{"footnotes":""},"_links":{"self":[{"href":"https:\/\/azen.pt\/pt-pt\/wp-json\/wp\/v2\/pages\/3656"}],"collection":[{"href":"https:\/\/azen.pt\/pt-pt\/wp-json\/wp\/v2\/pages"}],"about":[{"href":"https:\/\/azen.pt\/pt-pt\/wp-json\/wp\/v2\/types\/page"}],"author":[{"embeddable":true,"href":"https:\/\/azen.pt\/pt-pt\/wp-json\/wp\/v2\/users\/1"}],"replies":[{"embeddable":true,"href":"https:\/\/azen.pt\/pt-pt\/wp-json\/wp\/v2\/comments?post=3656"}],"version-history":[{"count":22,"href":"https:\/\/azen.pt\/pt-pt\/wp-json\/wp\/v2\/pages\/3656\/revisions"}],"predecessor-version":[{"id":4040,"href":"https:\/\/azen.pt\/pt-pt\/wp-json\/wp\/v2\/pages\/3656\/revisions\/4040"}],"wp:attachment":[{"href":"https:\/\/azen.pt\/pt-pt\/wp-json\/wp\/v2\/media?parent=3656"}],"curies":[{"name":"wp","href":"https:\/\/api.w.org\/{rel}","templated":true}]}}