{"id":3639,"date":"2022-08-29T12:41:12","date_gmt":"2022-08-29T12:41:12","guid":{"rendered":"https:\/\/azen.connectionthemes.com\/empresas\/"},"modified":"2025-01-17T13:56:05","modified_gmt":"2025-01-17T13:56:05","slug":"empresas","status":"publish","type":"page","link":"https:\/\/azen.pt\/pt-pt\/atividades\/empresas\/","title":{"rendered":"Empresas"},"content":{"rendered":"<p>[vc_row][vc_column width=&#8221;1\/2&#8243;][\/vc_column][\/vc_row][vc_row][vc_column width=&#8221;7\/12&#8243;]\t\t\t<div\r\n\t\t\t\tclass=\"main_title  text-left  \">\r\n\t\t\t\t<h2 class=\"title\">Empresas<\/h2>\r\n\t\t\t\t\t\t\t<\/div>\r\n\t\t[vc_column_text]Procura um dia \u201cfora do escrit\u00f3rio\u201d com atividades outdoor para a sua equipa? Est\u00e1 no s\u00edtio certo!<\/p>\n<p>Baseados na nossa experi\u00eancia e \u201cfeedback\u201d dos nossos clientes, o Azen Park selecionou um conjunto de programas de atividades para empresas que ser\u00e3o certamente do agrado da sua equipa.<\/p>\n<p>Seja com o intuito de proporcionar um merecido dia de conv\u00edvio \u00e0 sua equipa, elevar a moral e esp\u00edrito de equipa ou integrar novos membros, cri\u00e1mos um conjunto de programas de atividades onde o conv\u00edvio, a divers\u00e3o e o desafio s\u00e3o constantes.<\/p>\n<p>Na nossa Food Truck, Azen Food Court, pode encontrar sandwiches e refei\u00e7\u00f5es leves para um boost de energia. O menu \u00e9 sazonal, pe\u00e7a informa\u00e7\u00f5es na altura da reserva.<\/p>\n<p>[\/vc_column_text][\/vc_column][vc_column width=&#8221;5\/12&#8243;][vc_row_inner][vc_column_inner width=&#8221;1\/2&#8243;][vc_single_image image=&#8221;3431&#8243; img_size=&#8221;500&#215;500&#8243;][vc_single_image image=&#8221;3440&#8243; img_size=&#8221;500&#215;500&#8243;][\/vc_column_inner][vc_column_inner width=&#8221;1\/2&#8243;][vc_single_image image=&#8221;3444&#8243; img_size=&#8221;800&#215;800&#8243;][vc_single_image image=&#8221;3446&#8243; img_size=&#8221;500&#215;500&#8243;][\/vc_column_inner][\/vc_row_inner][\/vc_column][\/vc_row][vc_row][vc_column][vc_column_text]<\/p>\n<h2>Aspectos Chave<\/h2>\n<p>&nbsp;<\/p>\n<ul>\n<li>Conv\u00edvio\/divers\u00e3o<\/li>\n<li>Integra\u00e7\u00e3o\/inter-relacionamento<\/li>\n<li>Esp\u00edrito de equipa\/motiva\u00e7\u00e3o<\/li>\n<\/ul>\n<h3><\/h3>\n<p>&nbsp;<\/p>\n<h2>Informa\u00e7\u00f5es da Atividade<\/h2>\n<p>&nbsp;<\/p>\n<ul>\n<li>Dura\u00e7\u00e3o m\u00e9dia\n<ul>\n<li>Meio Dia: at\u00e9 3 horas<\/li>\n<li>Dia inteiro: 3 horas de manh\u00e3 + 3 horas tarde<\/li>\n<\/ul>\n<\/li>\n<li>N\u00famero m\u00ednimo do participantes: 20<\/li>\n<\/ul>\n<p class=\"p1\"><strong><span class=\"s1\">Aviso<\/span>:<\/strong> Confirma\u00e7\u00e3o do n\u00famero correto de pessoas at\u00e9 24h antes do dia da atividade. A Azen Park reserva o direito de cobrar a totalidade do n\u00famero de pessoas reservado. Caso no dia compare\u00e7am menos pessoas do que o n\u00famero m\u00ednimo requerido, \u00e9 aplicado o valor de tabela<\/p>\n<p>[\/vc_column_text][vc_empty_space height=&#8221;20&#8243;][\/vc_column][\/vc_row][vc_row][vc_column]\t\t\t<div\r\n\t\t\t\tclass=\"main_title  text-left  \">\r\n\t\t\t\t<h2 class=\"title\">Pre\u00e7os<\/h2>\r\n\t\t\t\t\t\t\t<\/div>\r\n\t\t[vc_column_text]<\/p>\n<h2>Meio Dia<\/h2>\n<p>[\/vc_column_text][\/vc_column][\/vc_row][vc_row][vc_column width=&#8221;1\/2&#8243;]\r\n\t\t\r\n\t\t\t<!-- RESTAURANT MENU ITEM -->\r\n\t\t\t<div class=\"restaurant-menu-item\">\r\n\t\t\t\t<div class=\"row\">\r\n\t\t\t\t\t\t<div class=\"col-lg-4 col-md-6\">\r\n\t\t\t\t\t\t\t<figure>\r\n\t\t\t\t\t\t\t\t<img src=\"https:\/\/azen.pt\/wp-content\/uploads\/2022\/08\/Paintball-3.jpeg\" class=\"img-responsive full_width\" alt=\"Arborismo + Escalada e Slide + Menu Churrasco\">\r\n\t\t\t\t\t\t\t<\/figure>\r\n\t\t\t\t\t\t<\/div>\r\n\t\t\t\t\t\t<div class=\"col-lg-8 col-md-6\">\r\n\t\t\t\t\t\t\t<div class=\"info\">\r\n\t\t\t\t\t\t\t\t<div class=\"title\">\r\n\t\t\t\t\t\t\t\t<span class=\"name\">Arborismo + Escalada e Slide + Menu Churrasco<\/span>\r\n\t\t\t\t\t\t\t\t\t<span class=\"price\">\r\n\t\t\t\t\t\t\t\t\t<span class=\"amount\">\u20ac38<\/span>\r\n\t\t\t\t\t\t\t\t\t<\/span>\r\n\t\t\t\t\t\t\t\t<\/div>\r\n\t\t\t\t\t\t\t\t<p>Pre\u00e7o p\/ pessoa<\/p>\r\n\t\t\t\t\t\t\t<\/div>\r\n\t\t\t\t\t\t<\/div>\r\n\t\t\t\t<\/div>\r\n\t\t\t<\/div>\r\n\r\n\t\t\r\n\t\t\r\n\t\t\t<!-- RESTAURANT MENU ITEM -->\r\n\t\t\t<div class=\"restaurant-menu-item\">\r\n\t\t\t\t<div class=\"row\">\r\n\t\t\t\t\t\t<div class=\"col-lg-4 col-md-6\">\r\n\t\t\t\t\t\t\t<figure>\r\n\t\t\t\t\t\t\t\t<img src=\"https:\/\/azen.pt\/wp-content\/uploads\/2022\/08\/aborismo1.jpeg\" class=\"img-responsive full_width\" alt=\"Arborismo + Escalada e Slide + Menu Tabuleiro\">\r\n\t\t\t\t\t\t\t<\/figure>\r\n\t\t\t\t\t\t<\/div>\r\n\t\t\t\t\t\t<div class=\"col-lg-8 col-md-6\">\r\n\t\t\t\t\t\t\t<div class=\"info\">\r\n\t\t\t\t\t\t\t\t<div class=\"title\">\r\n\t\t\t\t\t\t\t\t<span class=\"name\">Arborismo + Escalada e Slide + Menu Tabuleiro<\/span>\r\n\t\t\t\t\t\t\t\t\t<span class=\"price\">\r\n\t\t\t\t\t\t\t\t\t<span class=\"amount\">\u20ac36<\/span>\r\n\t\t\t\t\t\t\t\t\t<\/span>\r\n\t\t\t\t\t\t\t\t<\/div>\r\n\t\t\t\t\t\t\t\t<p>Pre\u00e7o p\/ pessoa<\/p>\r\n\t\t\t\t\t\t\t<\/div>\r\n\t\t\t\t\t\t<\/div>\r\n\t\t\t\t<\/div>\r\n\t\t\t<\/div>\r\n\r\n\t\t[\/vc_column][vc_column width=&#8221;1\/2&#8243;]\r\n\t\t\r\n\t\t\t<!-- RESTAURANT MENU ITEM -->\r\n\t\t\t<div class=\"restaurant-menu-item\">\r\n\t\t\t\t<div class=\"row\">\r\n\t\t\t\t\t\t<div class=\"col-lg-4 col-md-6\">\r\n\t\t\t\t\t\t\t<figure>\r\n\t\t\t\t\t\t\t\t<img src=\"https:\/\/azen.pt\/wp-content\/uploads\/2022\/08\/Paintball_-equipamento_Trocatintas-e1563364652775-1024x734-1.jpeg\" class=\"img-responsive full_width\" alt=\"Paintball 200 bolas + Menu Churrasco\">\r\n\t\t\t\t\t\t\t<\/figure>\r\n\t\t\t\t\t\t<\/div>\r\n\t\t\t\t\t\t<div class=\"col-lg-8 col-md-6\">\r\n\t\t\t\t\t\t\t<div class=\"info\">\r\n\t\t\t\t\t\t\t\t<div class=\"title\">\r\n\t\t\t\t\t\t\t\t<span class=\"name\">Paintball 200 bolas + Menu Churrasco<\/span>\r\n\t\t\t\t\t\t\t\t\t<span class=\"price\">\r\n\t\t\t\t\t\t\t\t\t<span class=\"amount\">\u20ac39<\/span>\r\n\t\t\t\t\t\t\t\t\t<\/span>\r\n\t\t\t\t\t\t\t\t<\/div>\r\n\t\t\t\t\t\t\t\t<p>Pre\u00e7o p\/ pessoa<\/p>\r\n\t\t\t\t\t\t\t<\/div>\r\n\t\t\t\t\t\t<\/div>\r\n\t\t\t\t<\/div>\r\n\t\t\t<\/div>\r\n\r\n\t\t\r\n\t\t\r\n\t\t\t<!-- RESTAURANT MENU ITEM -->\r\n\t\t\t<div class=\"restaurant-menu-item\">\r\n\t\t\t\t<div class=\"row\">\r\n\t\t\t\t\t\t<div class=\"col-lg-4 col-md-6\">\r\n\t\t\t\t\t\t\t<figure>\r\n\t\t\t\t\t\t\t\t<img src=\"https:\/\/azen.pt\/wp-content\/uploads\/2022\/08\/Paintball-2.jpeg\" class=\"img-responsive full_width\" alt=\"Paintball 200 bolas + Menu Tabuleiro\">\r\n\t\t\t\t\t\t\t<\/figure>\r\n\t\t\t\t\t\t<\/div>\r\n\t\t\t\t\t\t<div class=\"col-lg-8 col-md-6\">\r\n\t\t\t\t\t\t\t<div class=\"info\">\r\n\t\t\t\t\t\t\t\t<div class=\"title\">\r\n\t\t\t\t\t\t\t\t<span class=\"name\">Paintball 200 bolas + Menu Tabuleiro<\/span>\r\n\t\t\t\t\t\t\t\t\t<span class=\"price\">\r\n\t\t\t\t\t\t\t\t\t<span class=\"amount\">\u20ac37<\/span>\r\n\t\t\t\t\t\t\t\t\t<\/span>\r\n\t\t\t\t\t\t\t\t<\/div>\r\n\t\t\t\t\t\t\t\t<p>Pre\u00e7o p\/ pessoa<\/p>\r\n\t\t\t\t\t\t\t<\/div>\r\n\t\t\t\t\t\t<\/div>\r\n\t\t\t\t<\/div>\r\n\t\t\t<\/div>\r\n\r\n\t\t[\/vc_column][\/vc_row][vc_row][vc_column][vc_column_text]<\/p>\n<h2>Dia Inteiro<\/h2>\n<p>[\/vc_column_text][\/vc_column][\/vc_row][vc_row][vc_column width=&#8221;1\/2&#8243;]\r\n\t\t\r\n\t\t\t<!-- RESTAURANT MENU ITEM -->\r\n\t\t\t<div class=\"restaurant-menu-item\">\r\n\t\t\t\t<div class=\"row\">\r\n\t\t\t\t\t\t<div class=\"col-lg-4 col-md-6\">\r\n\t\t\t\t\t\t\t<figure>\r\n\t\t\t\t\t\t\t\t<img src=\"https:\/\/azen.pt\/wp-content\/uploads\/2022\/08\/Troca-Tintas-Arborismo-Crianc\u0327as-10.jpeg\" class=\"img-responsive full_width\" alt=\"Arborismo + Escalada e Slide + Paintball 200 bolas + Menu Churrasco\">\r\n\t\t\t\t\t\t\t<\/figure>\r\n\t\t\t\t\t\t<\/div>\r\n\t\t\t\t\t\t<div class=\"col-lg-8 col-md-6\">\r\n\t\t\t\t\t\t\t<div class=\"info\">\r\n\t\t\t\t\t\t\t\t<div class=\"title\">\r\n\t\t\t\t\t\t\t\t<span class=\"name\">Arborismo + Escalada e Slide + Paintball 200 bolas + Menu Churrasco<\/span>\r\n\t\t\t\t\t\t\t\t\t<span class=\"price\">\r\n\t\t\t\t\t\t\t\t\t<span class=\"amount\">\u20ac49<\/span>\r\n\t\t\t\t\t\t\t\t\t<\/span>\r\n\t\t\t\t\t\t\t\t<\/div>\r\n\t\t\t\t\t\t\t\t<p>Pre\u00e7o p\/ pessoa<\/p>\r\n\t\t\t\t\t\t\t<\/div>\r\n\t\t\t\t\t\t<\/div>\r\n\t\t\t\t<\/div>\r\n\t\t\t<\/div>\r\n\r\n\t\t\r\n\t\t\r\n\t\t\t<!-- RESTAURANT MENU ITEM -->\r\n\t\t\t<div class=\"restaurant-menu-item\">\r\n\t\t\t\t<div class=\"row\">\r\n\t\t\t\t\t\t<div class=\"col-lg-4 col-md-6\">\r\n\t\t\t\t\t\t\t<figure>\r\n\t\t\t\t\t\t\t\t<img src=\"https:\/\/azen.pt\/wp-content\/uploads\/2022\/08\/arborismo8.jpeg\" class=\"img-responsive full_width\" alt=\"Arborismo + Escalada e Slide + Paintball 200 bolas + Menu Tabuleiro\">\r\n\t\t\t\t\t\t\t<\/figure>\r\n\t\t\t\t\t\t<\/div>\r\n\t\t\t\t\t\t<div class=\"col-lg-8 col-md-6\">\r\n\t\t\t\t\t\t\t<div class=\"info\">\r\n\t\t\t\t\t\t\t\t<div class=\"title\">\r\n\t\t\t\t\t\t\t\t<span class=\"name\">Arborismo + Escalada e Slide + Paintball 200 bolas + Menu Tabuleiro<\/span>\r\n\t\t\t\t\t\t\t\t\t<span class=\"price\">\r\n\t\t\t\t\t\t\t\t\t<span class=\"amount\">\u20ac47<\/span>\r\n\t\t\t\t\t\t\t\t\t<\/span>\r\n\t\t\t\t\t\t\t\t<\/div>\r\n\t\t\t\t\t\t\t\t<p>Pre\u00e7o p\/ pessoa<\/p>\r\n\t\t\t\t\t\t\t<\/div>\r\n\t\t\t\t\t\t<\/div>\r\n\t\t\t\t<\/div>\r\n\t\t\t<\/div>\r\n\r\n\t\t\r\n\t\t\r\n\t\t\t<!-- RESTAURANT MENU ITEM -->\r\n\t\t\t<div class=\"restaurant-menu-item\">\r\n\t\t\t\t<div class=\"row\">\r\n\t\t\t\t\t\t<div class=\"col-lg-4 col-md-6\">\r\n\t\t\t\t\t\t\t<figure>\r\n\t\t\t\t\t\t\t\t<img src=\"https:\/\/azen.pt\/wp-content\/uploads\/2022\/08\/Paintball_Sintra_Trocatintas-1.jpeg\" class=\"img-responsive full_width\" alt=\"Paintball 200 bolas + Jogos Tradicionais + Menu Churrasco\">\r\n\t\t\t\t\t\t\t<\/figure>\r\n\t\t\t\t\t\t<\/div>\r\n\t\t\t\t\t\t<div class=\"col-lg-8 col-md-6\">\r\n\t\t\t\t\t\t\t<div class=\"info\">\r\n\t\t\t\t\t\t\t\t<div class=\"title\">\r\n\t\t\t\t\t\t\t\t<span class=\"name\">Paintball 200 bolas + Jogos Tradicionais + Menu Churrasco<\/span>\r\n\t\t\t\t\t\t\t\t\t<span class=\"price\">\r\n\t\t\t\t\t\t\t\t\t<span class=\"amount\">\u20ac44<\/span>\r\n\t\t\t\t\t\t\t\t\t<\/span>\r\n\t\t\t\t\t\t\t\t<\/div>\r\n\t\t\t\t\t\t\t\t<p>Pre\u00e7o p\/ pessoa<\/p>\r\n\t\t\t\t\t\t\t<\/div>\r\n\t\t\t\t\t\t<\/div>\r\n\t\t\t\t<\/div>\r\n\t\t\t<\/div>\r\n\r\n\t\t[\/vc_column][vc_column width=&#8221;1\/2&#8243;]\r\n\t\t\r\n\t\t\t<!-- RESTAURANT MENU ITEM -->\r\n\t\t\t<div class=\"restaurant-menu-item\">\r\n\t\t\t\t<div class=\"row\">\r\n\t\t\t\t\t\t<div class=\"col-lg-4 col-md-6\">\r\n\t\t\t\t\t\t\t<figure>\r\n\t\t\t\t\t\t\t\t<img src=\"https:\/\/azen.pt\/wp-content\/uploads\/2022\/08\/Troca-Tintas-Atividades-Paintball-1.jpeg\" class=\"img-responsive full_width\" alt=\"Paintball 200 bolas + Jogos Tradicionais + Menu Tabuleiro\">\r\n\t\t\t\t\t\t\t<\/figure>\r\n\t\t\t\t\t\t<\/div>\r\n\t\t\t\t\t\t<div class=\"col-lg-8 col-md-6\">\r\n\t\t\t\t\t\t\t<div class=\"info\">\r\n\t\t\t\t\t\t\t\t<div class=\"title\">\r\n\t\t\t\t\t\t\t\t<span class=\"name\">Paintball 200 bolas + Jogos Tradicionais + Menu Tabuleiro<\/span>\r\n\t\t\t\t\t\t\t\t\t<span class=\"price\">\r\n\t\t\t\t\t\t\t\t\t<span class=\"amount\">\u20ac42<\/span>\r\n\t\t\t\t\t\t\t\t\t<\/span>\r\n\t\t\t\t\t\t\t\t<\/div>\r\n\t\t\t\t\t\t\t\t<p>Pre\u00e7o p\/ pessoa<\/p>\r\n\t\t\t\t\t\t\t<\/div>\r\n\t\t\t\t\t\t<\/div>\r\n\t\t\t\t<\/div>\r\n\t\t\t<\/div>\r\n\r\n\t\t\r\n\t\t\r\n\t\t\t<!-- RESTAURANT MENU ITEM -->\r\n\t\t\t<div class=\"restaurant-menu-item\">\r\n\t\t\t\t<div class=\"row\">\r\n\t\t\t\t\t\t<div class=\"col-lg-4 col-md-6\">\r\n\t\t\t\t\t\t\t<figure>\r\n\t\t\t\t\t\t\t\t<img src=\"https:\/\/azen.pt\/wp-content\/uploads\/2022\/08\/GE-ESCALADA-1-1024x768-1.jpeg\" class=\"img-responsive full_width\" alt=\"Arborismo + Escalada e Slide + Jogos Tradicionais + Menu Churrasco\">\r\n\t\t\t\t\t\t\t<\/figure>\r\n\t\t\t\t\t\t<\/div>\r\n\t\t\t\t\t\t<div class=\"col-lg-8 col-md-6\">\r\n\t\t\t\t\t\t\t<div class=\"info\">\r\n\t\t\t\t\t\t\t\t<div class=\"title\">\r\n\t\t\t\t\t\t\t\t<span class=\"name\">Arborismo + Escalada e Slide + Jogos Tradicionais + Menu Churrasco<\/span>\r\n\t\t\t\t\t\t\t\t\t<span class=\"price\">\r\n\t\t\t\t\t\t\t\t\t<span class=\"amount\">\u20ac42<\/span>\r\n\t\t\t\t\t\t\t\t\t<\/span>\r\n\t\t\t\t\t\t\t\t<\/div>\r\n\t\t\t\t\t\t\t\t<p>Pre\u00e7o p\/ pessoa<\/p>\r\n\t\t\t\t\t\t\t<\/div>\r\n\t\t\t\t\t\t<\/div>\r\n\t\t\t\t<\/div>\r\n\t\t\t<\/div>\r\n\r\n\t\t\r\n\t\t\r\n\t\t\t<!-- RESTAURANT MENU ITEM -->\r\n\t\t\t<div class=\"restaurant-menu-item\">\r\n\t\t\t\t<div class=\"row\">\r\n\t\t\t\t\t\t<div class=\"col-lg-4 col-md-6\">\r\n\t\t\t\t\t\t\t<figure>\r\n\t\t\t\t\t\t\t\t<img src=\"https:\/\/azen.pt\/wp-content\/uploads\/2022\/08\/arborismo7.jpeg\" class=\"img-responsive full_width\" alt=\"Arborismo + Escalada e Slide + Jogos Tradicionais + Menu Tabuleiro\">\r\n\t\t\t\t\t\t\t<\/figure>\r\n\t\t\t\t\t\t<\/div>\r\n\t\t\t\t\t\t<div class=\"col-lg-8 col-md-6\">\r\n\t\t\t\t\t\t\t<div class=\"info\">\r\n\t\t\t\t\t\t\t\t<div class=\"title\">\r\n\t\t\t\t\t\t\t\t<span class=\"name\">Arborismo + Escalada e Slide + Jogos Tradicionais + Menu Tabuleiro<\/span>\r\n\t\t\t\t\t\t\t\t\t<span class=\"price\">\r\n\t\t\t\t\t\t\t\t\t<span class=\"amount\">\u20ac40<\/span>\r\n\t\t\t\t\t\t\t\t\t<\/span>\r\n\t\t\t\t\t\t\t\t<\/div>\r\n\t\t\t\t\t\t\t\t<p>Pre\u00e7o p\/ pessoa<\/p>\r\n\t\t\t\t\t\t\t<\/div>\r\n\t\t\t\t\t\t<\/div>\r\n\t\t\t\t<\/div>\r\n\t\t\t<\/div>\r\n\r\n\t\t[\/vc_column][\/vc_row][vc_row][vc_column][vc_empty_space height=&#8221;20&#8243;][\/vc_column][\/vc_row][vc_row][vc_column][vc_empty_space height=&#8221;20&#8243;]\t\t\t<div\r\n\t\t\t\tclass=\"main_title  text-left  \">\r\n\t\t\t\t<h2 class=\"title\">Galeria<\/h2>\r\n\t\t\t\t\t\t\t<\/div>\r\n\t\t[\/vc_column][\/vc_row][vc_row][vc_column]           \r\n            <div class=\"row\">\r\n\t            <div class=\"image-gallery\">\r\n\r\n                   \r\n                    <!-- GALLERY ITEM -->\r\n                    <div class=\"col-lg-4 col-sm-6\">\r\n                      <figure class=\"gradient-overlay-hover icon-zoom-hover zoom-image-hover\">\r\n                                                <a href=\"https:\/\/azen.pt\/wp-content\/uploads\/2022\/08\/Paintball-3.jpeg\">\r\n                          <img src=\"https:\/\/azen.pt\/wp-content\/uploads\/2022\/08\/Paintball-3.jpeg\" class=\"img-responsive\">\r\n                        <\/a>\r\n                                            <\/figure>\r\n                    <\/div>\r\n\r\n                    \r\n                    <!-- GALLERY ITEM -->\r\n                    <div class=\"col-lg-4 col-sm-6\">\r\n                      <figure class=\"gradient-overlay-hover icon-zoom-hover zoom-image-hover\">\r\n                                                <a href=\"https:\/\/azen.pt\/wp-content\/uploads\/2022\/08\/Troca-Tintas-Packs-Empresas-9.jpeg\">\r\n                          <img src=\"https:\/\/azen.pt\/wp-content\/uploads\/2022\/08\/Troca-Tintas-Packs-Empresas-9.jpeg\" class=\"img-responsive\">\r\n                        <\/a>\r\n                                            <\/figure>\r\n                    <\/div>\r\n\r\n                    \r\n                    <!-- GALLERY ITEM -->\r\n                    <div class=\"col-lg-4 col-sm-6\">\r\n                      <figure class=\"gradient-overlay-hover icon-zoom-hover zoom-image-hover\">\r\n                                                <a href=\"https:\/\/azen.pt\/wp-content\/uploads\/2022\/08\/Paintball-2.jpeg\">\r\n                          <img src=\"https:\/\/azen.pt\/wp-content\/uploads\/2022\/08\/Paintball-2.jpeg\" class=\"img-responsive\">\r\n                        <\/a>\r\n                                            <\/figure>\r\n                    <\/div>\r\n\r\n                    \r\n                    <!-- GALLERY ITEM -->\r\n                    <div class=\"col-lg-4 col-sm-6\">\r\n                      <figure class=\"gradient-overlay-hover icon-zoom-hover zoom-image-hover\">\r\n                                                <a href=\"https:\/\/azen.pt\/wp-content\/uploads\/2022\/08\/Troca-Tintas-Packs-Empresas-4.jpeg\">\r\n                          <img src=\"https:\/\/azen.pt\/wp-content\/uploads\/2022\/08\/Troca-Tintas-Packs-Empresas-4.jpeg\" class=\"img-responsive\">\r\n                        <\/a>\r\n                                            <\/figure>\r\n                    <\/div>\r\n\r\n                    \r\n                    <!-- GALLERY ITEM -->\r\n                    <div class=\"col-lg-4 col-sm-6\">\r\n                      <figure class=\"gradient-overlay-hover icon-zoom-hover zoom-image-hover\">\r\n                                                <a href=\"https:\/\/azen.pt\/wp-content\/uploads\/2022\/08\/Troca-Tintas-Packs-Empresas-6-300x200-1.jpeg\">\r\n                          <img src=\"https:\/\/azen.pt\/wp-content\/uploads\/2022\/08\/Troca-Tintas-Packs-Empresas-6-300x200-1.jpeg\" class=\"img-responsive\">\r\n                        <\/a>\r\n                                            <\/figure>\r\n                    <\/div>\r\n\r\n                    \r\n                    <!-- GALLERY ITEM -->\r\n                    <div class=\"col-lg-4 col-sm-6\">\r\n                      <figure class=\"gradient-overlay-hover icon-zoom-hover zoom-image-hover\">\r\n                                                <a href=\"https:\/\/azen.pt\/wp-content\/uploads\/2022\/08\/Troca-Tintas-Packs-Empresas-2.jpeg\">\r\n                          <img src=\"https:\/\/azen.pt\/wp-content\/uploads\/2022\/08\/Troca-Tintas-Packs-Empresas-2.jpeg\" class=\"img-responsive\">\r\n                        <\/a>\r\n                                            <\/figure>\r\n                    <\/div>\r\n\r\n                    \r\n                    <!-- GALLERY ITEM -->\r\n                    <div class=\"col-lg-4 col-sm-6\">\r\n                      <figure class=\"gradient-overlay-hover icon-zoom-hover zoom-image-hover\">\r\n                                                <a href=\"https:\/\/azen.pt\/wp-content\/uploads\/2022\/08\/Troca-Tintas-Packs-Empresas-11.jpeg\">\r\n                          <img src=\"https:\/\/azen.pt\/wp-content\/uploads\/2022\/08\/Troca-Tintas-Packs-Empresas-11.jpeg\" class=\"img-responsive\">\r\n                        <\/a>\r\n                                            <\/figure>\r\n                    <\/div>\r\n\r\n                    \r\n                    <!-- GALLERY ITEM -->\r\n                    <div class=\"col-lg-4 col-sm-6\">\r\n                      <figure class=\"gradient-overlay-hover icon-zoom-hover zoom-image-hover\">\r\n                                                <a href=\"https:\/\/azen.pt\/wp-content\/uploads\/2022\/08\/DSC_2148-300x200-1.jpeg\">\r\n                          <img src=\"https:\/\/azen.pt\/wp-content\/uploads\/2022\/08\/DSC_2148-300x200-1.jpeg\" class=\"img-responsive\">\r\n                        <\/a>\r\n                                            <\/figure>\r\n                    <\/div>\r\n\r\n                    \r\n\t                \t            <\/div>\r\n            <\/div>\r\n\r\n        [\/vc_column][\/vc_row][vc_row][vc_column][vc_empty_space height=&#8221;100&#8243;][\/vc_column][\/vc_row][vc_row][vc_column][vc_raw_html]JTNDZGl2JTIwY2xhc3MlM0QlMjJhZG1pbi1vbmx5JTIyJTNFJTBBJTVCYm9va2x5LWZvcm0lMjBjYXRlZ29yeV9pZCUzRCUyMjUlMjIlMjBzaG93X251bWJlcl9vZl9wZXJzb25zJTNEJTIyMSUyMiUyMHN0YWZmX21lbWJlcl9pZCUzRCUyMjElMjIlMjAlMjBzaG93X3BheW1lbnRzJTNEJTIyMSUyMiU1RCUwQSUwQSUzQyUyRmRpdiUzRQ==[\/vc_raw_html][\/vc_column][\/vc_row]<\/p>\n","protected":false},"excerpt":{"rendered":"<p>[vc_row][vc_column width=&#8221;1\/2&#8243;][\/vc_column][\/vc_row][vc_row][vc_column width=&#8221;7\/12&#8243;][vc_column_text]Procura um dia \u201cfora do escrit\u00f3rio\u201d com atividades outdoor para a sua equipa? Est\u00e1 no s\u00edtio certo! Baseados na nossa experi\u00eancia e \u201cfeedback\u201d dos nossos clientes, o Azen Park selecionou um conjunto de programas de atividades para empresas que ser\u00e3o certamente do agrado da sua equipa. Seja com o intuito de proporcionar um [&hellip;]<\/p>\n","protected":false},"author":1,"featured_media":0,"parent":3694,"menu_order":0,"comment_status":"closed","ping_status":"closed","template":"","meta":{"footnotes":""},"_links":{"self":[{"href":"https:\/\/azen.pt\/pt-pt\/wp-json\/wp\/v2\/pages\/3639"}],"collection":[{"href":"https:\/\/azen.pt\/pt-pt\/wp-json\/wp\/v2\/pages"}],"about":[{"href":"https:\/\/azen.pt\/pt-pt\/wp-json\/wp\/v2\/types\/page"}],"author":[{"embeddable":true,"href":"https:\/\/azen.pt\/pt-pt\/wp-json\/wp\/v2\/users\/1"}],"replies":[{"embeddable":true,"href":"https:\/\/azen.pt\/pt-pt\/wp-json\/wp\/v2\/comments?post=3639"}],"version-history":[{"count":13,"href":"https:\/\/azen.pt\/pt-pt\/wp-json\/wp\/v2\/pages\/3639\/revisions"}],"predecessor-version":[{"id":4373,"href":"https:\/\/azen.pt\/pt-pt\/wp-json\/wp\/v2\/pages\/3639\/revisions\/4373"}],"up":[{"embeddable":true,"href":"https:\/\/azen.pt\/pt-pt\/wp-json\/wp\/v2\/pages\/3694"}],"wp:attachment":[{"href":"https:\/\/azen.pt\/pt-pt\/wp-json\/wp\/v2\/media?parent=3639"}],"curies":[{"name":"wp","href":"https:\/\/api.w.org\/{rel}","templated":true}]}}