{"id":3616,"date":"2022-08-29T15:26:28","date_gmt":"2022-08-29T15:26:28","guid":{"rendered":"https:\/\/azen.connectionthemes.com\/despedida-de-solteiro\/"},"modified":"2025-01-22T10:40:24","modified_gmt":"2025-01-22T10:40:24","slug":"despedida-de-solteiro","status":"publish","type":"page","link":"https:\/\/azen.pt\/pt-pt\/atividades\/despedida-de-solteiro\/","title":{"rendered":"Despedida de Solteiro"},"content":{"rendered":"<p>[vc_row][vc_column width=&#8221;1\/2&#8243;][\/vc_column][\/vc_row][vc_row][vc_column width=&#8221;7\/12&#8243;]\t\t\t<div\r\n\t\t\t\tclass=\"main_title  text-left  \">\r\n\t\t\t\t<h2 class=\"title\">Despedidas de Solteiro(a)<\/h2>\r\n\t\t\t\t\t\t\t<\/div>\r\n\t\t[vc_column_text]Realizar uma atividade \u201coutdoor\u201d reunindo os\/as melhores amigos\/as na sua despedida de solteiro\/a \u00e9 sem d\u00favida uma op\u00e7\u00e3o divertida para celebrar a nova fase que vai iniciar.<\/p>\n<p>Conv\u00edvio e divers\u00e3o numa atividade ao ar livre com os seus amigos\/as e um\/a Noivo\/a vestido\/a de coelho\/a cor de rosa, s\u00f3 pode resultar bem![\/vc_column_text][\/vc_column][vc_column width=&#8221;5\/12&#8243;][vc_row_inner][vc_column_inner width=&#8221;1\/2&#8243;][vc_single_image image=&#8221;3434&#8243; img_size=&#8221;full&#8221;][vc_single_image image=&#8221;3347&#8243; img_size=&#8221;full&#8221;][\/vc_column_inner][vc_column_inner width=&#8221;1\/2&#8243;][vc_single_image image=&#8221;3468&#8243; img_size=&#8221;full&#8221;][vc_single_image image=&#8221;3470&#8243; img_size=&#8221;full&#8221;][\/vc_column_inner][\/vc_row_inner][\/vc_column][\/vc_row][vc_row][vc_column][vc_column_text]<\/p>\n<h2>Aspectos Chave<\/h2>\n<p>&nbsp;<\/p>\n<ul>\n<li>Divers\u00e3o<\/li>\n<li>Conv\u00edvio<\/li>\n<li>Outdoors \/ Natureza<\/li>\n<\/ul>\n<h3><\/h3>\n<p>&nbsp;<\/p>\n<h2>Informa\u00e7\u00e3o de Atividade<\/h2>\n<p>&nbsp;<\/p>\n<ul>\n<li><span style=\"font-weight: 400;\">Dura\u00e7\u00e3o m\u00e9dia: 3 horas<\/span><\/li>\n<li><span style=\"font-weight: 400;\">N\u00famero M\u00ednimo de Participantes: 19 + noivo (a)<\/span><\/li>\n<li>Sunset no nosso terra\u00e7o com 2 cervejas inclu\u00eddas por pessoa<\/li>\n<\/ul>\n<p class=\"p1\"><strong><span class=\"s1\">Aviso<\/span><\/strong>: Confirma\u00e7\u00e3o do n\u00famero correto de pessoas at\u00e9 24h antes do dia da atividade. A Azen Park reserva o direito de cobrar a totalidade do n\u00famero de pessoas reservado. Caso no dia compare\u00e7am menos pessoas do que o n\u00famero m\u00ednimo requerido, \u00e9 aplicado o valor de tabela<\/p>\n<p>[\/vc_column_text][vc_empty_space height=&#8221;20&#8243;][\/vc_column][\/vc_row][vc_row][vc_column]\t\t\t<div\r\n\t\t\t\tclass=\"main_title  text-left  \">\r\n\t\t\t\t<h2 class=\"title\">Pre\u00e7os<\/h2>\r\n\t\t\t\t\t\t\t<\/div>\r\n\t\t[\/vc_column][vc_column][vc_empty_space][\/vc_column][\/vc_row][vc_row][vc_column width=&#8221;1\/2&#8243;]\r\n\t\t\r\n\t\t\t<!-- RESTAURANT MENU ITEM -->\r\n\t\t\t<div class=\"restaurant-menu-item\">\r\n\t\t\t\t<div class=\"row\">\r\n\t\t\t\t\t\t<div class=\"col-lg-4 col-md-6\">\r\n\t\t\t\t\t\t\t<figure>\r\n\t\t\t\t\t\t\t\t<img src=\"https:\/\/azen.pt\/wp-content\/uploads\/2022\/08\/Despedida-de-Solteiro-do-Diogo-Abreu-28-04-2012-Paintball.jpeg\" class=\"img-responsive full_width\" alt=\"Arborismo + Escalada e Slide + Sunset (gr\u00e1tis para noivo\/noiva)\">\r\n\t\t\t\t\t\t\t<\/figure>\r\n\t\t\t\t\t\t<\/div>\r\n\t\t\t\t\t\t<div class=\"col-lg-8 col-md-6\">\r\n\t\t\t\t\t\t\t<div class=\"info\">\r\n\t\t\t\t\t\t\t\t<div class=\"title\">\r\n\t\t\t\t\t\t\t\t<span class=\"name\">Arborismo + Escalada e Slide + Sunset (gr\u00e1tis para noivo\/noiva)<\/span>\r\n\t\t\t\t\t\t\t\t\t<span class=\"price\">\r\n\t\t\t\t\t\t\t\t\t<span class=\"amount\">\u20ac26<\/span>\r\n\t\t\t\t\t\t\t\t\t<\/span>\r\n\t\t\t\t\t\t\t\t<\/div>\r\n\t\t\t\t\t\t\t\t<p>Pre\u00e7o p\/ pessoa (10-19 participantes)<\/p>\r\n\t\t\t\t\t\t\t<\/div>\r\n\t\t\t\t\t\t<\/div>\r\n\t\t\t\t<\/div>\r\n\t\t\t<\/div>\r\n\r\n\t\t\r\n\t\t\r\n\t\t\t<!-- RESTAURANT MENU ITEM -->\r\n\t\t\t<div class=\"restaurant-menu-item\">\r\n\t\t\t\t<div class=\"row\">\r\n\t\t\t\t\t\t<div class=\"col-lg-4 col-md-6\">\r\n\t\t\t\t\t\t\t<figure>\r\n\t\t\t\t\t\t\t\t<img src=\"https:\/\/azen.pt\/wp-content\/uploads\/2022\/08\/IMG_4807.jpeg\" class=\"img-responsive full_width\" alt=\"Arborismo + Escalada e Slide + Sunset (gr\u00e1tis para noivo\/noiva)\">\r\n\t\t\t\t\t\t\t<\/figure>\r\n\t\t\t\t\t\t<\/div>\r\n\t\t\t\t\t\t<div class=\"col-lg-8 col-md-6\">\r\n\t\t\t\t\t\t\t<div class=\"info\">\r\n\t\t\t\t\t\t\t\t<div class=\"title\">\r\n\t\t\t\t\t\t\t\t<span class=\"name\">Arborismo + Escalada e Slide + Sunset (gr\u00e1tis para noivo\/noiva)<\/span>\r\n\t\t\t\t\t\t\t\t\t<span class=\"price\">\r\n\t\t\t\t\t\t\t\t\t<span class=\"amount\">\u20ac24<\/span>\r\n\t\t\t\t\t\t\t\t\t<\/span>\r\n\t\t\t\t\t\t\t\t<\/div>\r\n\t\t\t\t\t\t\t\t<p>Pre\u00e7o p\/ pessoa (para mais de 20 participantes)<\/p>\r\n\t\t\t\t\t\t\t<\/div>\r\n\t\t\t\t\t\t<\/div>\r\n\t\t\t\t<\/div>\r\n\t\t\t<\/div>\r\n\r\n\t\t[\/vc_column][vc_column width=&#8221;1\/2&#8243;]\r\n\t\t\r\n\t\t\t<!-- RESTAURANT MENU ITEM -->\r\n\t\t\t<div class=\"restaurant-menu-item\">\r\n\t\t\t\t<div class=\"row\">\r\n\t\t\t\t\t\t<div class=\"col-lg-4 col-md-6\">\r\n\t\t\t\t\t\t\t<figure>\r\n\t\t\t\t\t\t\t\t<img src=\"https:\/\/azen.pt\/wp-content\/uploads\/2022\/08\/Despedida-de-solteiros-do-Rui-e-da-Rita-20-05-2012-Laser-Tag.jpeg\" class=\"img-responsive full_width\" alt=\"Paintball 200 bolas + Sunset (gr\u00e1tis para noivo\/noiva)\">\r\n\t\t\t\t\t\t\t<\/figure>\r\n\t\t\t\t\t\t<\/div>\r\n\t\t\t\t\t\t<div class=\"col-lg-8 col-md-6\">\r\n\t\t\t\t\t\t\t<div class=\"info\">\r\n\t\t\t\t\t\t\t\t<div class=\"title\">\r\n\t\t\t\t\t\t\t\t<span class=\"name\">Paintball 200 bolas + Sunset (gr\u00e1tis para noivo\/noiva)<\/span>\r\n\t\t\t\t\t\t\t\t\t<span class=\"price\">\r\n\t\t\t\t\t\t\t\t\t<span class=\"amount\">\u20ac23<\/span>\r\n\t\t\t\t\t\t\t\t\t<\/span>\r\n\t\t\t\t\t\t\t\t<\/div>\r\n\t\t\t\t\t\t\t\t<p>Pre\u00e7o p\/ pessoa<\/p>\r\n\t\t\t\t\t\t\t<\/div>\r\n\t\t\t\t\t\t<\/div>\r\n\t\t\t\t<\/div>\r\n\t\t\t<\/div>\r\n\r\n\t\t[\/vc_column][\/vc_row][vc_row][vc_column][vc_empty_space height=&#8221;20&#8243;][\/vc_column][\/vc_row][vc_row][vc_column][vc_empty_space height=&#8221;20&#8243;]\t\t\t<div\r\n\t\t\t\tclass=\"main_title  text-left  \">\r\n\t\t\t\t<h2 class=\"title\">Galeria<\/h2>\r\n\t\t\t\t\t\t\t<\/div>\r\n\t\t[\/vc_column][\/vc_row][vc_row][vc_column]           \r\n            <div class=\"row\">\r\n\t            <div class=\"image-gallery\">\r\n\r\n                   \r\n                    <!-- GALLERY ITEM -->\r\n                    <div class=\"col-lg-4 col-sm-6\">\r\n                      <figure class=\"gradient-overlay-hover icon-zoom-hover zoom-image-hover\">\r\n                                                <a href=\"https:\/\/azen.pt\/wp-content\/uploads\/2022\/08\/DSCF9039.jpeg\">\r\n                          <img src=\"https:\/\/azen.pt\/wp-content\/uploads\/2022\/08\/DSCF9039.jpeg\" class=\"img-responsive\">\r\n                        <\/a>\r\n                                            <\/figure>\r\n                    <\/div>\r\n\r\n                    \r\n                    <!-- GALLERY ITEM -->\r\n                    <div class=\"col-lg-4 col-sm-6\">\r\n                      <figure class=\"gradient-overlay-hover icon-zoom-hover zoom-image-hover\">\r\n                                                <a href=\"https:\/\/azen.pt\/wp-content\/uploads\/2022\/08\/Despedida-de-solteiros-do-Rui-e-da-Rita-20-05-2012-Laser-Tag.jpeg\">\r\n                          <img src=\"https:\/\/azen.pt\/wp-content\/uploads\/2022\/08\/Despedida-de-solteiros-do-Rui-e-da-Rita-20-05-2012-Laser-Tag.jpeg\" class=\"img-responsive\">\r\n                        <\/a>\r\n                                            <\/figure>\r\n                    <\/div>\r\n\r\n                    \r\n                    <!-- GALLERY ITEM -->\r\n                    <div class=\"col-lg-4 col-sm-6\">\r\n                      <figure class=\"gradient-overlay-hover icon-zoom-hover zoom-image-hover\">\r\n                                                <a href=\"https:\/\/azen.pt\/wp-content\/uploads\/2022\/08\/despedida-solt-Daniel-18-06-2011-300x225-1.jpeg\">\r\n                          <img src=\"https:\/\/azen.pt\/wp-content\/uploads\/2022\/08\/despedida-solt-Daniel-18-06-2011-300x225-1.jpeg\" class=\"img-responsive\">\r\n                        <\/a>\r\n                                            <\/figure>\r\n                    <\/div>\r\n\r\n                    \r\n                    <!-- GALLERY ITEM -->\r\n                    <div class=\"col-lg-4 col-sm-6\">\r\n                      <figure class=\"gradient-overlay-hover icon-zoom-hover zoom-image-hover\">\r\n                                                <a href=\"https:\/\/azen.pt\/wp-content\/uploads\/2022\/08\/Aniv-1-300x235-1.jpeg\">\r\n                          <img src=\"https:\/\/azen.pt\/wp-content\/uploads\/2022\/08\/Aniv-1-300x235-1.jpeg\" class=\"img-responsive\">\r\n                        <\/a>\r\n                                            <\/figure>\r\n                    <\/div>\r\n\r\n                    \r\n                    <!-- GALLERY ITEM -->\r\n                    <div class=\"col-lg-4 col-sm-6\">\r\n                      <figure class=\"gradient-overlay-hover icon-zoom-hover zoom-image-hover\">\r\n                                                <a href=\"https:\/\/azen.pt\/wp-content\/uploads\/2022\/08\/IMG_4807.jpeg\">\r\n                          <img src=\"https:\/\/azen.pt\/wp-content\/uploads\/2022\/08\/IMG_4807.jpeg\" class=\"img-responsive\">\r\n                        <\/a>\r\n                                            <\/figure>\r\n                    <\/div>\r\n\r\n                    \r\n                    <!-- GALLERY ITEM -->\r\n                    <div class=\"col-lg-4 col-sm-6\">\r\n                      <figure class=\"gradient-overlay-hover icon-zoom-hover zoom-image-hover\">\r\n                                                <a href=\"https:\/\/azen.pt\/wp-content\/uploads\/2022\/08\/Troca-Tintas-Packs-Despedidas-de-Solteiros-234x300-1.jpeg\">\r\n                          <img src=\"https:\/\/azen.pt\/wp-content\/uploads\/2022\/08\/Troca-Tintas-Packs-Despedidas-de-Solteiros-234x300-1.jpeg\" class=\"img-responsive\">\r\n                        <\/a>\r\n                                            <\/figure>\r\n                    <\/div>\r\n\r\n                    \r\n\t                \t            <\/div>\r\n            <\/div>\r\n\r\n        [\/vc_column][\/vc_row][vc_row][vc_column][vc_empty_space height=&#8221;100&#8243;][\/vc_column][\/vc_row][vc_row][vc_column][vc_raw_html]JTNDZGl2JTIwY2xhc3MlM0QlMjJhZG1pbi1vbmx5JTIyJTNFJTBBJTVCYm9va2x5LWZvcm0lMjBjYXRlZ29yeV9pZCUzRCUyMjglMjIlMjBzaG93X251bWJlcl9vZl9wZXJzb25zJTNEJTIyMSUyMiUyMHN0YWZmX21lbWJlcl9pZCUzRCUyMjElMjIlMjAlMjBzaG93X3BheW1lbnRzJTNEJTIyMSUyMiU1RCUwQSUwQSUzQyUyRmRpdiUzRQ==[\/vc_raw_html][\/vc_column][\/vc_row]<\/p>\n","protected":false},"excerpt":{"rendered":"<p>[vc_row][vc_column width=&#8221;1\/2&#8243;][\/vc_column][\/vc_row][vc_row][vc_column width=&#8221;7\/12&#8243;][vc_column_text]Realizar uma atividade \u201coutdoor\u201d reunindo os\/as melhores amigos\/as na sua despedida de solteiro\/a \u00e9 sem d\u00favida uma op\u00e7\u00e3o divertida para celebrar a nova fase que vai iniciar. Conv\u00edvio e divers\u00e3o numa atividade ao ar livre com os seus amigos\/as e um\/a Noivo\/a vestido\/a de coelho\/a cor de rosa, s\u00f3 pode resultar bem![\/vc_column_text][\/vc_column][vc_column width=&#8221;5\/12&#8243;][vc_row_inner][vc_column_inner [&hellip;]<\/p>\n","protected":false},"author":1,"featured_media":0,"parent":3694,"menu_order":0,"comment_status":"closed","ping_status":"closed","template":"","meta":{"footnotes":""},"_links":{"self":[{"href":"https:\/\/azen.pt\/pt-pt\/wp-json\/wp\/v2\/pages\/3616"}],"collection":[{"href":"https:\/\/azen.pt\/pt-pt\/wp-json\/wp\/v2\/pages"}],"about":[{"href":"https:\/\/azen.pt\/pt-pt\/wp-json\/wp\/v2\/types\/page"}],"author":[{"embeddable":true,"href":"https:\/\/azen.pt\/pt-pt\/wp-json\/wp\/v2\/users\/1"}],"replies":[{"embeddable":true,"href":"https:\/\/azen.pt\/pt-pt\/wp-json\/wp\/v2\/comments?post=3616"}],"version-history":[{"count":11,"href":"https:\/\/azen.pt\/pt-pt\/wp-json\/wp\/v2\/pages\/3616\/revisions"}],"predecessor-version":[{"id":4381,"href":"https:\/\/azen.pt\/pt-pt\/wp-json\/wp\/v2\/pages\/3616\/revisions\/4381"}],"up":[{"embeddable":true,"href":"https:\/\/azen.pt\/pt-pt\/wp-json\/wp\/v2\/pages\/3694"}],"wp:attachment":[{"href":"https:\/\/azen.pt\/pt-pt\/wp-json\/wp\/v2\/media?parent=3616"}],"curies":[{"name":"wp","href":"https:\/\/api.w.org\/{rel}","templated":true}]}}