{"id":3583,"date":"2018-02-18T10:21:53","date_gmt":"2018-02-18T10:21:53","guid":{"rendered":"https:\/\/azen.connectionthemes.com\/?page_id=3583"},"modified":"2024-04-16T13:27:37","modified_gmt":"2024-04-16T13:27:37","slug":"home","status":"publish","type":"page","link":"https:\/\/azen.pt\/pt-pt\/","title":{"rendered":"Home"},"content":{"rendered":"<p>[vc_row][vc_column][rev_slider_vc alias=&#8221;rev-slider-4&#8243;][\/vc_column][\/vc_row][vc_row css=&#8221;.vc_custom_1659545825682{padding-top: 100px !important;}&#8221;][vc_column width=&#8221;1\/2&#8243; el_class=&#8221;homeProject-sec&#8221;][vc_single_image image=&#8221;3378&#8243; img_size=&#8221;600&#215;400&#8243; alignment=&#8221;center&#8221; style=&#8221;vc_box_shadow&#8221; onclick=&#8221;custom_link&#8221; link=&#8221;https:\/\/azen.pt\/pt-pt\/azen-cool-house\/&#8221;][\/vc_column][vc_column width=&#8221;1\/2&#8243;][vc_single_image image=&#8221;3376&#8243; img_size=&#8221;600&#215;400&#8243; alignment=&#8221;center&#8221; style=&#8221;vc_box_shadow&#8221; onclick=&#8221;custom_link&#8221; link=&#8221;https:\/\/azen.pt\/pt-pt\/azen-cool-padel\/&#8221;][\/vc_column][vc_column][vc_single_image image=&#8221;3390&#8243; img_size=&#8221;600&#215;400&#8243; alignment=&#8221;center&#8221; style=&#8221;vc_box_shadow&#8221; onclick=&#8221;custom_link&#8221; link=&#8221;https:\/\/azen.pt\/pt-pt\/azen-park\/&#8221;][\/vc_column][\/vc_row][vc_row css=&#8221;.vc_custom_1659454855092{padding-top: 100px !important;}&#8221;][vc_column width=&#8221;1\/2&#8243;]\t\t\t<div\r\n\t\t\t\tclass=\"main_title  text-left  \">\r\n\t\t\t\t<h2 class=\"title\">Sobre N\u00f3s<\/h2>\r\n\t\t\t\t\t\t\t<\/div>\r\n\t\t[vc_column_text]<\/p>\n<div>Uma casa, uma fam\u00edlia Coelho v\u00e1rias gera\u00e7\u00f5es e um ideal de vida, um preceito perfeito para surgir a Azen. Um B&amp;B muito cool. Para al\u00e9m dos 5 quartos na casa principal, temos 4 bungalows.<\/div>\n<div>Queremos que se sintam em vossa na nossa casa. Do que precisam?<\/div>\n<div>Todas as unidades t\u00eam casa de banho e o pequeno almo\u00e7o est\u00e1 inclu\u00eddo. O Atl\u00e2ntico a 300m. Uma piscina no jardim.<\/div>\n<div>Relaxar na rede do jardim ou \u00e0 lareira, jogar na sala de jogos, ou queimar energia no gym corner, no clube de padel t\u00e9nis ou no campo de volleyball\/ beachtennis.<\/div>\n<div>Por tudo isto, e muito mais , feel good feel at home&#8230;<\/div>\n<p>[\/vc_column_text][\/vc_column][vc_column width=&#8221;1\/2&#8243;]\r\n        <div class=\"image-3d-effect\">\r\n          <div class=\"side left\"><\/div>\r\n          <div class=\"side right\"><\/div>\r\n          <div class=\"images\">\r\n                        <div class=\"front-image\" style=\"background-image: url(https:\/\/azen.pt\/wp-content\/uploads\/2022\/08\/fron-scaled.jpg)\"><\/div>\r\n                                    <div class=\"back-image\" style=\"background-image: url(https:\/\/azen.pt\/wp-content\/uploads\/2022\/08\/back-scaled.jpg)\"><\/div>\r\n                      <\/div>\r\n        <\/div>\r\n\r\n\r\n\r\n        [\/vc_column][\/vc_row][vc_row full_width=&#8221;stretch_row&#8221; disable_element=&#8221;yes&#8221; css=&#8221;.vc_custom_1659546283329{padding-top: 100px !important;padding-bottom: 70px !important;}&#8221;][vc_column]\t\t\t<div\r\n\t\t\t\tclass=\"main_title  text-center  \">\r\n\t\t\t\t<h2 class=\"title\">OUR FAVORITE ROOMS<\/h2>\r\n\t\t\t\t\t\t\t\t\t<p class=\"main_description\">Check out now our best rooms<\/p>\r\n\t\t\t\t\t\t\t<\/div>\r\n\t\t\n            <div class=\"row flex-row\">\n\t                                      <!-- Room Item -->\n                      <div class=\"col-lg-6 col-sm-6\">\n\n                      \r\n<div class=\"room-item \">\r\n\r\n    <figure class=\"room-image gradient-overlay overlay-opacity-02 slide-right-hover\">\r\n                <a href=\"https:\/\/azen.pt\/pt-pt\/rooms\/triplo-quarto-surf\/\">\r\n            <img src=\"https:\/\/azen.pt\/wp-content\/uploads\/2020\/05\/P498549-min-720x470.jpeg\" alt=\"Triplo: Quarto Surf\">\r\n        <\/a>\r\n    <\/figure>\r\n\r\n    <div class=\"room-details\">\r\n\r\n        <h3 class=\"room-title\">\r\n            <a href=\"https:\/\/azen.pt\/pt-pt\/rooms\/triplo-quarto-surf\/\">Triplo: Quarto Surf<\/a>\r\n        <\/h3>\r\n\r\n        \r\n<div class=\"room-services\">\r\n    <div class=\"dragscroll\">\r\n\r\n        <div class=\"room-service-item\" data-toggle=\"popover\" data-placement=\"top\" data-trigger=\"hover\" data-content=\"Pequeno-almo\u00e7o inclu\u00eddo\" data-original-title=\"Pequeno-Almo\u00e7o\">\r\n                            <i class=\"fa fa-cutlery\"><\/i>\r\n                    <\/div>\r\n\r\n            <div class=\"room-service-item\" data-toggle=\"popover\" data-placement=\"top\" data-trigger=\"hover\" data-content=\"Secador do cabelo Inclu\u00eddo\" data-original-title=\"Secador de cabelo\">\r\n                            <i class=\"fa fa-female\"><\/i>\r\n                    <\/div>\r\n\r\n            <div class=\"room-service-item\" data-toggle=\"popover\" data-placement=\"top\" data-trigger=\"hover\" data-content=\"Tv inclu\u00edda\" data-original-title=\"TV de tela plana\">\r\n                            <i class=\"fas fa-tv\"><\/i>\r\n                    <\/div>\r\n\r\n            <div class=\"room-service-item\" data-toggle=\"popover\" data-placement=\"top\" data-trigger=\"hover\" data-content=\"Wi-Fi Included\" data-original-title=\"Wi-Fi\">\r\n                            <i class=\"fas fa-wifi\"><\/i>\r\n                    <\/div>\r\n\r\n            <div class=\"room-service-item\" data-toggle=\"popover\" data-placement=\"top\" data-trigger=\"hover\" data-content=\"Ar condicionado\" data-original-title=\"Ar condicionado\">\r\n                            <i class=\"fa fa-snowflake-o\"><\/i>\r\n                    <\/div>\r\n\r\n            <div class=\"room-service-item\" data-toggle=\"popover\" data-placement=\"top\" data-trigger=\"hover\" data-content=\"Varanda Privada\" data-original-title=\"Varanda privada\">\r\n                            <i class=\"fa fa-eye-slash\"><\/i>\r\n                    <\/div>\r\n\r\n            <div class=\"room-service-item\" data-toggle=\"popover\" data-placement=\"top\" data-trigger=\"hover\" data-content=\"Chaleira inclu\u00edda\" data-original-title=\"Chaleira\">\r\n                            <i class=\"fa fa-coffee\"><\/i>\r\n                    <\/div>\r\n\r\n    \r\n    <\/div>\r\n<\/div>\r\n\r\n\r\n    <\/div>\r\n\r\n<\/div>\n                    <\/div>\n\t                                      <!-- Room Item -->\n                      <div class=\"col-lg-6 col-sm-6\">\n\n                      \r\n<div class=\"room-item \">\r\n\r\n    <figure class=\"room-image gradient-overlay overlay-opacity-02 slide-right-hover\">\r\n                <a href=\"https:\/\/azen.pt\/pt-pt\/rooms\/duplo-quarto-tenis\/\">\r\n            <img src=\"https:\/\/azen.pt\/wp-content\/uploads\/2022\/08\/Tennis-Room1-min_1-720x470.jpeg\" alt=\"Duplo: Quarto T\u00e9nis\">\r\n        <\/a>\r\n    <\/figure>\r\n\r\n    <div class=\"room-details\">\r\n\r\n        <h3 class=\"room-title\">\r\n            <a href=\"https:\/\/azen.pt\/pt-pt\/rooms\/duplo-quarto-tenis\/\">Duplo: Quarto T\u00e9nis<\/a>\r\n        <\/h3>\r\n\r\n        \r\n<div class=\"room-services\">\r\n    <div class=\"dragscroll\">\r\n\r\n        <div class=\"room-service-item\" data-toggle=\"popover\" data-placement=\"top\" data-trigger=\"hover\" data-content=\"Pequeno-almo\u00e7o inclu\u00eddo\" data-original-title=\"Pequeno-Almo\u00e7o\">\r\n                            <i class=\"fa fa-cutlery\"><\/i>\r\n                    <\/div>\r\n\r\n            <div class=\"room-service-item\" data-toggle=\"popover\" data-placement=\"top\" data-trigger=\"hover\" data-content=\"Secador do cabelo Inclu\u00eddo\" data-original-title=\"Secador de cabelo\">\r\n                            <i class=\"fa fa-female\"><\/i>\r\n                    <\/div>\r\n\r\n            <div class=\"room-service-item\" data-toggle=\"popover\" data-placement=\"top\" data-trigger=\"hover\" data-content=\"Wi-Fi Included\" data-original-title=\"Wi-Fi\">\r\n                            <i class=\"fas fa-wifi\"><\/i>\r\n                    <\/div>\r\n\r\n            <div class=\"room-service-item\" data-toggle=\"popover\" data-placement=\"top\" data-trigger=\"hover\" data-content=\"Tv inclu\u00edda\" data-original-title=\"TV de tela plana\">\r\n                            <i class=\"fas fa-tv\"><\/i>\r\n                    <\/div>\r\n\r\n            <div class=\"room-service-item\" data-toggle=\"popover\" data-placement=\"top\" data-trigger=\"hover\" data-content=\"Ar condicionado\" data-original-title=\"Ar condicionado\">\r\n                            <i class=\"fa fa-snowflake-o\"><\/i>\r\n                    <\/div>\r\n\r\n            <div class=\"room-service-item\" data-toggle=\"popover\" data-placement=\"top\" data-trigger=\"hover\" data-content=\"Varanda Privada\" data-original-title=\"Varanda privada\">\r\n                            <i class=\"fa fa-eye-slash\"><\/i>\r\n                    <\/div>\r\n\r\n            <div class=\"room-service-item\" data-toggle=\"popover\" data-placement=\"top\" data-trigger=\"hover\" data-content=\"Chaleira inclu\u00edda\" data-original-title=\"Chaleira\">\r\n                            <i class=\"fa fa-coffee\"><\/i>\r\n                    <\/div>\r\n\r\n    \r\n    <\/div>\r\n<\/div>\r\n\r\n\r\n    <\/div>\r\n\r\n<\/div>\n                    <\/div>\n\t                                      <!-- Room Item -->\n                      <div class=\"col-lg-6 col-sm-6\">\n\n                      \r\n<div class=\"room-item \">\r\n\r\n    <figure class=\"room-image gradient-overlay overlay-opacity-02 slide-right-hover\">\r\n                <a href=\"https:\/\/azen.pt\/pt-pt\/rooms\/duplo-pequeno-quarto-bicicleta\/\">\r\n            <img src=\"https:\/\/azen.pt\/wp-content\/uploads\/2022\/08\/Bike-Room3-min1-720x470.jpeg\" alt=\"Duplo Pequeno: Quarto Bicicleta\">\r\n        <\/a>\r\n    <\/figure>\r\n\r\n    <div class=\"room-details\">\r\n\r\n        <h3 class=\"room-title\">\r\n            <a href=\"https:\/\/azen.pt\/pt-pt\/rooms\/duplo-pequeno-quarto-bicicleta\/\">Duplo Pequeno: Quarto Bicicleta<\/a>\r\n        <\/h3>\r\n\r\n        \r\n<div class=\"room-services\">\r\n    <div class=\"dragscroll\">\r\n\r\n        <div class=\"room-service-item\" data-toggle=\"popover\" data-placement=\"top\" data-trigger=\"hover\" data-content=\"Pequeno-almo\u00e7o inclu\u00eddo\" data-original-title=\"Pequeno-Almo\u00e7o\">\r\n                            <i class=\"fa fa-cutlery\"><\/i>\r\n                    <\/div>\r\n\r\n            <div class=\"room-service-item\" data-toggle=\"popover\" data-placement=\"top\" data-trigger=\"hover\" data-content=\"Secador do cabelo Inclu\u00eddo\" data-original-title=\"Secador de cabelo\">\r\n                            <i class=\"fa fa-female\"><\/i>\r\n                    <\/div>\r\n\r\n            <div class=\"room-service-item\" data-toggle=\"popover\" data-placement=\"top\" data-trigger=\"hover\" data-content=\"Tv inclu\u00edda\" data-original-title=\"TV de tela plana\">\r\n                            <i class=\"fas fa-tv\"><\/i>\r\n                    <\/div>\r\n\r\n            <div class=\"room-service-item\" data-toggle=\"popover\" data-placement=\"top\" data-trigger=\"hover\" data-content=\"Ar condicionado\" data-original-title=\"Ar condicionado\">\r\n                            <i class=\"fa fa-snowflake-o\"><\/i>\r\n                    <\/div>\r\n\r\n            <div class=\"room-service-item\" data-toggle=\"popover\" data-placement=\"top\" data-trigger=\"hover\" data-content=\"Varanda Privada\" data-original-title=\"Varanda privada\">\r\n                            <i class=\"fa fa-eye-slash\"><\/i>\r\n                    <\/div>\r\n\r\n            <div class=\"room-service-item\" data-toggle=\"popover\" data-placement=\"top\" data-trigger=\"hover\" data-content=\"Wi-Fi Included\" data-original-title=\"Wi-Fi\">\r\n                            <i class=\"fas fa-wifi\"><\/i>\r\n                    <\/div>\r\n\r\n            <div class=\"room-service-item\" data-toggle=\"popover\" data-placement=\"top\" data-trigger=\"hover\" data-content=\"Chaleira inclu\u00edda\" data-original-title=\"Chaleira\">\r\n                            <i class=\"fa fa-coffee\"><\/i>\r\n                    <\/div>\r\n\r\n    \r\n    <\/div>\r\n<\/div>\r\n\r\n\r\n    <\/div>\r\n\r\n<\/div>\n                    <\/div>\n\t                                      <!-- Room Item -->\n                      <div class=\"col-lg-6 col-sm-6\">\n\n                      \r\n<div class=\"room-item \">\r\n\r\n    <figure class=\"room-image gradient-overlay overlay-opacity-02 slide-right-hover\">\r\n                <a href=\"https:\/\/azen.pt\/pt-pt\/rooms\/duplo-pequeno-quarto-boxe\/\">\r\n            <img src=\"https:\/\/azen.pt\/wp-content\/uploads\/2023\/02\/DSC00099-copy-2-720x470.jpeg\" alt=\"Duplo Pequeno: Quarto Boxe\">\r\n        <\/a>\r\n    <\/figure>\r\n\r\n    <div class=\"room-details\">\r\n\r\n        <h3 class=\"room-title\">\r\n            <a href=\"https:\/\/azen.pt\/pt-pt\/rooms\/duplo-pequeno-quarto-boxe\/\">Duplo Pequeno: Quarto Boxe<\/a>\r\n        <\/h3>\r\n\r\n        \r\n<div class=\"room-services\">\r\n    <div class=\"dragscroll\">\r\n\r\n        <div class=\"room-service-item\" data-toggle=\"popover\" data-placement=\"top\" data-trigger=\"hover\" data-content=\"Pequeno-almo\u00e7o inclu\u00eddo\" data-original-title=\"Pequeno-Almo\u00e7o\">\r\n                            <i class=\"fa fa-cutlery\"><\/i>\r\n                    <\/div>\r\n\r\n            <div class=\"room-service-item\" data-toggle=\"popover\" data-placement=\"top\" data-trigger=\"hover\" data-content=\"Secador do cabelo Inclu\u00eddo\" data-original-title=\"Secador de cabelo\">\r\n                            <i class=\"fa fa-female\"><\/i>\r\n                    <\/div>\r\n\r\n            <div class=\"room-service-item\" data-toggle=\"popover\" data-placement=\"top\" data-trigger=\"hover\" data-content=\"Tv inclu\u00edda\" data-original-title=\"TV de tela plana\">\r\n                            <i class=\"fas fa-tv\"><\/i>\r\n                    <\/div>\r\n\r\n            <div class=\"room-service-item\" data-toggle=\"popover\" data-placement=\"top\" data-trigger=\"hover\" data-content=\"Ar condicionado\" data-original-title=\"Ar condicionado\">\r\n                            <i class=\"fa fa-snowflake-o\"><\/i>\r\n                    <\/div>\r\n\r\n            <div class=\"room-service-item\" data-toggle=\"popover\" data-placement=\"top\" data-trigger=\"hover\" data-content=\"Wi-Fi Included\" data-original-title=\"Wi-Fi\">\r\n                            <i class=\"fas fa-wifi\"><\/i>\r\n                    <\/div>\r\n\r\n            <div class=\"room-service-item\" data-toggle=\"popover\" data-placement=\"top\" data-trigger=\"hover\" data-content=\"Chaleira inclu\u00edda\" data-original-title=\"Chaleira\">\r\n                            <i class=\"fa fa-coffee\"><\/i>\r\n                    <\/div>\r\n\r\n    \r\n    <\/div>\r\n<\/div>\r\n\r\n\r\n    <\/div>\r\n\r\n<\/div>\n                    <\/div>\n\t                \t                            <\/div>\n\n        [\/vc_column][\/vc_row][vc_row full_width=&#8221;stretch_row&#8221; disable_element=&#8221;yes&#8221; css=&#8221;.vc_custom_1659547154229{border-top-width: 1px !important;padding-top: 100px !important;padding-bottom: 70px !important;background-color: #f1f0ed !important;border-top-color: #ebeae9 !important;border-top-style: solid !important;}&#8221;][vc_column]\t\t\t<div\r\n\t\t\t\tclass=\"main_title  text-center  \">\r\n\t\t\t\t<h2 class=\"title\">DISCOVER GREECE<\/h2>\r\n\t\t\t\t\t\t\t\t\t<p class=\"main_description\">Places you must explore this summer<\/p>\r\n\t\t\t\t\t\t\t<\/div>\r\n\t\t\r\n  <div class=\"row\">\r\n\r\n    \r\n      \r\n          <div class=\"col-md-6 first-place\">\r\n            <div class=\"place-item\">\r\n              <figure class=\"gradient-overlay zoom-hover\">\r\n                <a href=\"https:\/\/azen.pt\/pt-pt\/places\/aulas-e-aluguer-de-surf-bodyboard\/\">\r\n                  <img src=\"https:\/\/azen.pt\/wp-content\/uploads\/2018\/03\/IMG_7933-720x470.jpeg\" class=\"img-responsive\" alt=\"Aulas e aluguer de surf\/bodyboard\">\r\n\r\n                    <h3 class=\"place-title\">Aulas e aluguer de surf\/bodyboard<\/h3>\r\n\r\n                <\/a>\r\n              <\/figure>\r\n            <\/div>\r\n          <\/div>\r\n\r\n      \r\n\t\t\r\n      \r\n          <div class=\"col-md-6 second-place\">\r\n            <div class=\"place-item\">\r\n              <figure class=\"gradient-overlay zoom-hover\">\r\n                <a href=\"https:\/\/azen.pt\/pt-pt\/places\/aluguer-de-bicicletas\/\">\r\n                  <img src=\"https:\/\/azen.pt\/wp-content\/uploads\/2022\/09\/IMG_74-copy-720x470.jpeg\" class=\"img-responsive\" alt=\"Aluguer de Bicicletas\">\r\n\r\n                    <h3 class=\"place-title\">Aluguer de Bicicletas<\/h3>\r\n\r\n                <\/a>\r\n              <\/figure>\r\n            <\/div>\r\n          <\/div>\r\n\r\n      \r\n\t\t\r\n              <div class=\"col-lg-6\">\r\n          <div class=\"row\">\r\n      \r\n          <div class=\"col-md-6 third-place\">\r\n            <div class=\"place-item\">\r\n              <figure class=\"gradient-overlay zoom-hover\">\r\n                <a href=\"https:\/\/azen.pt\/pt-pt\/places\/prova-de-vinhos\/\">\r\n                  <img src=\"https:\/\/azen.pt\/wp-content\/uploads\/2018\/04\/azen_24-720x470.jpeg\" class=\"img-responsive\" alt=\"Prova de vinhos\">\r\n\r\n                    <h3 class=\"place-title\">Prova de vinhos<\/h3>\r\n\r\n                <\/a>\r\n              <\/figure>\r\n            <\/div>\r\n          <\/div>\r\n\r\n      \r\n\t\t\r\n      \r\n          <div class=\"col-md-6 fourth-place\">\r\n            <div class=\"place-item\">\r\n              <figure class=\"gradient-overlay zoom-hover\">\r\n                <a href=\"https:\/\/azen.pt\/pt-pt\/places\/cama-elastica\/\">\r\n                  <img src=\"https:\/\/azen.pt\/wp-content\/uploads\/2018\/04\/IMG_8455-720x470.jpeg\" class=\"img-responsive\" alt=\"Cama El\u00e1stica\">\r\n\r\n                    <h3 class=\"place-title\">Cama El\u00e1stica<\/h3>\r\n\r\n                <\/a>\r\n              <\/figure>\r\n            <\/div>\r\n          <\/div>\r\n\r\n                <\/div>\r\n        <\/div>\r\n      \r\n\t\t\r\n  <\/div>\r\n\r\n    [\/vc_column][\/vc_row][vc_row full_width=&#8221;stretch_row&#8221; disable_element=&#8221;yes&#8221; css=&#8221;.vc_custom_1659449839963{padding-top: 100px !important;padding-bottom: 100px !important;background-image: url(http:\/\/demo.zantetheme.com\/wp-content\/uploads\/2018\/03\/video_bg.jpg?id=324) !important;background-position: center !important;background-repeat: no-repeat !important;background-size: cover !important;}&#8221; el_class=&#8221;gradient-overlay&#8221;][vc_column]\r\n        <div class=\"video_popup\">\r\n            <a class=\"popup-vimeo\" href=\"https:\/\/www.youtube.com\/watch?v=h3Iuf059jYY\"><i class=\"las la-play\"><\/i><\/a>\r\n        <\/div>\r\n\r\n        [\/vc_column][\/vc_row][vc_row disable_element=&#8221;yes&#8221; css=&#8221;.vc_custom_1659449833385{padding-top: 100px !important;padding-bottom: 70px !important;}&#8221;][vc_column]\t\t\t<div\r\n\t\t\t\tclass=\"main_title  text-center  \">\r\n\t\t\t\t<h2 class=\"title\">LATEST NEWS &amp; EVENTS<\/h2>\r\n\t\t\t\t\t\t\t\t\t<p class=\"main_description\">Check out our latest news &amp; events<\/p>\r\n\t\t\t\t\t\t\t<\/div>\r\n\t\t\r\n        <div class=\"latest-posts-grid\">\r\n            <div class=\"row grid-row\">\r\n                                            <\/div>\r\n\r\n          <\/div>\r\n\r\n        [\/vc_column][\/vc_row][vc_row full_width=&#8221;stretch_row&#8221; css=&#8221;.vc_custom_1659456869683{padding-top: 100px !important;padding-bottom: 100px !important;}&#8221;][vc_column]\t\t\t<div\r\n\t\t\t\tclass=\"main_title  text-center  \">\r\n\t\t\t\t<h2 class=\"title\">CONTACTOS<\/h2>\r\n\t\t\t\t\t\t\t\t\t<p class=\"main_description\">Keep in Touch<\/p>\r\n\t\t\t\t\t\t\t<\/div>\r\n\t\t<div role=\"form\" class=\"wpcf7\" id=\"wpcf7-f3813-o1\" lang=\"pt-PT\" dir=\"ltr\">\n<div class=\"screen-reader-response\"><p role=\"status\" aria-live=\"polite\" aria-atomic=\"true\"><\/p> <ul><\/ul><\/div>\n<form action=\"\/pt-pt\/wp-json\/wp\/v2\/pages\/3583#wpcf7-f3813-o1\" method=\"post\" class=\"wpcf7-form init\" novalidate=\"novalidate\" data-status=\"init\">\n<div style=\"display: none;\">\n<input type=\"hidden\" name=\"_wpcf7\" value=\"3813\" \/>\n<input type=\"hidden\" name=\"_wpcf7_version\" value=\"5.6.1\" \/>\n<input type=\"hidden\" name=\"_wpcf7_locale\" value=\"pt_PT\" \/>\n<input type=\"hidden\" name=\"_wpcf7_unit_tag\" value=\"wpcf7-f3813-o1\" \/>\n<input type=\"hidden\" name=\"_wpcf7_container_post\" value=\"0\" \/>\n<input type=\"hidden\" name=\"_wpcf7_posted_data_hash\" value=\"\" \/>\n<input type=\"hidden\" name=\"_wpcf7_recaptcha_response\" value=\"\" \/>\n<\/div>\n<div class=\"contact-page-form\">\n<div class=\"wpcf7-response-output\" aria-hidden=\"true\"><\/div>\n<div class=\"row\">\n<div class=\"form-group col-md-6\">\n    <span class=\"wpcf7-form-control-wrap\" data-name=\"your-name\"><input type=\"text\" name=\"your-name\" value=\"\" size=\"40\" class=\"wpcf7-form-control wpcf7-text wpcf7-validates-as-required form-control\" aria-required=\"true\" aria-invalid=\"false\" placeholder=\"Seu Nome\" \/><\/span>\n  <\/div>\n<div class=\"form-group col-md-6\">\n    <span class=\"wpcf7-form-control-wrap\" data-name=\"your-phone\"><input type=\"text\" name=\"your-phone\" value=\"\" size=\"40\" class=\"wpcf7-form-control wpcf7-text wpcf7-validates-as-required form-control\" aria-required=\"true\" aria-invalid=\"false\" placeholder=\"Seu telem\u00f3vel\" \/><\/span>\n  <\/div>\n<div class=\"form-group col-md-6\">\n    <span class=\"wpcf7-form-control-wrap\" data-name=\"your-email\"><input type=\"email\" name=\"your-email\" value=\"\" size=\"40\" class=\"wpcf7-form-control wpcf7-text wpcf7-email wpcf7-validates-as-required wpcf7-validates-as-email form-control\" aria-required=\"true\" aria-invalid=\"false\" placeholder=\"Seu Email\" \/><\/span>\n  <\/div>\n<div class=\"form-group col-md-6\">\n    <span class=\"wpcf7-form-control-wrap\" data-name=\"your-subject\"><input type=\"text\" name=\"your-subject\" value=\"\" size=\"40\" class=\"wpcf7-form-control wpcf7-text form-control\" aria-invalid=\"false\" placeholder=\"Assunto\" \/><\/span>\n  <\/div>\n<\/div>\n<div class=\"form-group\">\n<span class=\"wpcf7-form-control-wrap\" data-name=\"your-message\"><textarea name=\"your-message\" cols=\"40\" rows=\"10\" class=\"wpcf7-form-control wpcf7-textarea wpcf7-validates-as-required form-control\" aria-required=\"true\" aria-invalid=\"false\" placeholder=\"Sua Mensagem\"><\/textarea><\/span>\n<\/div>\n<div class=\"form-group\">\n <span class=\"wpcf7-form-control-wrap\" data-name=\"acceptance-278\"><span class=\"wpcf7-form-control wpcf7-acceptance\"><span class=\"wpcf7-list-item\"><label><input type=\"checkbox\" name=\"acceptance-278\" value=\"1\" aria-invalid=\"false\" \/><span class=\"wpcf7-list-item-label\">Aceite os Termos e Condi\u00e7\u00f5es<\/span><\/label><\/span><\/span><\/span>\n<\/div>\n<p><input type=\"submit\" value=\"Mande a sua mensagem agora\" class=\"wpcf7-form-control has-spinner wpcf7-submit button btn-lg mt30\" \/>\n<\/p><\/div>\n<\/form><\/div>[\/vc_column][\/vc_row][vc_row full_width=&#8221;stretch_row_content_no_spaces&#8221;][vc_column][vc_gmaps link=&#8221;#E-8_JTNDaWZyYW1lJTIwc3JjJTNEJTIyaHR0cHMlM0ElMkYlMkZ3d3cuZ29vZ2xlLmNvbSUyRm1hcHMlMkZlbWJlZCUzRnBiJTNEJTIxMW0xOCUyMTFtMTIlMjExbTMlMjExZDMxMDcuNDAzNjg3NDMwODgzJTIxMmQtOS40NTUyMDU4ODQ2NTExNzElMjEzZDM4Ljg0NjExNTQ3OTU3ODUzJTIxMm0zJTIxMWYwJTIxMmYwJTIxM2YwJTIxM20yJTIxMWkxMDI0JTIxMmk3NjglMjE0ZjEzLjElMjEzbTMlMjExbTIlMjExczB4ZDFlZGIyODIyZTYzYmUzJTI1M0EweDhlM2U5MmNkM2VmZjc3ZGYlMjEyc0F6ZW4lMjUyMENvb2wlMjUyMEhvdXNlJTIxNWUwJTIxM20yJTIxMXNlbiUyMTJzcHQlMjE0djE2NTk1Mzc1Njk1MTQlMjE1bTIlMjExc2VuJTIxMnNwdCUyMiUyMHdpZHRoJTNEJTIyNjAwJTIyJTIwaGVpZ2h0JTNEJTIyNDUwJTIyJTIwc3R5bGUlM0QlMjJib3JkZXIlM0EwJTNCJTIyJTIwYWxsb3dmdWxsc2NyZWVuJTNEJTIyJTIyJTIwbG9hZGluZyUzRCUyMmxhenklMjIlMjByZWZlcnJlcnBvbGljeSUzRCUyMm5vLXJlZmVycmVyLXdoZW4tZG93bmdyYWRlJTIyJTNFJTNDJTJGaWZyYW1lJTNF&#8221;][\/vc_column][\/vc_row]<\/p>\n","protected":false},"excerpt":{"rendered":"<p>[vc_row][vc_column][rev_slider_vc alias=&#8221;rev-slider-4&#8243;][\/vc_column][\/vc_row][vc_row css=&#8221;.vc_custom_1659545825682{padding-top: 100px !important;}&#8221;][vc_column width=&#8221;1\/2&#8243; el_class=&#8221;homeProject-sec&#8221;][vc_single_image image=&#8221;3378&#8243; img_size=&#8221;600&#215;400&#8243; alignment=&#8221;center&#8221; style=&#8221;vc_box_shadow&#8221; onclick=&#8221;custom_link&#8221; link=&#8221;https:\/\/azen.pt\/pt-pt\/azen-cool-house\/&#8221;][\/vc_column][vc_column width=&#8221;1\/2&#8243;][vc_single_image image=&#8221;3376&#8243; img_size=&#8221;600&#215;400&#8243; alignment=&#8221;center&#8221; style=&#8221;vc_box_shadow&#8221; onclick=&#8221;custom_link&#8221; link=&#8221;https:\/\/azen.pt\/pt-pt\/azen-cool-padel\/&#8221;][\/vc_column][vc_column][vc_single_image image=&#8221;3390&#8243; img_size=&#8221;600&#215;400&#8243; alignment=&#8221;center&#8221; style=&#8221;vc_box_shadow&#8221; onclick=&#8221;custom_link&#8221; link=&#8221;https:\/\/azen.pt\/pt-pt\/azen-park\/&#8221;][\/vc_column][\/vc_row][vc_row css=&#8221;.vc_custom_1659454855092{padding-top: 100px !important;}&#8221;][vc_column width=&#8221;1\/2&#8243;][vc_column_text] Uma casa, uma fam\u00edlia Coelho v\u00e1rias gera\u00e7\u00f5es e um ideal de vida, um preceito perfeito para surgir a Azen. Um B&amp;B muito cool. Para al\u00e9m [&hellip;]<\/p>\n","protected":false},"author":1,"featured_media":0,"parent":0,"menu_order":0,"comment_status":"closed","ping_status":"closed","template":"","meta":{"footnotes":""},"_links":{"self":[{"href":"https:\/\/azen.pt\/pt-pt\/wp-json\/wp\/v2\/pages\/3583"}],"collection":[{"href":"https:\/\/azen.pt\/pt-pt\/wp-json\/wp\/v2\/pages"}],"about":[{"href":"https:\/\/azen.pt\/pt-pt\/wp-json\/wp\/v2\/types\/page"}],"author":[{"embeddable":true,"href":"https:\/\/azen.pt\/pt-pt\/wp-json\/wp\/v2\/users\/1"}],"replies":[{"embeddable":true,"href":"https:\/\/azen.pt\/pt-pt\/wp-json\/wp\/v2\/comments?post=3583"}],"version-history":[{"count":18,"href":"https:\/\/azen.pt\/pt-pt\/wp-json\/wp\/v2\/pages\/3583\/revisions"}],"predecessor-version":[{"id":4255,"href":"https:\/\/azen.pt\/pt-pt\/wp-json\/wp\/v2\/pages\/3583\/revisions\/4255"}],"wp:attachment":[{"href":"https:\/\/azen.pt\/pt-pt\/wp-json\/wp\/v2\/media?parent=3583"}],"curies":[{"name":"wp","href":"https:\/\/api.w.org\/{rel}","templated":true}]}}